{"id":14788,"date":"2018-12-11T09:29:39","date_gmt":"2018-12-11T08:29:39","guid":{"rendered":"https:\/\/tuttostore.com\/prodotto\/castello-gonfiabile-draghetto\/"},"modified":"2025-06-09T14:21:36","modified_gmt":"2025-06-09T12:21:36","slug":"castello-gonfiabile-draghetto","status":"publish","type":"product","link":"https:\/\/tuttostore.com\/de\/produkt\/castello-gonfiabile-draghetto\/","title":{"rendered":"Drachen-H\u00fcpfburg"},"content":{"rendered":"<h1>Drachen-H\u00fcpfburg<\/h1>\n<p>Drachen-H\u00fcpfburg<\/p>\n<p>Wenn Sie die m\u00e4rchenhafte Atmosph\u00e4re von Drachen, Wolken und klarem Himmel den Prinzen und Prinzessinnen und ihrer komplizierten Zauberwelt vorziehen, ist DRAGHETTO das richtige Schloss f\u00fcr Sie und wird Ihre Kinder dank seines Multi-Aktivit\u00e4tsprogramms mit Sicherheit nicht entt\u00e4uschen: von der Rutsche mit Tunnel \u00fcber das 30-Ball-Becken bis hin zur H\u00fcpfburg und dem Schie\u00dfstand!<\/p>\n<p>Das Schlauchboot wird komplett geliefert mit:<\/p>\n<ul>\n<li>MOTOR<\/li>\n<li>TRAGETASCHE<\/li>\n<li>Heringe zur Verankerung im Boden<\/li>\n<li>REPARATURSATZ<\/li>\n<\/ul>\n<p>&nbsp;<\/p>\n<p>H\u00fcpfburgen f\u00fcr endlosen Spa\u00df f\u00fcr alle. Happy-Hop-H\u00fcpfburgen erfreuen sich zunehmender Beliebtheit bei Eltern und bieten ein schnelles und einfaches Spielsystem, das allen Spa\u00df macht. Jedes Modell ist eine Welt f\u00fcr sich und bietet vielf\u00e4ltige Unterhaltungsm\u00f6glichkeiten, darunter Rutschen, H\u00fcpfburgen, Basketballk\u00f6rbe, B\u00e4lle, Planschbecken und vieles mehr.<\/p>\n<div>\n<p>UNSER UNTERNEHMEN<\/p>\n<p>Alle HAPPY HOP-Schlauchboote garantieren einen hohen Sicherheitsstandard dank der speziellen Sicherheitsnetze an allen Seiten, der h\u00f6heren verst\u00e4rkten W\u00e4nde, der Doppeln\u00e4hte an den Verbindungsstellen und dem Fehlen scharfer Kanten.<\/p>\n<p>Kinder k\u00f6nnen hier sicher springen, rutschen und klettern und dabei ihrer Energie und Spiellust freien Lauf lassen.<\/p>\n<p>Die innere Struktur besteht aus Luftkammern, die beim Springen und Spielen der Kinder f\u00fcr einen gleichm\u00e4\u00dfigen Luftstrom \u00fcber die gesamte Oberfl\u00e4che der Burg sorgen.<\/p>\n<p>Kleine L\u00f6cher (1-2 cm) beeintr\u00e4chtigen die Nutzung NICHT, stellen keine Gefahr dar und k\u00f6nnen mit dem speziellen Reparaturset, das jeder Packung beiliegt, repariert werden.<\/p>\n<p>&nbsp;<\/p>\n<div>\n<div>\n<p>Klicken <a href=\"https:\/\/tuttostore.com\/de\/vendor\/happy-air-ltd\/\">Hier<\/a> um alle Produkte von Happy Air LTD zu entdecken<\/p>\n<\/div>\n<\/div>\n<div>Klicken <a href=\"https:\/\/www.happyair.it\/\">Hier<\/a> um die Homepage von <span style=\"display: inline !important; float: none; background-color: transparent; color: #49616b; cursor: text; font-family: Georgia,'Times New Roman','Bitstream Charter',Times,serif; font-size: 16px; font-style: normal; font-variant: normal; font-weight: 400; letter-spacing: normal; orphans: 2; text-align: left; text-decoration: none; text-indent: 0px; text-transform: none; -webkit-text-stroke-width: 0px; white-space: normal; word-spacing: 0px;\">Happy Air LTD<\/span><\/div>\n<\/div>","protected":false},"excerpt":{"rendered":"<pre><em><span style=\"color: #ff0000;\"><b><span style=\"font-family: Verdana; font-size: small;\">ACHTUNG LETZTE ST\u00dcCKE VERF\u00dcGBAR!!<\/span><\/b><\/span><\/em><\/pre>\n<p><b><span style=\"font-family: Verdana; font-size: small;\">Technische Eigenschaften<\/span><\/b><\/p>\n<p><strong>Abmessungen:<\/strong>\u00a035<span class=\"fs16 ff2 cf3\">0x350x245 cm<\/span><br \/>\n<strong>Kartonabmessungen:<\/strong>\u00a072<span class=\"fs16 ff2 cf3\">x45x43 cm<\/span><br \/>\n<strong>Gewicht:<\/strong> <span class=\"ff2 fs16 cf3\">14,00 kg<\/span><br \/>\n<strong>F\u00fcr Kinder <\/strong><span class=\"ff2 fs16 cf3\">ab 3 Jahren \u2013 150 cm H\u00f6he<br \/>\n<strong>Reichweite:<\/strong>\u00a0135 kg max<\/span><\/p>","protected":false},"featured_media":16260,"comment_status":"open","ping_status":"closed","template":"","meta":{"_acf_changed":false},"product_brand":[],"product_cat":[3898],"product_tag":[1026,1029,1030],"class_list":{"0":"post-14788","1":"product","2":"type-product","3":"status-publish","4":"has-post-thumbnail","6":"product_cat-sport-e-tempo-libero","7":"product_tag-castello-gonfiabile-castello-xxl","8":"product_tag-castello-gonfiabile-draghetto","9":"product_tag-castello-gonfiabile-medioevo-13-in-1","10":"product_shipping_class-happy-air","11":"pa_vendors-happy-air-ltd","13":"first","14":"instock","15":"taxable","16":"shipping-taxable","17":"purchasable","18":"product-type-simple","swatches":"rey-swatches","show_selected":""},"acf":[],"_links":{"self":[{"href":"https:\/\/tuttostore.com\/de\/wp-json\/wp\/v2\/product\/14788","targetHints":{"allow":["GET"]}}],"collection":[{"href":"https:\/\/tuttostore.com\/de\/wp-json\/wp\/v2\/product"}],"about":[{"href":"https:\/\/tuttostore.com\/de\/wp-json\/wp\/v2\/types\/product"}],"replies":[{"embeddable":true,"href":"https:\/\/tuttostore.com\/de\/wp-json\/wp\/v2\/comments?post=14788"}],"wp:featuredmedia":[{"embeddable":true,"href":"https:\/\/tuttostore.com\/de\/wp-json\/wp\/v2\/media\/16260"}],"wp:attachment":[{"href":"https:\/\/tuttostore.com\/de\/wp-json\/wp\/v2\/media?parent=14788"}],"wp:term":[{"taxonomy":"product_brand","embeddable":true,"href":"https:\/\/tuttostore.com\/de\/wp-json\/wp\/v2\/product_brand?post=14788"},{"taxonomy":"product_cat","embeddable":true,"href":"https:\/\/tuttostore.com\/de\/wp-json\/wp\/v2\/product_cat?post=14788"},{"taxonomy":"product_tag","embeddable":true,"href":"https:\/\/tuttostore.com\/de\/wp-json\/wp\/v2\/product_tag?post=14788"}],"curies":[{"name":"wp","href":"https:\/\/api.w.org\/{rel}","templated":true}]}}