{"id":14791,"date":"2018-12-11T10:25:42","date_gmt":"2018-12-11T09:25:42","guid":{"rendered":"https:\/\/tuttostore.com\/prodotto\/castello-gonfiabile-salterello-top\/"},"modified":"2025-06-09T14:17:16","modified_gmt":"2025-06-09T12:17:16","slug":"castello-gonfiabile-salterello-top","status":"publish","type":"product","link":"https:\/\/tuttostore.com\/de\/produkt\/castello-gonfiabile-salterello-top\/","title":{"rendered":"Top H\u00fcpfburg"},"content":{"rendered":"<h1>Top H\u00fcpfburg<\/h1>\n<p>Top H\u00fcpfburg<\/p>\n<p>Der kleine Bruder des Happy Hop, das Salterello Top von Action Air, entstand aus der Notwendigkeit, Produktsicherheit und Zuverl\u00e4ssigkeit mit einer f\u00fcr jedermann erschwinglichen Preisklasse in Einklang zu bringen, insbesondere f\u00fcr Familien mit einem oder mehreren unterhaltsberechtigten Kindern.<br \/>\nMit seiner mittelgro\u00dfen Sprungfl\u00e4che ist es das kleinste und g\u00fcnstigste aufblasbare Nylon- und PVC-Modell, das derzeit auf dem Markt erh\u00e4ltlich ist.<\/p>\n<p>Das Schlauchboot wird komplett geliefert mit:<\/p>\n<ul>\n<li>MOTOR<\/li>\n<li>TRAGETASCHE<\/li>\n<li>Heringe zur Verankerung im Boden<\/li>\n<li>REPARATURSATZ<\/li>\n<\/ul>\n<p>&nbsp;<\/p>\n<p>H\u00fcpfburgen f\u00fcr endlosen Spa\u00df f\u00fcr alle. Happy-Hop-H\u00fcpfburgen erfreuen sich zunehmender Beliebtheit bei Eltern und bieten ein schnelles und einfaches Spielsystem, das allen Spa\u00df macht. Jedes Modell ist eine Welt f\u00fcr sich und bietet vielf\u00e4ltige Unterhaltungsm\u00f6glichkeiten, darunter Rutschen, H\u00fcpfburgen, Basketballk\u00f6rbe, B\u00e4lle, Planschbecken und vieles mehr.<\/p>\n<div>\n<p>UNSER UNTERNEHMEN<\/p>\n<p>Alle HAPPY HOP-Schlauchboote garantieren einen hohen Sicherheitsstandard dank der speziellen Sicherheitsnetze an allen Seiten, der h\u00f6heren verst\u00e4rkten W\u00e4nde, der Doppeln\u00e4hte an den Verbindungsstellen und dem Fehlen scharfer Kanten.<\/p>\n<p>Kinder k\u00f6nnen hier sicher springen, rutschen und klettern und dabei ihrer Energie und Spiellust freien Lauf lassen.<\/p>\n<p>Die innere Struktur besteht aus Luftkammern, die beim Springen und Spielen der Kinder f\u00fcr einen gleichm\u00e4\u00dfigen Luftstrom \u00fcber die gesamte Oberfl\u00e4che der Burg sorgen.<\/p>\n<p>Kleine L\u00f6cher (1-2 cm) beeintr\u00e4chtigen die Nutzung NICHT, stellen keine Gefahr dar und k\u00f6nnen mit dem speziellen Reparaturset, das jeder Packung beiliegt, repariert werden.<\/p>\n<p>&nbsp;<\/p>\n<div>\n<div>\n<p>Klicken <a href=\"https:\/\/tuttostore.com\/de\/vendor\/happy-air-ltd\/\">Hier<\/a> um alle Produkte von Happy Air LTD zu entdecken<\/p>\n<\/div>\n<\/div>\n<div>Klicken <a href=\"https:\/\/www.happyair.it\/\">Hier<\/a> um die Homepage von <span style=\"display: inline !important; float: none; background-color: transparent; color: #49616b; cursor: text; font-family: Georgia,'Times New Roman','Bitstream Charter',Times,serif; font-size: 16px; font-style: normal; font-variant: normal; font-weight: 400; letter-spacing: normal; orphans: 2; text-align: left; text-decoration: none; text-indent: 0px; text-transform: none; -webkit-text-stroke-width: 0px; white-space: normal; word-spacing: 0px;\">Happy Air LTD<\/span><\/div>\n<\/div>","protected":false},"excerpt":{"rendered":"<p><b><span style=\"font-family: Verdana; font-size: small;\">Technische Eigenschaften<\/span><\/b><\/p>\n<p><strong>Abmessungen:<\/strong> <span class=\"fs16 ff2 cf3\">200x200x160 cm<\/span><br \/>\n<strong>Kartonabmessungen:<\/strong> <span class=\"fs16 ff2 cf3\">32x32x46 cm<\/span><br \/>\n<strong>Gewicht:<\/strong> <span class=\"ff2 fs16 cf3\">14,00 kg<\/span><br \/>\n<strong>F\u00fcr Kinder <\/strong><span class=\"ff2 fs16 cf3\">ab 3 Jahren \u2013 150 cm H\u00f6he<br \/>\n<strong>Reichweite:<\/strong>\u00a068 kg max<\/span><\/p>","protected":false},"featured_media":16269,"comment_status":"open","ping_status":"closed","template":"","meta":{"_acf_changed":false},"product_brand":[],"product_cat":[3898],"product_tag":[1032],"class_list":{"0":"post-14791","1":"product","2":"type-product","3":"status-publish","4":"has-post-thumbnail","6":"product_cat-sport-e-tempo-libero","7":"product_tag-castello-gonfiabile-salterello-top","8":"product_shipping_class-happy-air","9":"pa_vendors-happy-air-ltd","11":"first","12":"instock","13":"taxable","14":"shipping-taxable","15":"purchasable","16":"product-type-simple","swatches":"rey-swatches","show_selected":""},"acf":[],"_links":{"self":[{"href":"https:\/\/tuttostore.com\/de\/wp-json\/wp\/v2\/product\/14791","targetHints":{"allow":["GET"]}}],"collection":[{"href":"https:\/\/tuttostore.com\/de\/wp-json\/wp\/v2\/product"}],"about":[{"href":"https:\/\/tuttostore.com\/de\/wp-json\/wp\/v2\/types\/product"}],"replies":[{"embeddable":true,"href":"https:\/\/tuttostore.com\/de\/wp-json\/wp\/v2\/comments?post=14791"}],"wp:featuredmedia":[{"embeddable":true,"href":"https:\/\/tuttostore.com\/de\/wp-json\/wp\/v2\/media\/16269"}],"wp:attachment":[{"href":"https:\/\/tuttostore.com\/de\/wp-json\/wp\/v2\/media?parent=14791"}],"wp:term":[{"taxonomy":"product_brand","embeddable":true,"href":"https:\/\/tuttostore.com\/de\/wp-json\/wp\/v2\/product_brand?post=14791"},{"taxonomy":"product_cat","embeddable":true,"href":"https:\/\/tuttostore.com\/de\/wp-json\/wp\/v2\/product_cat?post=14791"},{"taxonomy":"product_tag","embeddable":true,"href":"https:\/\/tuttostore.com\/de\/wp-json\/wp\/v2\/product_tag?post=14791"}],"curies":[{"name":"wp","href":"https:\/\/api.w.org\/{rel}","templated":true}]}}