{"id":14795,"date":"2018-12-11T13:25:36","date_gmt":"2018-12-11T12:25:36","guid":{"rendered":"https:\/\/tuttostore.com\/prodotto\/mr-coccodrillo\/"},"modified":"2025-06-09T14:19:54","modified_gmt":"2025-06-09T12:19:54","slug":"mr-coccodrillo","status":"publish","type":"product","link":"https:\/\/tuttostore.com\/de\/produkt\/mr-coccodrillo\/","title":{"rendered":"Herr Krokodil"},"content":{"rendered":"<h1>Herr Krokodil<\/h1>\n<p>Herr Krokodil<\/p>\n<p>Herr Krokodil, das erste Reptil, das nicht weint, sondern l\u00e4chelt ... Und aus seinem 13-zahnigen L\u00e4cheln str\u00f6men Kinder mit einem ebenso selbstgef\u00e4lligen Grinsen!<br \/>\nPerfekte Synthese zwischen den beiden Veteranen Wasserpark und<br \/>\nAcquafun, dieses Schloss bietet den zus\u00e4tzlichen Charme seiner Umgebung und seiner Farben.<br \/>\nVerpassen Sie nicht die Saga\u00a0<em>Australischer Stil<\/em>\u2026folgen Sie dem Logo!<\/p>\n<p>AUCH OHNE WASSER VERWENDBAR!<br \/>\nAUCH IM WINTER GEEIGNET.<\/p>\n<p>Das Schlauchboot wird komplett geliefert mit:<br \/>\n- MOTOR<br \/>\n\u2013 TRAGETASCHE<br \/>\n\u2013 Heringe zur Verankerung im Boden<br \/>\n\u2013 REPARATURSATZ<br \/>\n\u2013 TROCKENE SCHIEBEABDECKUNGEN<\/p>\n<p><span style=\"font-family: Calibri;\"><span style=\"color: #000000;\">\u00a0<\/span><\/span><\/p>\n<div>\n<p>UNSER UNTERNEHMEN<\/p>\n<p>Alle HAPPY HOP-Schlauchboote garantieren einen hohen Sicherheitsstandard dank der speziellen Sicherheitsnetze an allen Seiten, der h\u00f6heren verst\u00e4rkten W\u00e4nde, der Doppeln\u00e4hte an den Verbindungsstellen und dem Fehlen scharfer Kanten.<\/p>\n<p>Kinder k\u00f6nnen hier sicher springen, rutschen und klettern und dabei ihrer Energie und Spiellust freien Lauf lassen.<\/p>\n<p>Die innere Struktur besteht aus Luftkammern, die beim Springen und Spielen der Kinder f\u00fcr einen gleichm\u00e4\u00dfigen Luftstrom \u00fcber die gesamte Oberfl\u00e4che der Burg sorgen.<\/p>\n<p>Kleine L\u00f6cher (1-2 cm) beeintr\u00e4chtigen die Nutzung NICHT, stellen keine Gefahr dar und k\u00f6nnen mit dem speziellen Reparaturset, das jeder Packung beiliegt, repariert werden.<\/p>\n<p>&nbsp;<\/p>\n<div>\n<div>\n<p>Klicken <a href=\"https:\/\/tuttostore.com\/de\/vendor\/happy-air-ltd\/\">Hier<\/a> um alle Produkte von Happy Air LTD zu entdecken<\/p>\n<\/div>\n<\/div>\n<div>Klicken <a href=\"https:\/\/www.happyair.it\/\">Hier<\/a> um die Homepage von <span style=\"display: inline !important; float: none; background-color: transparent; color: #49616b; cursor: text; font-family: Georgia,'Times New Roman','Bitstream Charter',Times,serif; font-size: 16px; font-style: normal; font-variant: normal; font-weight: 400; letter-spacing: normal; orphans: 2; text-align: left; text-decoration: none; text-indent: 0px; text-transform: none; -webkit-text-stroke-width: 0px; white-space: normal; word-spacing: 0px;\">Happy Air LTD<\/span><\/div>\n<\/div>","protected":false},"excerpt":{"rendered":"<p><b><span style=\"font-family: Verdana; font-size: small;\">Technische Eigenschaften<\/span><\/b><\/p>\n<p><strong>Abmessungen:<\/strong>\u00a0<span class=\"fs16 ff2 cf3\">570x510x240 cm<\/span><br \/>\n<strong>Kartonabmessungen:<\/strong> <span class=\"fs16 ff2 cf3\">93x45x43 cm<\/span><br \/>\n<strong>Gewicht:<\/strong> <span class=\"ff2 fs16 cf3\">35,0 kg<\/span><br \/>\n<strong>F\u00fcr Kinder <\/strong><span class=\"ff2 fs16 cf3\">ab 3 Jahren \u2013 150 cm H\u00f6he<br \/>\n<strong>Reichweite:<\/strong> 135 kg max<\/span><\/p>","protected":false},"featured_media":16272,"comment_status":"open","ping_status":"closed","template":"","meta":{"_acf_changed":false},"product_brand":[],"product_cat":[3898],"product_tag":[1026,1027,1036,1037],"class_list":{"0":"post-14795","1":"product","2":"type-product","3":"status-publish","4":"has-post-thumbnail","6":"product_cat-sport-e-tempo-libero","7":"product_tag-castello-gonfiabile-castello-xxl","8":"product_tag-castello-gonfiabile-mega-scivolo-combo","9":"product_tag-happyair","10":"product_tag-mr-coccodrillo","11":"product_shipping_class-happy-air","12":"pa_vendors-happy-air-ltd","14":"first","15":"instock","16":"taxable","17":"shipping-taxable","18":"purchasable","19":"product-type-simple","swatches":"rey-swatches","show_selected":""},"acf":[],"_links":{"self":[{"href":"https:\/\/tuttostore.com\/de\/wp-json\/wp\/v2\/product\/14795","targetHints":{"allow":["GET"]}}],"collection":[{"href":"https:\/\/tuttostore.com\/de\/wp-json\/wp\/v2\/product"}],"about":[{"href":"https:\/\/tuttostore.com\/de\/wp-json\/wp\/v2\/types\/product"}],"replies":[{"embeddable":true,"href":"https:\/\/tuttostore.com\/de\/wp-json\/wp\/v2\/comments?post=14795"}],"wp:featuredmedia":[{"embeddable":true,"href":"https:\/\/tuttostore.com\/de\/wp-json\/wp\/v2\/media\/16272"}],"wp:attachment":[{"href":"https:\/\/tuttostore.com\/de\/wp-json\/wp\/v2\/media?parent=14795"}],"wp:term":[{"taxonomy":"product_brand","embeddable":true,"href":"https:\/\/tuttostore.com\/de\/wp-json\/wp\/v2\/product_brand?post=14795"},{"taxonomy":"product_cat","embeddable":true,"href":"https:\/\/tuttostore.com\/de\/wp-json\/wp\/v2\/product_cat?post=14795"},{"taxonomy":"product_tag","embeddable":true,"href":"https:\/\/tuttostore.com\/de\/wp-json\/wp\/v2\/product_tag?post=14795"}],"curies":[{"name":"wp","href":"https:\/\/api.w.org\/{rel}","templated":true}]}}