{"id":14838,"date":"2018-12-17T14:29:14","date_gmt":"2018-12-17T13:29:14","guid":{"rendered":"https:\/\/tuttostore.com\/prodotto\/tripla-corona-36-kw-coperchi-blu\/"},"modified":"2025-07-15T10:19:05","modified_gmt":"2025-07-15T08:19:05","slug":"tripla-corona-36-kw-coperchi-blu","status":"publish","type":"product","link":"https:\/\/tuttostore.com\/de\/produkt\/tripla-corona-36-kw-coperchi-blu\/","title":{"rendered":"Triple Crown 3,6 KW blaue Deckel"},"content":{"rendered":"<h1>Triple Crown 3,6 KW blaue Deckel<\/h1>\n<p>Triple Crown 3,6 KW blaue Deckel<\/p>\n<p><strong>Dreifachkronenbrenner<br \/>\n<\/strong><br \/>\nDie TRIPLE CROWN-Brenner wurden entwickelt, um die W\u00e4rmeverteilung zu verbessern und so f\u00fcr ein gleichm\u00e4\u00dfiges Garen der Speisen zu sorgen, w\u00e4hrend sich die Hitze bei anderen Brennertypen auf die Au\u00dfenseite der Pfanne konzentriert.<br \/>\nSie eignen sich auch besonders f\u00fcr die typischen Kochmethoden fern\u00f6stlicher M\u00e4rkte. F\u00fcr diese Kochart ben\u00f6tigt der gro\u00dfe Wok mit konkavem Boden eine hohe, gleichm\u00e4\u00dfige Flamme sowohl in der Mitte als auch am Rand. Dies wird durch die drei konzentrischen Flammenringe der TRIPLE CROWN-Brenner gew\u00e4hrleistet.<\/p>\n<div>\n<div>\n<p>Sabaf SpA wurde 1950 gegr\u00fcndet und ist seit 1998 an der Mail\u00e4nder B\u00f6rse notiert. Das italienische Unternehmen stellt Komponenten f\u00fcr Gas- und Induktionskochger\u00e4te f\u00fcr den Haushalt her.<\/p>\n<p>Sabaf, weltweit vor allem f\u00fcr seine Brenner bekannt, die im Laufe der Jahre sowohl hinsichtlich der \u00c4sthetik als auch der Leistung mit immer effizienteren Versionen zum Vorbild geworden sind, ist Teil der Sabaf-Gruppe (<b><a title=\"www.sabafgroup.com\" href=\"https:\/\/urlsand.esvalabs.com\/?u=https%3A%2F%2Fwww.sabafgroup.com%2F&amp;e=c1085e58&amp;h=47a7e4ab&amp;f=y&amp;p=y\" target=\"_blank\" rel=\"noopener\" data-saferedirecturl=\"https:\/\/www.google.com\/url?q=https:\/\/urlsand.esvalabs.com\/?u%3Dhttps%253A%252F%252Fwww.sabafgroup.com%252F%26e%3Dc1085e58%26h%3D47a7e4ab%26f%3Dy%26p%3Dy&amp;source=gmail&amp;ust=1752573117616000&amp;usg=AOvVaw17Lj2YsohWyvyH9VjY6gol\">https:\/\/www.sabafgroup.com<\/a><\/b>), einer der weltweit gr\u00f6\u00dften Hersteller mechanischer und elektronischer Komponenten f\u00fcr Haushaltsger\u00e4te, der heute \u00fcber 7 verschiedene Marken, \u00fcber 1.800 Mitarbeiter und 15 Produktionsstandorte in Italien, Polen, Brasilien, der T\u00fcrkei, Indien, Mexiko, den USA und China verf\u00fcgt.<\/p>\n<p>Das Unternehmen investiert rund 31 % seines Jahresumsatzes in Forschung und Entwicklung. Die Entwicklung neuer Produkte basiert auf der Notwendigkeit, immer sicherere Komponenten zu schaffen, die sowohl w\u00e4hrend der Produktion als auch im Endverbraucherbetrieb die Luftverschmutzung reduzieren und maximale Energieeinsparungen erm\u00f6glichen.<\/p>\n<p>Von diesem\u00a0<a href=\"https:\/\/tuttostore.com\/wp-content\/uploads\/2025\/07\/Tuttostore-how-to-identify-your-Sabaf-burners-2025.pdf\"><b><u>Link<\/u><\/b><\/a>\u00a0Zur korrekten Identifizierung und Unterscheidung Ihrer Brenner k\u00f6nnen Sie sich einen hilfreichen Leitfaden herunterladen.<\/p>\n<p>Klicken <a href=\"https:\/\/tuttostore.com\/de\/vendor\/sabaf-s-p-a\/\">Hier<\/a> um alle Produkte von Sabaf SpA zu entdecken<br \/>\nKlicken <a href=\"http:\/\/www.sabaf.it\/\">Hier <\/a>um die Homepage von Sabaf SpA zu besuchen<\/p>\n<\/div>\n<\/div>","protected":false},"excerpt":{"rendered":"<div class=\"Section1\">\n<p><strong>Zusammensetzung:<\/strong><\/p>\n<ul>\n<li><span style=\"line-height: 1.5em;\">Nr. 1 Blaue Innenabdeckung<\/span><\/li>\n<li><span style=\"line-height: 1.5em;\">Nr. 1 Blaue Au\u00dfenabdeckung<\/span><\/li>\n<\/ul>\n<\/div>","protected":false},"featured_media":15685,"comment_status":"open","ping_status":"closed","template":"","meta":{"_acf_changed":false},"product_brand":[],"product_cat":[3907],"product_tag":[1137],"class_list":{"0":"post-14838","1":"product","2":"type-product","3":"status-publish","4":"has-post-thumbnail","6":"product_cat-casa-e-ufficio","7":"product_tag-tripla-corona-coperchi-blu","8":"product_shipping_class-sabaf","9":"pa_vendors-sabaf-s-p-a","11":"first","12":"instock","13":"taxable","14":"shipping-taxable","15":"purchasable","16":"product-type-simple","swatches":"rey-swatches","show_selected":""},"acf":[],"_links":{"self":[{"href":"https:\/\/tuttostore.com\/de\/wp-json\/wp\/v2\/product\/14838","targetHints":{"allow":["GET"]}}],"collection":[{"href":"https:\/\/tuttostore.com\/de\/wp-json\/wp\/v2\/product"}],"about":[{"href":"https:\/\/tuttostore.com\/de\/wp-json\/wp\/v2\/types\/product"}],"replies":[{"embeddable":true,"href":"https:\/\/tuttostore.com\/de\/wp-json\/wp\/v2\/comments?post=14838"}],"wp:featuredmedia":[{"embeddable":true,"href":"https:\/\/tuttostore.com\/de\/wp-json\/wp\/v2\/media\/15685"}],"wp:attachment":[{"href":"https:\/\/tuttostore.com\/de\/wp-json\/wp\/v2\/media?parent=14838"}],"wp:term":[{"taxonomy":"product_brand","embeddable":true,"href":"https:\/\/tuttostore.com\/de\/wp-json\/wp\/v2\/product_brand?post=14838"},{"taxonomy":"product_cat","embeddable":true,"href":"https:\/\/tuttostore.com\/de\/wp-json\/wp\/v2\/product_cat?post=14838"},{"taxonomy":"product_tag","embeddable":true,"href":"https:\/\/tuttostore.com\/de\/wp-json\/wp\/v2\/product_tag?post=14838"}],"curies":[{"name":"wp","href":"https:\/\/api.w.org\/{rel}","templated":true}]}}