{"id":14879,"date":"2018-12-18T08:57:09","date_gmt":"2018-12-18T07:57:09","guid":{"rendered":"https:\/\/tuttostore.com\/prodotto\/ferghettina-extra-brut\/"},"modified":"2025-06-09T16:12:31","modified_gmt":"2025-06-09T14:12:31","slug":"ferghettina-extra-brut","status":"publish","type":"product","link":"https:\/\/tuttostore.com\/de\/produkt\/ferghettina-extra-brut\/","title":{"rendered":"FERGHETTINA EXTRA BRUT"},"content":{"rendered":"<h1>FERGHETTINA EXTRA BRUT<\/h1>\n<p>FERGHETTINA EXTRA BRUT<\/p>\n<p><span style=\"font-size: 12pt;\"><strong>Ferghettina Extra Brut<\/strong><\/span><\/p>\n<p>Bezeichnung: Franciacorta<\/p>\n<p>Sorte: 80% Chardonnay 20% Pinot Noir<\/p>\n<p>H\u00f6he der Weinberge: 250 m \u00fcber dem Meeresspiegel<\/p>\n<p>Boden: Lehmig, kalkhaltig<\/p>\n<p>Erziehungssystem: Guyot, bepflanzt mit 5.000 Rebst\u00f6cken\/Hektar<\/p>\n<p>Erntezeit: Mitte August mit Handlese<\/p>\n<p>Weinbereitung: Die Trauben werden mit einer pneumatischen Presse bei sehr niedrigem Druck gepresst. W\u00e4hrend des Weinbereitungsprozesses<br \/>\nDie Moste werden in zwei Kategorien unterteilt: Vorlaufmost, der die besten Eigenschaften aufweist und f\u00fcr die Herstellung von Franciacorta verwendet wird, und Most aus der zweiten Pressung, der nicht zur Abf\u00fcllung in Flaschen bestimmt ist.<br \/>\nDie alkoholische G\u00e4rung erfolgt in Stahltanks bei kontrollierter Temperatur zwischen 16 und 18 \u00b0C.<br \/>\nJeder Weinberg wird getrennt von den anderen vinifiziert und diese Trennung bleibt bis zum Fr\u00fchjahr nach der Ernte bestehen. Dann werden die Weine aus den verschiedenen Weinbergen nach sorgf\u00e4ltiger Verkostung zu einer Cuv\u00e9e zusammengef\u00fcgt und f\u00fcr die zweite G\u00e4rung in Flaschen abgef\u00fcllt.<\/p>\n<p>Lagerung auf der Hefe: 72 Monate<\/p>\n<p>Verkostungsnotizen: Goldgelbe Farbe. Feine und anhaltende Perlage. Sehr intensives Aroma von Mandeln, Vanille und kandierten Fr\u00fcchten.<br \/>\nHervorragende Balance zwischen Zartheit und Best\u00e4ndigkeit<\/p>\n<p>&nbsp;<\/p>\n<p>UNSER UNTERNEHMEN<\/p>\n<div>\n<p><strong>Tuttostore<\/strong>\u00a0wurde im Juli 2004 als innovative L\u00f6sung f\u00fcr die Bed\u00fcrfnisse all derer geboren, die wenig Zeit zur Verf\u00fcgung haben, aber nicht auf Qualit\u00e4t verzichten m\u00f6chten.<\/p>\n<p>Es handelt sich um eine E-Commerce-Site, auf der Sie bequem von Ihrem Computer aus einkaufen und sich Ihre Eink\u00e4ufe liefern lassen k\u00f6nnen, wo und wann Sie m\u00f6chten.<\/p>\n<p>In\u00a0<strong>Tuttostore\u00a0<\/strong>Sie finden alles von Lebensmitteln und Weinprodukten bis hin zu Haushaltswaren; von Einrichtungsaccessoires bis hin zu Kosmetika; von Kleidung bis hin zu Modeartikeln und vieles mehr.<\/p>\n<p>Unser Ziel ist es, das erste Online-Einkaufszentrum zu werden, das jedem die M\u00f6glichkeit bietet, Produkte \u201eMade in Italy\u201c mit direkter Herstellergarantie zu erwerben.<\/p>\n<p>&nbsp;<\/p>\n<div>\n<div>\n<p>Klicken <a href=\"https:\/\/tuttostore.com\/de\/vendor\/tuttostore-bevande\/\">Hier<\/a> um alle Produkte von Tuttostore Bevande zu entdecken<\/p>\n<\/div>\n<\/div>\n<div>Klicken <a href=\"https:\/\/www.tuttostore.it\/it\/185_cuni\">Hier<\/a> um die Homepage von <span style=\"display: inline !important; float: none; background-color: transparent; color: #49616b; cursor: text; font-family: Georgia,'Times New Roman','Bitstream Charter',Times,serif; font-size: 16px; font-style: normal; font-variant: normal; font-weight: 400; letter-spacing: normal; orphans: 2; text-align: left; text-decoration: none; text-indent: 0px; text-transform: none; -webkit-text-stroke-width: 0px; white-space: normal; word-spacing: 0px;\">Tuttostore Getr\u00e4nke<\/span><\/div>\n<\/div>","protected":false},"excerpt":{"rendered":"<p><span style=\"font-size: 12pt;\"><strong>Ferghettina Extra Brut<\/strong><\/span><\/p>\n<p>Bezeichnung: Franciacorta<\/p>\n<p>Sorte: 80% Chardonnay 20% Pinot Noir<\/p>\n<p>#ferghettina, #bollicine, #franciacorta, # DOCG,<\/p>","protected":false},"featured_media":16301,"comment_status":"open","ping_status":"closed","template":"","meta":{"_acf_changed":false},"product_brand":[],"product_cat":[3887,3954],"product_tag":[1180],"class_list":{"0":"post-14879","1":"product","2":"type-product","3":"status-publish","4":"has-post-thumbnail","6":"product_cat-alimentazione","7":"product_cat-bevande","8":"product_tag-ferghettina-extra-brut","9":"product_shipping_class-tuttostore-bevande","10":"pa_vendors-tuttostore-bevande","12":"first","13":"instock","14":"taxable","15":"shipping-taxable","16":"purchasable","17":"product-type-simple","swatches":"rey-swatches","show_selected":""},"acf":[],"_links":{"self":[{"href":"https:\/\/tuttostore.com\/de\/wp-json\/wp\/v2\/product\/14879","targetHints":{"allow":["GET"]}}],"collection":[{"href":"https:\/\/tuttostore.com\/de\/wp-json\/wp\/v2\/product"}],"about":[{"href":"https:\/\/tuttostore.com\/de\/wp-json\/wp\/v2\/types\/product"}],"replies":[{"embeddable":true,"href":"https:\/\/tuttostore.com\/de\/wp-json\/wp\/v2\/comments?post=14879"}],"wp:featuredmedia":[{"embeddable":true,"href":"https:\/\/tuttostore.com\/de\/wp-json\/wp\/v2\/media\/16301"}],"wp:attachment":[{"href":"https:\/\/tuttostore.com\/de\/wp-json\/wp\/v2\/media?parent=14879"}],"wp:term":[{"taxonomy":"product_brand","embeddable":true,"href":"https:\/\/tuttostore.com\/de\/wp-json\/wp\/v2\/product_brand?post=14879"},{"taxonomy":"product_cat","embeddable":true,"href":"https:\/\/tuttostore.com\/de\/wp-json\/wp\/v2\/product_cat?post=14879"},{"taxonomy":"product_tag","embeddable":true,"href":"https:\/\/tuttostore.com\/de\/wp-json\/wp\/v2\/product_tag?post=14879"}],"curies":[{"name":"wp","href":"https:\/\/api.w.org\/{rel}","templated":true}]}}