{"id":14883,"date":"2018-12-18T09:42:02","date_gmt":"2018-12-18T08:42:02","guid":{"rendered":"https:\/\/tuttostore.com\/prodotto\/ferghettina-milledi-brut-docg-750\/"},"modified":"2025-06-09T16:18:50","modified_gmt":"2025-06-09T14:18:50","slug":"ferghettina-milledi-brut-docg-750","status":"publish","type":"product","link":"https:\/\/tuttostore.com\/de\/produkt\/ferghettina-milledi-brut-docg-750\/","title":{"rendered":"FERGHETTINA MILLED\u00ec BRUT DOCG 750"},"content":{"rendered":"<h1>FERGHETTINA MILLEDI&#039; BRUT DOCG 750<\/h1>\n<p>FERGHETTINA MILLEDI&#039; BRUT DOCG 750<\/p>\n<p><span style=\"font-size: 12pt;\"><strong>Ferghettina Milled\u00ec Brut DOCG<\/strong><\/span><\/p>\n<p>Strohgelbe Farbe mit goldgr\u00fcnen Reflexen. Feine und anhaltende Perlage. Am Gaumen pr\u00e4sentiert er elegante Zitrus- und Mineralnoten. Gute Persistenz.<br \/>\nJeder Weinberg wird getrennt von den anderen vinifiziert und diese Trennung bleibt bis zum Fr\u00fchjahr nach der Ernte bestehen. Dann werden die Weine aus den verschiedenen Weinbergen nach sorgf\u00e4ltiger Verkostung zu einer Cuv\u00e9e zusammengef\u00fcgt und f\u00fcr die zweite G\u00e4rung in Flaschen abgef\u00fcllt.<\/p>\n<p>Bezeichnung: Franciacorta<\/p>\n<p>Sorte: 100% Chardonnay<\/p>\n<p>H\u00f6he der Weinberge: 250 m \u00fcber dem Meeresspiegel<\/p>\n<p>Boden: Lehmig, kalkhaltig<\/p>\n<p>Erziehungssystem: Guyot, bepflanzt mit 5.000 Rebst\u00f6cken\/Hektar<\/p>\n<p>Erntezeit: Mitte August mit Handlese<\/p>\n<p>Weinbereitung: Die Trauben werden mit einer pneumatischen Presse bei sehr niedrigem Druck gepresst. W\u00e4hrend des Weinbereitungsprozesses<br \/>\nDie Moste werden in zwei Kategorien unterteilt: Most aus der ersten Pressung, der die besten Eigenschaften aufweist und f\u00fcr die Herstellung von Franciacorta verwendet wird, und Most aus der ersten Pressung, der die besten Eigenschaften aufweist und f\u00fcr die Herstellung von Franciacorta und Most aus der zweiten Pressung verwendet wird.<br \/>\naus der zweiten Pressung, die nicht zur Abf\u00fcllung bestimmt ist.<br \/>\nDie alkoholische G\u00e4rung erfolgt in Stahltanks bei kontrollierter Temperatur zwischen 16 und 18 \u00b0C.<br \/>\nJeder Weinberg wird getrennt von den anderen vinifiziert und diese Trennung bleibt bis zum Fr\u00fchjahr nach der Ernte bestehen, wenn nach<br \/>\nNach sorgf\u00e4ltiger Verkostung werden die Weine aus den verschiedenen Lagen zu einer Cuv\u00e9e zusammengestellt und zur Nachg\u00e4rung in Flaschen abgef\u00fcllt.<\/p>\n<p>Lagerung auf der Hefe: 36 Monate<\/p>\n<p>Verkostungsnotizen: Strohgelbe Farbe mit gr\u00fcngoldenen Reflexen. Feine und anhaltende Perlage. Elegante Zitrus- und Mineralnoten am Gaumen. Gute Persistenz.<\/p>\n<p>&nbsp;<\/p>\n<p>UNSER UNTERNEHMEN<\/p>\n<div>\n<p><strong>Tuttostore<\/strong>\u00a0wurde im Juli 2004 als innovative L\u00f6sung f\u00fcr die Bed\u00fcrfnisse all derer geboren, die wenig Zeit zur Verf\u00fcgung haben, aber nicht auf Qualit\u00e4t verzichten m\u00f6chten.<\/p>\n<p>Es handelt sich um eine E-Commerce-Site, auf der Sie bequem von Ihrem Computer aus einkaufen und sich Ihre Eink\u00e4ufe liefern lassen k\u00f6nnen, wo und wann Sie m\u00f6chten.<\/p>\n<p>In\u00a0<strong>Tuttostore\u00a0<\/strong>Sie finden alles von Lebensmitteln und Weinprodukten bis hin zu Haushaltswaren; von Einrichtungsaccessoires bis hin zu Kosmetika; von Kleidung bis hin zu Modeartikeln und vieles mehr.<\/p>\n<p>Unser Ziel ist es, das erste Online-Einkaufszentrum zu werden, das jedem die M\u00f6glichkeit bietet, Produkte \u201eMade in Italy\u201c mit direkter Herstellergarantie zu erwerben.<\/p>\n<p>&nbsp;<\/p>\n<div>\n<div>\n<p>Klicken <a href=\"https:\/\/tuttostore.com\/de\/vendor\/tuttostore-bevande\/\">Hier<\/a> um alle Produkte von Tuttostore Bevande zu entdecken<\/p>\n<\/div>\n<\/div>\n<div>Klicken <a href=\"https:\/\/www.tuttostore.it\/it\/185_cuni\">Hier<\/a> um die Homepage von <span style=\"display: inline !important; float: none; background-color: transparent; color: #49616b; cursor: text; font-family: Georgia,'Times New Roman','Bitstream Charter',Times,serif; font-size: 16px; font-style: normal; font-variant: normal; font-weight: 400; letter-spacing: normal; orphans: 2; text-align: left; text-decoration: none; text-indent: 0px; text-transform: none; -webkit-text-stroke-width: 0px; white-space: normal; word-spacing: 0px;\">Tuttostore Getr\u00e4nke<\/span><\/div>\n<\/div>","protected":false},"excerpt":{"rendered":"<p><span style=\"font-size: 12pt;\"><strong>Ferghettina Milled\u00ec Brut DOCG<\/strong><\/span><\/p>\n<p>Strohgelbe Farbe mit goldgr\u00fcnen Reflexen. Feine und anhaltende Perlage. Am Gaumen pr\u00e4sentiert er elegante Zitrus- und Mineralnoten. Gute Persistenz.<\/p>\n<p><span style=\"font-size: 10pt;\">#ferghettina, #bollicine, #franciacorta, # DOCG, #milled\u00ec<\/span><\/p>","protected":false},"featured_media":16312,"comment_status":"open","ping_status":"closed","template":"","meta":{"_acf_changed":false},"product_brand":[],"product_cat":[3887,3954],"product_tag":[1184],"class_list":{"0":"post-14883","1":"product","2":"type-product","3":"status-publish","4":"has-post-thumbnail","6":"product_cat-alimentazione","7":"product_cat-bevande","8":"product_tag-ferghettina-milledi-brut-docg-750","9":"product_shipping_class-tuttostore-bevande","10":"pa_vendors-tuttostore-bevande","12":"first","13":"instock","14":"taxable","15":"shipping-taxable","16":"purchasable","17":"product-type-simple","swatches":"rey-swatches","show_selected":""},"acf":[],"_links":{"self":[{"href":"https:\/\/tuttostore.com\/de\/wp-json\/wp\/v2\/product\/14883","targetHints":{"allow":["GET"]}}],"collection":[{"href":"https:\/\/tuttostore.com\/de\/wp-json\/wp\/v2\/product"}],"about":[{"href":"https:\/\/tuttostore.com\/de\/wp-json\/wp\/v2\/types\/product"}],"replies":[{"embeddable":true,"href":"https:\/\/tuttostore.com\/de\/wp-json\/wp\/v2\/comments?post=14883"}],"wp:featuredmedia":[{"embeddable":true,"href":"https:\/\/tuttostore.com\/de\/wp-json\/wp\/v2\/media\/16312"}],"wp:attachment":[{"href":"https:\/\/tuttostore.com\/de\/wp-json\/wp\/v2\/media?parent=14883"}],"wp:term":[{"taxonomy":"product_brand","embeddable":true,"href":"https:\/\/tuttostore.com\/de\/wp-json\/wp\/v2\/product_brand?post=14883"},{"taxonomy":"product_cat","embeddable":true,"href":"https:\/\/tuttostore.com\/de\/wp-json\/wp\/v2\/product_cat?post=14883"},{"taxonomy":"product_tag","embeddable":true,"href":"https:\/\/tuttostore.com\/de\/wp-json\/wp\/v2\/product_tag?post=14883"}],"curies":[{"name":"wp","href":"https:\/\/api.w.org\/{rel}","templated":true}]}}