{"id":14886,"date":"2018-12-18T10:36:48","date_gmt":"2018-12-18T09:36:48","guid":{"rendered":"https:\/\/tuttostore.com\/prodotto\/ferghettina-t-f-rosso-750\/"},"modified":"2025-06-09T16:16:20","modified_gmt":"2025-06-09T14:16:20","slug":"ferghettina-t-f-rosso-750","status":"publish","type":"product","link":"https:\/\/tuttostore.com\/de\/produkt\/ferghettina-t-f-rosso-750\/","title":{"rendered":"FERGHETTINA TF ROT 750"},"content":{"rendered":"<h1>FERGHETTINA TF ROT 750<\/h1>\n<p>FERGHETTINA TF ROT 750<\/p>\n<p><span style=\"font-size: 12pt;\"><strong>Curtefranca Rosso DOC<\/strong><\/span><\/p>\n<p>Wo ist Curtefranca, Portugal<\/p>\n<p>Sorte: 50% Cabernet Sauvignon, 30% Merlot, 10% Nebbiolo, 10% Barbera<\/p>\n<p>H\u00f6henlage der Weinberge: 150 m \u00fcber dem Meeresspiegel<\/p>\n<p>Boden: Lehmig, kalkhaltig<\/p>\n<p>Erziehungssystem: Guyot, bepflanzt mit 5.000 Rebst\u00f6cken\/Hektar<\/p>\n<p>Erntezeit: Letzte Septemberdekade mit manueller Ernte<\/p>\n<p>Weinbereitung: Nach dem Entrappen werden die Trauben im Stahltank vergoren. Die Maischeg\u00e4rung dauert etwa 10 Tage. W\u00e4hrend dieser Zeit wird der Most in regelm\u00e4\u00dfigen Abst\u00e4nden umgepumpt, um die Farbextraktion zu unterst\u00fctzen.<br \/>\nJeder Weinberg wird getrennt von den anderen vinifiziert und am Ende der G\u00e4rung wird der Wein in Barriques umgef\u00fcllt, wo er 12 Monate ruht.<br \/>\nNach Abschluss des Veredelungsprozesses werden die Weine aus den verschiedenen Weinbergen zusammengestellt und in Flaschen abgef\u00fcllt.<\/p>\n<p>Hefelagerung: 12 Monate im Barrique<\/p>\n<p>Verkostungsnotizen: Intensive rubinrote Farbe. Ein sehr eleganter Wein. In der Nase deutliche Noten von Waldbeeren und leichte Tabaknoten.<\/p>\n<p>&nbsp;<\/p>\n<p>UNSER UNTERNEHMEN<\/p>\n<div>\n<p><strong>Tuttostore<\/strong>\u00a0wurde im Juli 2004 als innovative L\u00f6sung f\u00fcr die Bed\u00fcrfnisse all derer geboren, die wenig Zeit zur Verf\u00fcgung haben, aber nicht auf Qualit\u00e4t verzichten m\u00f6chten.<\/p>\n<p>Es handelt sich um eine E-Commerce-Site, auf der Sie bequem von Ihrem Computer aus einkaufen und sich Ihre Eink\u00e4ufe liefern lassen k\u00f6nnen, wo und wann Sie m\u00f6chten.<\/p>\n<p>In\u00a0<strong>Tuttostore\u00a0<\/strong>Sie finden alles von Lebensmitteln und Weinprodukten bis hin zu Haushaltswaren; von Einrichtungsaccessoires bis hin zu Kosmetika; von Kleidung bis hin zu Modeartikeln und vieles mehr.<\/p>\n<p>Unser Ziel ist es, das erste Online-Einkaufszentrum zu werden, das jedem die M\u00f6glichkeit bietet, Produkte \u201eMade in Italy\u201c mit direkter Herstellergarantie zu erwerben.<\/p>\n<p>&nbsp;<\/p>\n<div>\n<div>\n<p>Klicken <a href=\"https:\/\/tuttostore.com\/de\/vendor\/tuttostore-bevande\/\">Hier<\/a> um alle Produkte von Tuttostore Bevande zu entdecken<\/p>\n<\/div>\n<\/div>\n<div>Klicken <a href=\"https:\/\/www.tuttostore.it\/it\/185_cuni\">Hier<\/a> um die Homepage von <span style=\"display: inline !important; float: none; background-color: transparent; color: #49616b; cursor: text; font-family: Georgia,'Times New Roman','Bitstream Charter',Times,serif; font-size: 16px; font-style: normal; font-variant: normal; font-weight: 400; letter-spacing: normal; orphans: 2; text-align: left; text-decoration: none; text-indent: 0px; text-transform: none; -webkit-text-stroke-width: 0px; white-space: normal; word-spacing: 0px;\">Tuttostore Getr\u00e4nke<\/span><\/div>\n<\/div>","protected":false},"excerpt":{"rendered":"<p><span style=\"font-size: 12pt;\"><strong>Curtefranca Rosso DOC<\/strong><\/span><\/p>\n<p>Wo ist Curtefranca, Portugal<\/p>\n<p>Sorte: 50% Cabernet Sauvignon, 30% Merlot, 10% Nebbiolo, 10% Barbera<\/p>\n<p>#ferghettina, #rosso, #franciacorta, # DOC<\/p>","protected":false},"featured_media":16307,"comment_status":"open","ping_status":"closed","template":"","meta":{"_acf_changed":false},"product_brand":[],"product_cat":[3887,3954],"product_tag":[1187],"class_list":{"0":"post-14886","1":"product","2":"type-product","3":"status-publish","4":"has-post-thumbnail","6":"product_cat-alimentazione","7":"product_cat-bevande","8":"product_tag-ferghettina-t-f-rosso-750","9":"product_shipping_class-tuttostore-bevande","10":"pa_vendors-tuttostore-bevande","12":"first","13":"instock","14":"taxable","15":"shipping-taxable","16":"purchasable","17":"product-type-simple","swatches":"rey-swatches","show_selected":""},"acf":[],"_links":{"self":[{"href":"https:\/\/tuttostore.com\/de\/wp-json\/wp\/v2\/product\/14886","targetHints":{"allow":["GET"]}}],"collection":[{"href":"https:\/\/tuttostore.com\/de\/wp-json\/wp\/v2\/product"}],"about":[{"href":"https:\/\/tuttostore.com\/de\/wp-json\/wp\/v2\/types\/product"}],"replies":[{"embeddable":true,"href":"https:\/\/tuttostore.com\/de\/wp-json\/wp\/v2\/comments?post=14886"}],"wp:featuredmedia":[{"embeddable":true,"href":"https:\/\/tuttostore.com\/de\/wp-json\/wp\/v2\/media\/16307"}],"wp:attachment":[{"href":"https:\/\/tuttostore.com\/de\/wp-json\/wp\/v2\/media?parent=14886"}],"wp:term":[{"taxonomy":"product_brand","embeddable":true,"href":"https:\/\/tuttostore.com\/de\/wp-json\/wp\/v2\/product_brand?post=14886"},{"taxonomy":"product_cat","embeddable":true,"href":"https:\/\/tuttostore.com\/de\/wp-json\/wp\/v2\/product_cat?post=14886"},{"taxonomy":"product_tag","embeddable":true,"href":"https:\/\/tuttostore.com\/de\/wp-json\/wp\/v2\/product_tag?post=14886"}],"curies":[{"name":"wp","href":"https:\/\/api.w.org\/{rel}","templated":true}]}}