{"id":14916,"date":"2018-12-18T14:38:29","date_gmt":"2018-12-18T13:38:29","guid":{"rendered":"https:\/\/tuttostore.com\/prodotto\/grevensteiner-original-cl-0-50\/"},"modified":"2025-05-21T12:23:04","modified_gmt":"2025-05-21T10:23:04","slug":"grevensteiner-original-cl-0-50","status":"publish","type":"product","link":"https:\/\/tuttostore.com\/de\/produkt\/grevensteiner-original-cl-0-50\/","title":{"rendered":"Grevensteiner Original cl. 0,50"},"content":{"rendered":"<h1>Grevensteiner Original cl. 0,50<\/h1>\n<p>Grevensteiner Original cl. 0,50<\/p>\n<p>Grevensteiner Original, unfiltriert und naturtr\u00fcb, ist ein angenehmes Craft Beer, gebraut mit weichem Quellwasser und erntefrischem Hopfen. Die traditionellen Malze verleihen dem Bier seine charakteristische Bernsteinfarbe und sein s\u00fc\u00dfes Aroma. Gebraut nach den Reinheitsgeboten deutscher Brautradition.<\/p>\n<p>&nbsp;<\/p>\n<p>UNSER UNTERNEHMEN<\/p>\n<div>\n<p><strong>Tuttostore<\/strong>\u00a0wurde im Juli 2004 als innovative L\u00f6sung f\u00fcr die Bed\u00fcrfnisse all derer geboren, die wenig Zeit zur Verf\u00fcgung haben, aber nicht auf Qualit\u00e4t verzichten m\u00f6chten.<\/p>\n<p>Es handelt sich um eine E-Commerce-Site, auf der Sie bequem von Ihrem Computer aus einkaufen und sich Ihre Eink\u00e4ufe liefern lassen k\u00f6nnen, wo und wann Sie m\u00f6chten.<\/p>\n<p>In\u00a0<strong>Tuttostore\u00a0<\/strong>Sie finden alles von Lebensmitteln und Weinprodukten bis hin zu Haushaltswaren; von Einrichtungsaccessoires bis hin zu Kosmetika; von Kleidung bis hin zu Modeartikeln und vieles mehr.<\/p>\n<p>Unser Ziel ist es, das erste Online-Einkaufszentrum zu werden, das jedem die M\u00f6glichkeit bietet, Produkte \u201eMade in Italy\u201c mit direkter Herstellergarantie zu erwerben.<\/p>\n<p>&nbsp;<\/p>\n<div>\n<div>\n<p>Klicken <a href=\"https:\/\/tuttostore.com\/de\/vendor\/tuttostore-bevande\/\">Hier<\/a> um alle Produkte von Tuttostore Bevande zu entdecken<\/p>\n<\/div>\n<\/div>\n<div>Klicken <a href=\"https:\/\/www.tuttostore.it\/it\/185_cuni\">Hier<\/a> um die Homepage von <span style=\"display: inline !important; float: none; background-color: transparent; color: #49616b; cursor: text; font-family: Georgia,'Times New Roman','Bitstream Charter',Times,serif; font-size: 16px; font-style: normal; font-variant: normal; font-weight: 400; letter-spacing: normal; orphans: 2; text-align: left; text-decoration: none; text-indent: 0px; text-transform: none; -webkit-text-stroke-width: 0px; white-space: normal; word-spacing: 0px;\">Tuttostore Getr\u00e4nke<\/span><\/div>\n<\/div>","protected":false},"excerpt":{"rendered":"<p><span style=\"color: #d0121a;\"><strong>*Mindestbestellmenge 16 Flaschen oder ein Vielfaches davon.<\/strong><\/span><\/p>\n<p>Keller<\/p>","protected":false},"featured_media":15813,"comment_status":"open","ping_status":"closed","template":"","meta":{"_acf_changed":false},"product_brand":[],"product_cat":[3887,3954],"product_tag":[1208],"class_list":{"0":"post-14916","1":"product","2":"type-product","3":"status-publish","4":"has-post-thumbnail","6":"product_cat-alimentazione","7":"product_cat-bevande","8":"product_tag-grevensteiner-original-cl-0-50","9":"product_shipping_class-tuttostore-bevande","10":"pa_vendors-tuttostore-bevande","12":"first","13":"instock","14":"taxable","15":"shipping-taxable","16":"purchasable","17":"product-type-simple","swatches":"rey-swatches","show_selected":""},"acf":[],"_links":{"self":[{"href":"https:\/\/tuttostore.com\/de\/wp-json\/wp\/v2\/product\/14916","targetHints":{"allow":["GET"]}}],"collection":[{"href":"https:\/\/tuttostore.com\/de\/wp-json\/wp\/v2\/product"}],"about":[{"href":"https:\/\/tuttostore.com\/de\/wp-json\/wp\/v2\/types\/product"}],"replies":[{"embeddable":true,"href":"https:\/\/tuttostore.com\/de\/wp-json\/wp\/v2\/comments?post=14916"}],"wp:featuredmedia":[{"embeddable":true,"href":"https:\/\/tuttostore.com\/de\/wp-json\/wp\/v2\/media\/15813"}],"wp:attachment":[{"href":"https:\/\/tuttostore.com\/de\/wp-json\/wp\/v2\/media?parent=14916"}],"wp:term":[{"taxonomy":"product_brand","embeddable":true,"href":"https:\/\/tuttostore.com\/de\/wp-json\/wp\/v2\/product_brand?post=14916"},{"taxonomy":"product_cat","embeddable":true,"href":"https:\/\/tuttostore.com\/de\/wp-json\/wp\/v2\/product_cat?post=14916"},{"taxonomy":"product_tag","embeddable":true,"href":"https:\/\/tuttostore.com\/de\/wp-json\/wp\/v2\/product_tag?post=14916"}],"curies":[{"name":"wp","href":"https:\/\/api.w.org\/{rel}","templated":true}]}}