{"id":14919,"date":"2018-12-18T14:51:52","date_gmt":"2018-12-18T13:51:52","guid":{"rendered":"https:\/\/tuttostore.com\/prodotto\/grimbergen-blonde-cl-33\/"},"modified":"2025-05-21T12:24:38","modified_gmt":"2025-05-21T10:24:38","slug":"grimbergen-blonde-cl-33","status":"publish","type":"product","link":"https:\/\/tuttostore.com\/de\/produkt\/grimbergen-blonde-cl-33\/","title":{"rendered":"Grimbergen Blonde cl. 33"},"content":{"rendered":"<h1>Grimbergen Blonde cl. 33<\/h1>\n<p>Grimbergen Blonde cl. 33<\/p>\n<p>Es zeichnet sich durch die hervorragende Qualit\u00e4t der Rohstoffe aus, die diesem Bier einen reichen und ausgewogenen, leicht fruchtigen Geschmack verleihen.<\/p>\n<p>&nbsp;<\/p>\n<p>UNSER UNTERNEHMEN<\/p>\n<div>\n<p><strong>Tuttostore<\/strong>\u00a0wurde im Juli 2004 als innovative L\u00f6sung f\u00fcr die Bed\u00fcrfnisse all derer geboren, die wenig Zeit zur Verf\u00fcgung haben, aber nicht auf Qualit\u00e4t verzichten m\u00f6chten.<\/p>\n<p>Es handelt sich um eine E-Commerce-Site, auf der Sie bequem von Ihrem Computer aus einkaufen und sich Ihre Eink\u00e4ufe liefern lassen k\u00f6nnen, wo und wann Sie m\u00f6chten.<\/p>\n<p>In\u00a0<strong>Tuttostore\u00a0<\/strong>Sie finden alles von Lebensmitteln und Weinprodukten bis hin zu Haushaltswaren; von Einrichtungsaccessoires bis hin zu Kosmetika; von Kleidung bis hin zu Modeartikeln und vieles mehr.<\/p>\n<p>Unser Ziel ist es, das erste Online-Einkaufszentrum zu werden, das jedem die M\u00f6glichkeit bietet, Produkte \u201eMade in Italy\u201c mit direkter Herstellergarantie zu erwerben.<\/p>\n<p>&nbsp;<\/p>\n<div>\n<div>\n<p>Klicken <a href=\"https:\/\/tuttostore.com\/de\/vendor\/tuttostore-bevande\/\">Hier<\/a> um alle Produkte von Tuttostore Bevande zu entdecken<\/p>\n<\/div>\n<\/div>\n<div>Klicken <a href=\"https:\/\/www.tuttostore.it\/it\/185_cuni\">Hier<\/a> um die Homepage von <span style=\"display: inline !important; float: none; background-color: transparent; color: #49616b; cursor: text; font-family: Georgia,'Times New Roman','Bitstream Charter',Times,serif; font-size: 16px; font-style: normal; font-variant: normal; font-weight: 400; letter-spacing: normal; orphans: 2; text-align: left; text-decoration: none; text-indent: 0px; text-transform: none; -webkit-text-stroke-width: 0px; white-space: normal; word-spacing: 0px;\">Tuttostore Getr\u00e4nke<\/span><\/div>\n<\/div>","protected":false},"excerpt":{"rendered":"<p>Belgisches Ale<\/p>\n<p><strong><span style=\"color: #ff0000;\">Mindestbestellmenge 12 Flaschen<\/span><\/strong><\/p>","protected":false},"featured_media":15815,"comment_status":"open","ping_status":"closed","template":"","meta":{"_acf_changed":false},"product_brand":[],"product_cat":[3887,3954],"product_tag":[1211],"class_list":{"0":"post-14919","1":"product","2":"type-product","3":"status-publish","4":"has-post-thumbnail","6":"product_cat-alimentazione","7":"product_cat-bevande","8":"product_tag-grimbergen-blonde-cl-33","9":"product_shipping_class-tuttostore-bevande","10":"pa_vendors-tuttostore-bevande","12":"first","13":"instock","14":"taxable","15":"shipping-taxable","16":"purchasable","17":"product-type-simple","swatches":"rey-swatches","show_selected":""},"acf":[],"_links":{"self":[{"href":"https:\/\/tuttostore.com\/de\/wp-json\/wp\/v2\/product\/14919","targetHints":{"allow":["GET"]}}],"collection":[{"href":"https:\/\/tuttostore.com\/de\/wp-json\/wp\/v2\/product"}],"about":[{"href":"https:\/\/tuttostore.com\/de\/wp-json\/wp\/v2\/types\/product"}],"replies":[{"embeddable":true,"href":"https:\/\/tuttostore.com\/de\/wp-json\/wp\/v2\/comments?post=14919"}],"wp:featuredmedia":[{"embeddable":true,"href":"https:\/\/tuttostore.com\/de\/wp-json\/wp\/v2\/media\/15815"}],"wp:attachment":[{"href":"https:\/\/tuttostore.com\/de\/wp-json\/wp\/v2\/media?parent=14919"}],"wp:term":[{"taxonomy":"product_brand","embeddable":true,"href":"https:\/\/tuttostore.com\/de\/wp-json\/wp\/v2\/product_brand?post=14919"},{"taxonomy":"product_cat","embeddable":true,"href":"https:\/\/tuttostore.com\/de\/wp-json\/wp\/v2\/product_cat?post=14919"},{"taxonomy":"product_tag","embeddable":true,"href":"https:\/\/tuttostore.com\/de\/wp-json\/wp\/v2\/product_tag?post=14919"}],"curies":[{"name":"wp","href":"https:\/\/api.w.org\/{rel}","templated":true}]}}