{"id":14988,"date":"2019-01-07T09:44:09","date_gmt":"2019-01-07T08:44:09","guid":{"rendered":"https:\/\/tuttostore.com\/?post_type=product&#038;p=14988"},"modified":"2025-05-22T12:06:56","modified_gmt":"2025-05-22T10:06:56","slug":"carbone-vegetale-in-polvere","status":"publish","type":"product","link":"https:\/\/tuttostore.com\/de\/produkt\/carbone-vegetale-in-polvere\/","title":{"rendered":"Pulverisierte Pflanzenkohle"},"content":{"rendered":"<h1>Pulverisierte Pflanzenkohle<\/h1>\n<p>Pulverisierte Pflanzenkohle<\/p>\n<p>Stimulieren Sie Ihre Kreativit\u00e4t in der K\u00fcche mit diesem nat\u00fcrlichen Farbstoff mit einzigartigen Eigenschaften. W\u00e4hlen Sie Ihren Lieblingsgrauton oder Schwarz. F\u00fcgen Sie ihn jedem Teig hinzu, \u00fcberschreiten Sie jedoch nicht die empfohlene H\u00f6chstdosis von 20 g pro 1000 g Molino Enrici-Mehl. Der Geschmack Ihrer Kreationen wird dadurch nicht beeintr\u00e4chtigt, aber die Optik wird sich deutlich verbessern.<\/p>\n<p><strong>Erh\u00e4ltlich in den Gr\u00f6\u00dfen: 350 g, 700 g<\/strong><\/p>\n<p><span style=\"text-decoration: underline;\"><strong>Molino Enrici informiert Sie dar\u00fcber, dass die Preise f\u00fcr sein Qualit\u00e4tsmehl reguliert sind, um den Einkauf zu erleichtern und die Versandkosten zu decken.<\/strong><\/span><\/p>\n<div>\n<p><strong>UNSER UNTERNEHMEN <\/strong><\/p>\n<p><strong>MOLINO ENRICI<\/strong><\/p>\n<p>Dank unserer flexiblen Mischanlage und eines technologisch fortschrittlichen Forschungs- und Analyselabors, das zu den umfassendsten der europ\u00e4ischen M\u00fchlenindustrie z\u00e4hlt, k\u00f6nnen wir Produkte individuell anpassen und ma\u00dfgeschneiderte Mehle herstellen. Neben unserem traditionellen Brotmehlsortiment haben wir in Zusammenarbeit mit Meisterhandwerkern Spezialmehle und nat\u00fcrliche Halbfertigprodukte f\u00fcr Pizza-, Pasta- und Geb\u00e4ckprofis entwickelt.<\/p>\n<p>&nbsp;<\/p>\n<div>\n<div>\n<p>Klicken <a href=\"https:\/\/tuttostore.com\/de\/vendor\/molino-enrici-s-r-l\/\">Hier<\/a> um alle Produkte von Molino Enrici Srl zu entdecken<\/p>\n<\/div>\n<\/div>\n<div>Klicken <a href=\"http:\/\/www.molinoenrici.it\/\">Hier<\/a> um die Homepage von Molino Enrici Srl zu besuchen<\/div>\n<\/div>","protected":false},"excerpt":{"rendered":"<p><strong>Pulverisierte Pflanzenkohle<\/strong><\/p>\n<p>Nat\u00fcrlicher Farbstoff mit einzigartigen Eigenschaften. W\u00e4hlen Sie Ihren Lieblingsgrauton oder entscheiden Sie sich f\u00fcr ganz Schwarz.<\/p>\n<p><strong>Erh\u00e4ltlich in den Gr\u00f6\u00dfen: 350 g, 700 g<\/strong><\/p>\n<p><span style=\"text-decoration: underline;\"><strong>Molino Enrici informiert Sie dar\u00fcber, dass die Preise f\u00fcr sein Qualit\u00e4tsmehl reguliert sind, um den Einkauf zu erleichtern und die Versandkosten zu decken.<\/strong><\/span><\/p>","protected":false},"featured_media":16000,"comment_status":"open","ping_status":"closed","template":"","meta":{"_acf_changed":false},"product_brand":[],"product_cat":[3887],"product_tag":[1350],"class_list":{"0":"post-14988","1":"product","2":"type-product","3":"status-publish","4":"has-post-thumbnail","6":"product_cat-alimentazione","7":"product_tag-carbone-vegetale-in-polvere","8":"product_shipping_class-molino-enrici","9":"pa_confezione-350-gr","10":"pa_confezione-700-gr","11":"pa_vendors-molino-enrici-s-r-l","13":"first","14":"outofstock","15":"taxable","16":"shipping-taxable","17":"purchasable","18":"product-type-variable","swatches":"rey-swatches","show_selected":""},"acf":[],"_links":{"self":[{"href":"https:\/\/tuttostore.com\/de\/wp-json\/wp\/v2\/product\/14988","targetHints":{"allow":["GET"]}}],"collection":[{"href":"https:\/\/tuttostore.com\/de\/wp-json\/wp\/v2\/product"}],"about":[{"href":"https:\/\/tuttostore.com\/de\/wp-json\/wp\/v2\/types\/product"}],"replies":[{"embeddable":true,"href":"https:\/\/tuttostore.com\/de\/wp-json\/wp\/v2\/comments?post=14988"}],"wp:featuredmedia":[{"embeddable":true,"href":"https:\/\/tuttostore.com\/de\/wp-json\/wp\/v2\/media\/16000"}],"wp:attachment":[{"href":"https:\/\/tuttostore.com\/de\/wp-json\/wp\/v2\/media?parent=14988"}],"wp:term":[{"taxonomy":"product_brand","embeddable":true,"href":"https:\/\/tuttostore.com\/de\/wp-json\/wp\/v2\/product_brand?post=14988"},{"taxonomy":"product_cat","embeddable":true,"href":"https:\/\/tuttostore.com\/de\/wp-json\/wp\/v2\/product_cat?post=14988"},{"taxonomy":"product_tag","embeddable":true,"href":"https:\/\/tuttostore.com\/de\/wp-json\/wp\/v2\/product_tag?post=14988"}],"curies":[{"name":"wp","href":"https:\/\/api.w.org\/{rel}","templated":true}]}}