{"id":14996,"date":"2019-01-07T14:20:03","date_gmt":"2019-01-07T13:20:03","guid":{"rendered":"https:\/\/tuttostore.com\/prodotto\/farina-grancucina\/"},"modified":"2025-09-18T09:28:19","modified_gmt":"2025-09-18T07:28:19","slug":"farina-grancucina","status":"publish","type":"product","link":"https:\/\/tuttostore.com\/de\/produkt\/farina-grancucina\/","title":{"rendered":"Grancucina 00 Mehl"},"content":{"rendered":"<h1>Grancucina 00 Mehl<\/h1>\n<p>Grancucina 00 Mehl<\/p>\n<p>Ein Mehl mit gro\u00dfer Vielseitigkeit, geeignet f\u00fcr tausend Zubereitungen, eine wahre K\u00f6nigin in der K\u00fcche.<\/p>\n<p><strong>Verpackung:\u00a0<\/strong><strong style=\"line-height: 1.5em;\">1,00 kg<\/strong><\/p>\n<p><span style=\"text-decoration: underline;\"><strong style=\"line-height: 1.5em;\"><strong>Molino Enrici informiert Sie dar\u00fcber, dass die Preise f\u00fcr sein Qualit\u00e4tsmehl reguliert sind, um den Einkauf zu erleichtern und die Versandkosten zu decken.<\/strong><\/strong><\/span><\/p>\n<div>\n<p><strong>UNSER UNTERNEHMEN<\/strong><\/p>\n<p><strong>MOLINO ENRICI<\/strong><\/p>\n<p>Dank unserer flexiblen Mischanlage und eines technologisch fortschrittlichen Forschungs- und Analyselabors, das zu den umfassendsten der europ\u00e4ischen M\u00fchlenindustrie z\u00e4hlt, k\u00f6nnen wir Produkte individuell anpassen und ma\u00dfgeschneiderte Mehle herstellen. Neben unserem traditionellen Brotmehlsortiment haben wir in Zusammenarbeit mit Meisterhandwerkern Spezialmehle und nat\u00fcrliche Halbfertigprodukte f\u00fcr Pizza-, Pasta- und Geb\u00e4ckprofis entwickelt.<\/p>\n<p>&nbsp;<\/p>\n<div>\n<div>\n<p>Klicken <a href=\"https:\/\/tuttostore.com\/de\/vendor\/molino-enrici-s-r-l\/\">Hier<\/a> um alle Produkte von Molino Enrici Srl zu entdecken<\/p>\n<\/div>\n<\/div>\n<div>Klicken <a href=\"http:\/\/www.molinoenrici.it\/\">Hier<\/a> um die Homepage von Molino Enrici Srl zu besuchen<\/div>\n<\/div>","protected":false},"excerpt":{"rendered":"<p><strong>Gran Cucina<\/strong><\/p>\n<p>Ein Mehl mit gro\u00dfer Vielseitigkeit, geeignet f\u00fcr tausend Zubereitungen, eine wahre K\u00f6nigin in der K\u00fcche<\/p>\n<p><strong>Verf\u00fcgbare Gr\u00f6\u00dfen: 1 kg<\/strong><\/p>\n<p><span style=\"text-decoration: underline;\"><strong>Molino Enrici informiert Sie dar\u00fcber, dass die Preise f\u00fcr sein Qualit\u00e4tsmehl reguliert sind, um den Einkauf zu erleichtern und die Versandkosten zu decken.<\/strong><\/span><\/p>","protected":false},"featured_media":16197,"comment_status":"open","ping_status":"closed","template":"","meta":{"_acf_changed":false},"product_brand":[],"product_cat":[3887],"product_tag":[1371],"class_list":{"0":"post-14996","1":"product","2":"type-product","3":"status-publish","4":"has-post-thumbnail","6":"product_cat-alimentazione","7":"product_tag-grancucina","8":"product_shipping_class-molino-enrici","9":"pa_confezione-1-kg","10":"pa_confezione-5-kg","11":"pa_vendors-molino-enrici-s-r-l","13":"first","14":"instock","15":"taxable","16":"shipping-taxable","17":"purchasable","18":"product-type-simple","swatches":"rey-swatches","show_selected":""},"acf":[],"_links":{"self":[{"href":"https:\/\/tuttostore.com\/de\/wp-json\/wp\/v2\/product\/14996","targetHints":{"allow":["GET"]}}],"collection":[{"href":"https:\/\/tuttostore.com\/de\/wp-json\/wp\/v2\/product"}],"about":[{"href":"https:\/\/tuttostore.com\/de\/wp-json\/wp\/v2\/types\/product"}],"replies":[{"embeddable":true,"href":"https:\/\/tuttostore.com\/de\/wp-json\/wp\/v2\/comments?post=14996"}],"wp:featuredmedia":[{"embeddable":true,"href":"https:\/\/tuttostore.com\/de\/wp-json\/wp\/v2\/media\/16197"}],"wp:attachment":[{"href":"https:\/\/tuttostore.com\/de\/wp-json\/wp\/v2\/media?parent=14996"}],"wp:term":[{"taxonomy":"product_brand","embeddable":true,"href":"https:\/\/tuttostore.com\/de\/wp-json\/wp\/v2\/product_brand?post=14996"},{"taxonomy":"product_cat","embeddable":true,"href":"https:\/\/tuttostore.com\/de\/wp-json\/wp\/v2\/product_cat?post=14996"},{"taxonomy":"product_tag","embeddable":true,"href":"https:\/\/tuttostore.com\/de\/wp-json\/wp\/v2\/product_tag?post=14996"}],"curies":[{"name":"wp","href":"https:\/\/api.w.org\/{rel}","templated":true}]}}