{"id":14997,"date":"2019-01-07T14:47:01","date_gmt":"2019-01-07T13:47:01","guid":{"rendered":"https:\/\/tuttostore.com\/prodotto\/granito-oro\/"},"modified":"2025-09-18T09:29:13","modified_gmt":"2025-09-18T07:29:13","slug":"granito-oro","status":"publish","type":"product","link":"https:\/\/tuttostore.com\/de\/produkt\/granito-oro\/","title":{"rendered":"Goldgranit"},"content":{"rendered":"<h1>Goldgranit<\/h1>\n<p>Goldgranit<\/p>\n<p>Nur das Herzst\u00fcck des Weizenkorns aus einer exklusiven Getreidemischung, der Teig wird auch nach mehreren Tagen der Herstellung nicht grau, seine besondere Korngr\u00f6\u00dfe erm\u00f6glicht Ihnen die Herstellung hervorragender frischer, grober Pasta, Gnocchi nach r\u00f6mischer Art und traditioneller Gnocchi.<\/p>\n<p><strong>Verpackung: 1,00 kg<\/strong><\/p>\n<p><span style=\"text-decoration: underline;\"><strong>Molino Enrici informiert Sie dar\u00fcber, dass die Preise f\u00fcr sein Qualit\u00e4tsmehl reguliert sind, um den Einkauf zu erleichtern und die Versandkosten zu decken.<\/strong><\/span><\/p>\n<div>\n<p><strong>UNSER UNTERNEHMEN<\/strong><\/p>\n<p><strong>MOLINO ENRICI<\/strong><\/p>\n<p>Dank unserer flexiblen Mischanlage und eines technologisch fortschrittlichen Forschungs- und Analyselabors, das zu den umfassendsten der europ\u00e4ischen M\u00fchlenindustrie z\u00e4hlt, k\u00f6nnen wir Produkte individuell anpassen und ma\u00dfgeschneiderte Mehle herstellen. Neben unserem traditionellen Brotmehlsortiment haben wir in Zusammenarbeit mit Meisterhandwerkern Spezialmehle und nat\u00fcrliche Halbfertigprodukte f\u00fcr Pizza-, Pasta- und Geb\u00e4ckprofis entwickelt.<\/p>\n<p>&nbsp;<\/p>\n<div>\n<div>\n<p>Klicken <a href=\"https:\/\/tuttostore.com\/de\/vendor\/molino-enrici-s-r-l\/\">Hier<\/a> um alle Produkte von Molino Enrici Srl zu entdecken<\/p>\n<\/div>\n<\/div>\n<div>Klicken <a href=\"http:\/\/www.molinoenrici.it\/\">Hier<\/a> um die Homepage von Molino Enrici Srl zu besuchen<\/div>\n<\/div>","protected":false},"excerpt":{"rendered":"<p><strong>Goldgranit<\/strong><\/p>\n<p>Eine exklusive Getreidemischung, deren besondere Korngr\u00f6\u00dfe Ihnen die Herstellung hervorragender grober frischer Pasta, Gnocchi nach r\u00f6mischer Art und traditioneller Gnocchi erm\u00f6glicht.<\/p>\n<p><strong>Verf\u00fcgbare Gr\u00f6\u00dfen: 1 kg<\/strong><\/p>\n<p><span style=\"text-decoration: underline;\"><strong>Molino Enrici informiert Sie dar\u00fcber, dass die Preise f\u00fcr sein Qualit\u00e4tsmehl reguliert sind, um den Einkauf zu erleichtern und die Versandkosten zu decken.<\/strong><\/span><\/p>","protected":false},"featured_media":16196,"comment_status":"open","ping_status":"closed","template":"","meta":{"_acf_changed":false},"product_brand":[],"product_cat":[3887],"product_tag":[1372],"class_list":{"0":"post-14997","1":"product","2":"type-product","3":"status-publish","4":"has-post-thumbnail","6":"product_cat-alimentazione","7":"product_tag-granito-oro","8":"product_shipping_class-molino-enrici","9":"pa_confezione-1-kg","10":"pa_confezione-25-kg","11":"pa_confezione-5-kg","12":"pa_vendors-molino-enrici-s-r-l","14":"first","15":"instock","16":"taxable","17":"shipping-taxable","18":"purchasable","19":"product-type-simple","swatches":"rey-swatches","show_selected":""},"acf":[],"_links":{"self":[{"href":"https:\/\/tuttostore.com\/de\/wp-json\/wp\/v2\/product\/14997","targetHints":{"allow":["GET"]}}],"collection":[{"href":"https:\/\/tuttostore.com\/de\/wp-json\/wp\/v2\/product"}],"about":[{"href":"https:\/\/tuttostore.com\/de\/wp-json\/wp\/v2\/types\/product"}],"replies":[{"embeddable":true,"href":"https:\/\/tuttostore.com\/de\/wp-json\/wp\/v2\/comments?post=14997"}],"wp:featuredmedia":[{"embeddable":true,"href":"https:\/\/tuttostore.com\/de\/wp-json\/wp\/v2\/media\/16196"}],"wp:attachment":[{"href":"https:\/\/tuttostore.com\/de\/wp-json\/wp\/v2\/media?parent=14997"}],"wp:term":[{"taxonomy":"product_brand","embeddable":true,"href":"https:\/\/tuttostore.com\/de\/wp-json\/wp\/v2\/product_brand?post=14997"},{"taxonomy":"product_cat","embeddable":true,"href":"https:\/\/tuttostore.com\/de\/wp-json\/wp\/v2\/product_cat?post=14997"},{"taxonomy":"product_tag","embeddable":true,"href":"https:\/\/tuttostore.com\/de\/wp-json\/wp\/v2\/product_tag?post=14997"}],"curies":[{"name":"wp","href":"https:\/\/api.w.org\/{rel}","templated":true}]}}