{"id":15028,"date":"2019-01-24T10:10:06","date_gmt":"2019-01-24T09:10:06","guid":{"rendered":"https:\/\/tuttostore.com\/prodotto\/rosaluce-2024-ex-il-chiaretto-valtenesi-doc-bio\/"},"modified":"2026-03-31T11:29:48","modified_gmt":"2026-03-31T09:29:48","slug":"rosaluce-ex-il-chiaretto-valtenesi-doc-bio","status":"publish","type":"product","link":"https:\/\/tuttostore.com\/de\/produkt\/rosaluce-ex-il-chiaretto-valtenesi-doc-bio\/","title":{"rendered":"ROSALUCE 2025 (ex Il Chiaretto) \u2013 VALT\u00c8NESI DOC \u2013 BIO"},"content":{"rendered":"<h1><span data-olk-copy-source=\"MessageBody\">ROSALUCE 2025 (ex Il Chiaretto) \u2013 VALT\u00c8NESI DOC \u2013 BIO<\/span><\/h1>\n<p><span data-olk-copy-source=\"MessageBody\">ROSALUCE 2025 (ex Il Chiaretto) \u2013 VALT\u00c8NESI DOC \u2013 BIO<\/span><\/p>\n<div>\n<p class=\"x_MsoNormal\"><b><span data-olk-copy-source=\"MessageBody\">Rosaluce: Der Wein einer Nacht, die Urspr\u00fcnge des Valt\u00e8nesi-Mythos<\/span><\/b><\/p>\n<p><b><\/b>Rosaluce verk\u00f6rpert den traditionellen Ros\u00e9 des Valt\u00e8nesi, geboren aus dem einzigartigen Mikroklima der dem Sonnenaufgang ausgesetzten H\u00fcgel mit Blick auf den Gardasee, das n\u00f6rdliche Mittelmeer. Aus dem Herzen der in Raffa und Picedo angebauten Trauben Groppello, Marzemino, Barbera und Sangiovese entsteht dieser leuchtend korallenrosa Wein, erkennbar an seiner unverwechselbaren Saftigkeit.<\/p>\n<p><strong>Jahrgang:<\/strong> 2025<br \/>\n<strong>Inhalt:<\/strong>\u00a0750 ml<br \/>\n<strong>Dokument:<\/strong>\u00a0VALT\u00c8NESI DOC \u2013 BIO<\/p>\n<p><strong>Enth\u00e4lt Sulfate<\/strong><br \/>\n<strong>Hergestellt in Italien<\/strong><br \/>\n<strong><a href=\"https:\/\/label.tasto.io\/677e7df84034f2002b801887\" target=\"_blank\" rel=\"noopener\">klicken Sie hier<\/a> um Zutaten und N\u00e4hrwerte zu sehen<\/strong><\/p>\n<p>Bei 12 \u00b0C als Aperitif, zu ersten G\u00e4ngen, Fischsuppen und wei\u00dfem Fleisch, Wurstwaren und Seefisch servieren.<\/p>\n<p><span style=\"color: #ff0000;\"><strong>MINDESTENS 3 FLASCHEN ODER EIN VIELFACHE DAVON zur Auswahl im PASINI Shop<\/strong><\/span><\/p>\n<\/div>\n<div>\n<p>UNSER UNTERNEHMEN<\/p>\n<p><span style=\"display: inline !important; float: none; background-color: transparent; color: #49616b; cursor: text; font-family: Georgia,'Times New Roman','Bitstream Charter',Times,serif; font-size: 16px; font-style: normal; font-variant: normal; font-weight: 400; letter-spacing: normal; orphans: 2; text-align: left; text-decoration: none; text-indent: 0px; text-transform: none; -webkit-text-stroke-width: 0px; white-space: normal; word-spacing: 0px;\">Pasini San Giovanni wurde 1958 von Andrea Pasini gegr\u00fcndet und ist bis heute ein Familienbetrieb. Heute wird das Weingut in dritter Generation von Winzern gef\u00fchrt. Dank seiner 36 Hektar eigenen Weinberge in den Regionen Valt\u00e8nesi und Lugana am Ufer des Gardasees in Brescia bringt es den unverwechselbaren Charakter der Gardaseeregion in jeder Flasche zum Ausdruck. Dank einer Photovoltaikanlage seit 2009 und einem Projekt zur Bewertung des CO2-Fu\u00dfabdrucks n\u00e4hern sich das Weingut und die gesamte Unternehmensleitung zunehmend dem Ziel vollst\u00e4ndiger Nachhaltigkeit.<\/span><br \/>\n<span style=\"display: inline !important; float: none; background-color: transparent; color: #49616b; cursor: text; font-family: Georgia,'Times New Roman','Bitstream Charter',Times,serif; font-size: 16px; font-style: normal; font-variant: normal; font-weight: 400; letter-spacing: normal; orphans: 2; text-align: left; text-decoration: none; text-indent: 0px; text-transform: none; -webkit-text-stroke-width: 0px; white-space: normal; word-spacing: 0px;\">Das Unternehmen hat heute zwei Namen, einer davon ist offensichtlich mit der Familie Pasini verbunden, die das Unternehmen gegr\u00fcndet hat und seit jeher leitet, der andere mit dem lokalen Ortsnamen, in dem sich Cascina San Giovanni befindet, das als San Giovanni-Gebiet bezeichnet wird und mit der Kirche San Giovanni in Palude, einem Weiler von Puegnago unweit von Raffa, verbunden ist.<\/span><\/p>\n<p>&nbsp;<\/p>\n<div>\n<div>\n<p>Klicken <a href=\"https:\/\/tuttostore.com\/de\/vendor\/pasini-san-giovanni\/\">Hier<\/a> um alle Produkte von Pasini San Giovanni zu entdecken<\/p>\n<\/div>\n<\/div>\n<div>Klicken <a href=\"http:\/\/www.pasinisangiovanni.it\/\">Hier<\/a> um die Homepage von <span style=\"display: inline !important; float: none; background-color: transparent; color: #49616b; cursor: text; font-family: Georgia,'Times New Roman','Bitstream Charter',Times,serif; font-size: 16px; font-style: normal; font-variant: normal; font-weight: 400; letter-spacing: normal; orphans: 2; text-align: left; text-decoration: none; text-indent: 0px; text-transform: none; -webkit-text-stroke-width: 0px; white-space: normal; word-spacing: 0px;\">Pasini San Giovanni<\/span><\/div>\n<\/div>","protected":false},"excerpt":{"rendered":"<p><span style=\"color: #ff0000;\"><strong>Der Verkauf an Minderj\u00e4hrige unter 18 Jahren ist verboten.<\/strong><\/span><\/p>\n<p>Der angegebene Preis gilt f\u00fcr eine einzelne Flasche.<\/p>\n<p><span style=\"color: #ff0000;\"><strong>MINDESTENS 3 FLASCHEN ODER EIN VIELFACHE DAVON zur Auswahl im PASINI Shop<\/strong><\/span><\/p>","protected":false},"featured_media":16291,"comment_status":"open","ping_status":"closed","template":"","meta":{"_acf_changed":false},"product_brand":[],"product_cat":[3887,3954],"product_tag":[863,2016,3794,3795,3553,3796],"class_list":{"0":"post-15028","1":"product","2":"type-product","3":"status-publish","4":"has-post-thumbnail","6":"product_cat-alimentazione","7":"product_cat-bevande","8":"product_tag-bio","9":"product_tag-il-chiaretto-valtenesi-doc-bio","10":"product_tag-rosaluce","11":"product_tag-rose","12":"product_tag-valtenesi","13":"product_tag-vino-rose","14":"product_shipping_class-pasini","15":"pa_vendors-pasini-san-giovanni","17":"first","18":"instock","19":"taxable","20":"shipping-taxable","21":"purchasable","22":"product-type-simple","swatches":"rey-swatches","show_selected":""},"acf":[],"_links":{"self":[{"href":"https:\/\/tuttostore.com\/de\/wp-json\/wp\/v2\/product\/15028","targetHints":{"allow":["GET"]}}],"collection":[{"href":"https:\/\/tuttostore.com\/de\/wp-json\/wp\/v2\/product"}],"about":[{"href":"https:\/\/tuttostore.com\/de\/wp-json\/wp\/v2\/types\/product"}],"replies":[{"embeddable":true,"href":"https:\/\/tuttostore.com\/de\/wp-json\/wp\/v2\/comments?post=15028"}],"wp:featuredmedia":[{"embeddable":true,"href":"https:\/\/tuttostore.com\/de\/wp-json\/wp\/v2\/media\/16291"}],"wp:attachment":[{"href":"https:\/\/tuttostore.com\/de\/wp-json\/wp\/v2\/media?parent=15028"}],"wp:term":[{"taxonomy":"product_brand","embeddable":true,"href":"https:\/\/tuttostore.com\/de\/wp-json\/wp\/v2\/product_brand?post=15028"},{"taxonomy":"product_cat","embeddable":true,"href":"https:\/\/tuttostore.com\/de\/wp-json\/wp\/v2\/product_cat?post=15028"},{"taxonomy":"product_tag","embeddable":true,"href":"https:\/\/tuttostore.com\/de\/wp-json\/wp\/v2\/product_tag?post=15028"}],"curies":[{"name":"wp","href":"https:\/\/api.w.org\/{rel}","templated":true}]}}