{"id":15030,"date":"2019-02-18T14:06:28","date_gmt":"2019-02-18T13:06:28","guid":{"rendered":"https:\/\/tuttostore.com\/prodotto\/fimolatex-lattice-sigillante\/"},"modified":"2025-07-25T09:32:59","modified_gmt":"2025-07-25T07:32:59","slug":"fimolatex-lattice-sigillante","status":"publish","type":"product","link":"https:\/\/tuttostore.com\/de\/produkt\/fimolatex-lattice-sigillante\/","title":{"rendered":"FIMOLATEX \u2013 Latex-Versiegelung"},"content":{"rendered":"<div>\n<h1>FIMOLATEX \u2013 Latex-Versiegelung<\/h1>\n<div>\n<p>Naturlatex mit hervorragender Durchsto\u00dffestigkeit, speziell entwickelt und kontinuierlich auf Rennstrecken auf der ganzen Welt getestet, um Sportlern und Enthusiasten die bestm\u00f6gliche Leistung zu bieten. Die au\u00dfergew\u00f6hnliche Qualit\u00e4t des Produkts erm\u00f6glicht den optimalen Einsatz sowohl auf Mountainbikes als auch auf Rennr\u00e4dern. Es bietet den besten Schutz vor Durchstichen durch Dornen, Wurzeln, scharfe Steine und Spikes und erm\u00f6glicht es Ihnen, Ihr Rennen oder Ihre Tour auch in Kombination mit START UP, dem Aufpump- und Reparaturger\u00e4t aus der FIMO-Familie der Fahrradpflegeprodukte, zu beenden.<\/p>\n<p>Das Produkt enth\u00e4lt Ammoniak.<\/p>\n<p><span style=\"line-height: 1.5em;\">Die Angaben in diesem Datenblatt basieren auf unserem aktuellen Wissensstand. Sie stellen keine Garantie dar. Es liegt in der Verantwortung des Anwenders, die Eignung der hier bereitgestellten Informationen f\u00fcr seinen spezifischen Anwendungszweck zu pr\u00fcfen.<\/span><\/p>\n<p>&nbsp;<\/p>\n<p>Fimo srl wurde 1976 als Hersteller von industriellen Wartungsprodukten, Schmiermitteln, L\u00f6sungs- und Reinigungsmitteln gegr\u00fcndet. Neben diesem Kerngesch\u00e4ft hat das Unternehmen im Laufe der Jahre dank seiner Erfahrung im industriellen Bereich eine Produktlinie f\u00fcr die Schmierung von Kartketten entwickelt.<\/p>\n<p>Klicken <a href=\"https:\/\/tuttostore.com\/de\/vendor\/fimo-srl\/\">Hier<\/a> um alle FIMO Produkte zu entdecken<\/p>\n<\/div>\n<\/div>\n<div>Klicken <a href=\"http:\/\/www.fimo.it\/2016\/it\/\">Hier<\/a> um die FIMO Homepage zu besuchen<\/div>","protected":false},"excerpt":{"rendered":"<div id=\"short_description_block\">\n<div id=\"short_description_content\" class=\"rte align_justify\">\n<div id=\"short_description_block\">\n<div id=\"short_description_content\" class=\"rte align_justify\">\n<p><strong>FIMOLATEX \u2013 Latex-Versiegelung<\/strong><\/p>\n<div>\n<p>Naturlatex mit hervorragenden Durchsto\u00dffestigkeitseigenschaften.<\/p>\n<\/div>\n<\/div>\n<\/div>\n<\/div>\n<\/div>","protected":false},"featured_media":19103,"comment_status":"open","ping_status":"closed","template":"","meta":{"_acf_changed":false},"product_brand":[],"product_cat":[3898],"product_tag":[2445],"class_list":{"0":"post-15030","1":"product","2":"type-product","3":"status-publish","4":"has-post-thumbnail","6":"product_cat-sport-e-tempo-libero","7":"product_tag-fimolatex-lattice-sigillante","8":"product_shipping_class-fimo-srl","9":"pa_confezione-1-lt","10":"pa_confezione-150-ml","11":"pa_confezione-5-lt","12":"pa_vendors-fimo-srl","14":"first","15":"instock","16":"taxable","17":"shipping-taxable","18":"purchasable","19":"product-type-variable","swatches":"rey-swatches","show_selected":""},"acf":[],"_links":{"self":[{"href":"https:\/\/tuttostore.com\/de\/wp-json\/wp\/v2\/product\/15030","targetHints":{"allow":["GET"]}}],"collection":[{"href":"https:\/\/tuttostore.com\/de\/wp-json\/wp\/v2\/product"}],"about":[{"href":"https:\/\/tuttostore.com\/de\/wp-json\/wp\/v2\/types\/product"}],"replies":[{"embeddable":true,"href":"https:\/\/tuttostore.com\/de\/wp-json\/wp\/v2\/comments?post=15030"}],"wp:featuredmedia":[{"embeddable":true,"href":"https:\/\/tuttostore.com\/de\/wp-json\/wp\/v2\/media\/19103"}],"wp:attachment":[{"href":"https:\/\/tuttostore.com\/de\/wp-json\/wp\/v2\/media?parent=15030"}],"wp:term":[{"taxonomy":"product_brand","embeddable":true,"href":"https:\/\/tuttostore.com\/de\/wp-json\/wp\/v2\/product_brand?post=15030"},{"taxonomy":"product_cat","embeddable":true,"href":"https:\/\/tuttostore.com\/de\/wp-json\/wp\/v2\/product_cat?post=15030"},{"taxonomy":"product_tag","embeddable":true,"href":"https:\/\/tuttostore.com\/de\/wp-json\/wp\/v2\/product_tag?post=15030"}],"curies":[{"name":"wp","href":"https:\/\/api.w.org\/{rel}","templated":true}]}}