{"id":15040,"date":"2019-02-19T07:20:47","date_gmt":"2019-02-19T06:20:47","guid":{"rendered":"https:\/\/tuttostore.com\/prodotto\/7-in-1\/"},"modified":"2025-06-09T14:13:06","modified_gmt":"2025-06-09T12:13:06","slug":"7-in-1","status":"publish","type":"product","link":"https:\/\/tuttostore.com\/de\/produkt\/7-in-1\/","title":{"rendered":"7 in 1"},"content":{"rendered":"<h1>7 in 1<\/h1>\n<p>7 in 1<\/p>\n<p><span style=\"color: #000000; font-family: 'Chaparral Pro'; font-size: 16px; font-style: normal; font-weight: 400; letter-spacing: normal; text-align: justify; text-indent: 0px; text-transform: none; white-space: normal; word-spacing: 0px; float: none;\">Ein wirklich komplettes und aufregendes Spielzentrum. Eine gro\u00dfe Sprungfl\u00e4che, ein Kletterger\u00fcst, eine gro\u00dfe Rutsche, ein Basketballkorb, ein B\u00e4llebad, ein Schie\u00dfstand und ein Ringwurfspiel.<\/span><\/p>\n<p>DAS AUFBLASBARE IST KOMPLETT GELIEFERT MIT:<\/p>\n<p><span style=\"color: #000000; font-family: 'Chaparral Pro'; font-size: 16px; font-style: normal; font-weight: 400; letter-spacing: normal; text-align: justify; text-indent: 0px; text-transform: none; white-space: normal; word-spacing: 0px; float: none;\">- Motor<br \/>\n\u2013 Tragetasche<br \/>\n\u2013 Heringe zur Verankerung im Boden<br \/>\n\u2013 Reparatursatz<br \/>\n\u2013 30 Plastikb\u00e4lle<br \/>\n<\/span><\/p>\n<p><span style=\"color: #000000; font-family: 'Chaparral Pro'; font-size: 16px; font-style: normal; font-weight: 400; letter-spacing: normal; text-align: justify; text-indent: 0px; text-transform: none; white-space: normal; word-spacing: 0px; float: none;\">(Schie\u00dfringe NICHT enthalten)<\/span><\/p>\n<div>\n<p>UNSER UNTERNEHMEN<\/p>\n<p>Alle HAPPY HOP-Schlauchboote garantieren einen hohen Sicherheitsstandard dank der speziellen Sicherheitsnetze an allen Seiten, der h\u00f6heren verst\u00e4rkten W\u00e4nde, der Doppeln\u00e4hte an den Verbindungsstellen und dem Fehlen scharfer Kanten.<\/p>\n<p>Kinder k\u00f6nnen hier sicher springen, rutschen und klettern und dabei ihrer Energie und Spiellust freien Lauf lassen.<\/p>\n<p>Die innere Struktur besteht aus Luftkammern, die beim Springen und Spielen der Kinder f\u00fcr einen gleichm\u00e4\u00dfigen Luftstrom \u00fcber die gesamte Oberfl\u00e4che der Burg sorgen.<\/p>\n<p>Kleine L\u00f6cher (1-2 cm) beeintr\u00e4chtigen die Nutzung NICHT, stellen keine Gefahr dar und k\u00f6nnen mit dem speziellen Reparaturset, das jeder Packung beiliegt, repariert werden.<\/p>\n<p>&nbsp;<\/p>\n<div>\n<div>\n<div>\n<div>\n<p>Klicken <a href=\"https:\/\/tuttostore.com\/de\/vendor\/happy-air-ltd\/\">Hier<\/a> um alle Produkte von Happy Air LTD zu entdecken<\/p>\n<\/div>\n<\/div>\n<div>Klicken <a href=\"https:\/\/www.happyair.it\/\">Hier<\/a> um die Homepage von Happy Air LTD zu besuchen<\/div>\n<\/div>\n<\/div>\n<\/div>","protected":false},"excerpt":{"rendered":"<p><b><span style=\"font-family: Verdana; font-size: small;\">Technische Eigenschaften<\/span><\/b><\/p>\n<p><strong>Abmessungen:<\/strong><span class=\"fs16 ff2 cf3\"> 300x360x235 cm<\/span><br \/>\n<strong>Kartonabmessungen:<\/strong> 72<span class=\"fs16 ff2 cf3\">x45x43cm<\/span><br \/>\n<strong>Gewicht:<\/strong> 23<span class=\"ff2 fs16 cf3\"> kg<\/span><br \/>\n<strong>F\u00fcr Kinder <\/strong><span class=\"ff2 fs16 cf3\">ab 3 Jahren \u2013 150 cm H\u00f6he<br \/>\n<strong>Reichweite:<\/strong> 180 kg max\u00a0\u00a0\u00a0\u00a0\u00a0\u00a0\u00a0\u00a0 <\/span><\/p>","protected":false},"featured_media":16255,"comment_status":"open","ping_status":"closed","template":"","meta":{"_acf_changed":false},"product_brand":[],"product_cat":[3898],"product_tag":[2446,1026,2447,1036],"class_list":{"0":"post-15040","1":"product","2":"type-product","3":"status-publish","4":"has-post-thumbnail","6":"product_cat-sport-e-tempo-libero","7":"product_tag-7-in-1","8":"product_tag-castello-gonfiabile-castello-xxl","9":"product_tag-gonfiabili","10":"product_tag-happyair","11":"product_shipping_class-happy-air","12":"pa_vendors-happy-air-ltd","14":"first","15":"outofstock","16":"taxable","17":"shipping-taxable","18":"purchasable","19":"product-type-simple","swatches":"rey-swatches","show_selected":""},"acf":[],"_links":{"self":[{"href":"https:\/\/tuttostore.com\/de\/wp-json\/wp\/v2\/product\/15040","targetHints":{"allow":["GET"]}}],"collection":[{"href":"https:\/\/tuttostore.com\/de\/wp-json\/wp\/v2\/product"}],"about":[{"href":"https:\/\/tuttostore.com\/de\/wp-json\/wp\/v2\/types\/product"}],"replies":[{"embeddable":true,"href":"https:\/\/tuttostore.com\/de\/wp-json\/wp\/v2\/comments?post=15040"}],"wp:featuredmedia":[{"embeddable":true,"href":"https:\/\/tuttostore.com\/de\/wp-json\/wp\/v2\/media\/16255"}],"wp:attachment":[{"href":"https:\/\/tuttostore.com\/de\/wp-json\/wp\/v2\/media?parent=15040"}],"wp:term":[{"taxonomy":"product_brand","embeddable":true,"href":"https:\/\/tuttostore.com\/de\/wp-json\/wp\/v2\/product_brand?post=15040"},{"taxonomy":"product_cat","embeddable":true,"href":"https:\/\/tuttostore.com\/de\/wp-json\/wp\/v2\/product_cat?post=15040"},{"taxonomy":"product_tag","embeddable":true,"href":"https:\/\/tuttostore.com\/de\/wp-json\/wp\/v2\/product_tag?post=15040"}],"curies":[{"name":"wp","href":"https:\/\/api.w.org\/{rel}","templated":true}]}}