{"id":15041,"date":"2019-02-19T07:30:04","date_gmt":"2019-02-19T06:30:04","guid":{"rendered":"https:\/\/tuttostore.com\/prodotto\/castello-gonfiabile-castello-xxl\/"},"modified":"2025-06-09T14:13:54","modified_gmt":"2025-06-09T12:13:54","slug":"castello-gonfiabile-castello-xxl","status":"publish","type":"product","link":"https:\/\/tuttostore.com\/de\/produkt\/castello-gonfiabile-castello-xxl\/","title":{"rendered":"H\u00fcpfburg XXL-Schloss"},"content":{"rendered":"<h1>H\u00fcpfburg XXL-Schloss<\/h1>\n<p>H\u00fcpfburg XXL-Schloss<\/p>\n<p>Noch gr\u00f6\u00dfer und bunter als der Gro\u00dfe Clown ist Castello XXL dem Namen nach und tats\u00e4chlich! Es hat die gr\u00f6\u00dfte Sprungfl\u00e4che,<br \/>\nAusgestattet mit einer kleinen Mittelrutsche, ist es sowohl f\u00fcr Erwachsene als auch f\u00fcr Kinder geeignet.<br \/>\nAuch mit Sonnenschutz ausgestattet!<\/p>\n<p>Das Schlauchboot wird komplett geliefert mit:<\/p>\n<ul>\n<li>MOTOR<\/li>\n<li>TRAGETASCHE<\/li>\n<li>Heringe zur Verankerung im Boden<\/li>\n<li>REPARATURSATZ<\/li>\n<\/ul>\n<p>&nbsp;<\/p>\n<p>H\u00fcpfburgen f\u00fcr endlosen Spa\u00df f\u00fcr alle. Happy-Hop-H\u00fcpfburgen erfreuen sich zunehmender Beliebtheit bei Eltern und bieten ein schnelles und einfaches Spielsystem, das allen Spa\u00df macht. Jedes Modell ist eine Welt f\u00fcr sich und bietet vielf\u00e4ltige Unterhaltungsm\u00f6glichkeiten, darunter Rutschen, H\u00fcpfburgen, Basketballk\u00f6rbe, B\u00e4lle, Planschbecken und vieles mehr.<\/p>\n<div>\n<p>UNSER UNTERNEHMEN<\/p>\n<p>Alle HAPPY HOP-Schlauchboote garantieren einen hohen Sicherheitsstandard dank der speziellen Sicherheitsnetze an allen Seiten, der h\u00f6heren verst\u00e4rkten W\u00e4nde, der Doppeln\u00e4hte an den Verbindungsstellen und dem Fehlen scharfer Kanten.<\/p>\n<p>Kinder k\u00f6nnen hier sicher springen, rutschen und klettern und dabei ihrer Energie und Spiellust freien Lauf lassen.<\/p>\n<p>Die innere Struktur besteht aus Luftkammern, die beim Springen und Spielen der Kinder f\u00fcr einen gleichm\u00e4\u00dfigen Luftstrom \u00fcber die gesamte Oberfl\u00e4che der Burg sorgen.<\/p>\n<p>Kleine L\u00f6cher (1-2 cm) beeintr\u00e4chtigen die Nutzung NICHT, stellen keine Gefahr dar und k\u00f6nnen mit dem speziellen Reparaturset, das jeder Packung beiliegt, repariert werden.<\/p>\n<p>&nbsp;<\/p>\n<div>\n<div>\n<div>\n<div>\n<p>Klicken <a href=\"https:\/\/tuttostore.com\/de\/vendor\/happy-air-ltd\/\">Hier<\/a> um alle Produkte von Happy Air LTD zu entdecken<\/p>\n<\/div>\n<\/div>\n<div>Klicken <a href=\"https:\/\/www.happyair.it\/\">Hier<\/a> um die Homepage von Happy Air LTD zu besuchen<\/div>\n<\/div>\n<\/div>\n<\/div>","protected":false},"excerpt":{"rendered":"<p><b><span style=\"font-family: Verdana; font-size: small;\">Technische Eigenschaften<\/span><\/b><\/p>\n<p><strong>Abmessungen:<\/strong>\u00a050<span class=\"fs16 ff2 cf3\">0x400x300 cm<\/span><br \/>\n<strong>Kartonabmessungen:<\/strong>\u00a080<span class=\"fs16 ff2 cf3\">x45x43 cm<\/span><br \/>\n<strong>Gewicht:<\/strong> <span class=\"ff2 fs16 cf3\">14,00 kg<\/span><br \/>\n<strong>F\u00fcr Kinder <\/strong><span class=\"ff2 fs16 cf3\">ab 3 Jahren \u2013 150 cm H\u00f6he<br \/>\n<strong>Reichweite:<\/strong>\u00a0225 kg max<\/span><\/p>","protected":false},"featured_media":16259,"comment_status":"open","ping_status":"closed","template":"","meta":{"_acf_changed":false},"product_brand":[],"product_cat":[3898],"product_tag":[1026],"class_list":{"0":"post-15041","1":"product","2":"type-product","3":"status-publish","4":"has-post-thumbnail","6":"product_cat-sport-e-tempo-libero","7":"product_tag-castello-gonfiabile-castello-xxl","8":"product_shipping_class-happy-air","9":"pa_vendors-happy-air-ltd","11":"first","12":"instock","13":"taxable","14":"shipping-taxable","15":"purchasable","16":"product-type-simple","swatches":"rey-swatches","show_selected":""},"acf":[],"_links":{"self":[{"href":"https:\/\/tuttostore.com\/de\/wp-json\/wp\/v2\/product\/15041","targetHints":{"allow":["GET"]}}],"collection":[{"href":"https:\/\/tuttostore.com\/de\/wp-json\/wp\/v2\/product"}],"about":[{"href":"https:\/\/tuttostore.com\/de\/wp-json\/wp\/v2\/types\/product"}],"replies":[{"embeddable":true,"href":"https:\/\/tuttostore.com\/de\/wp-json\/wp\/v2\/comments?post=15041"}],"wp:featuredmedia":[{"embeddable":true,"href":"https:\/\/tuttostore.com\/de\/wp-json\/wp\/v2\/media\/16259"}],"wp:attachment":[{"href":"https:\/\/tuttostore.com\/de\/wp-json\/wp\/v2\/media?parent=15041"}],"wp:term":[{"taxonomy":"product_brand","embeddable":true,"href":"https:\/\/tuttostore.com\/de\/wp-json\/wp\/v2\/product_brand?post=15041"},{"taxonomy":"product_cat","embeddable":true,"href":"https:\/\/tuttostore.com\/de\/wp-json\/wp\/v2\/product_cat?post=15041"},{"taxonomy":"product_tag","embeddable":true,"href":"https:\/\/tuttostore.com\/de\/wp-json\/wp\/v2\/product_tag?post=15041"}],"curies":[{"name":"wp","href":"https:\/\/api.w.org\/{rel}","templated":true}]}}