{"id":15043,"date":"2019-02-19T07:56:52","date_gmt":"2019-02-19T06:56:52","guid":{"rendered":"https:\/\/tuttostore.com\/prodotto\/castello-gonfiabile-mega-scivolo-combo\/"},"modified":"2025-06-09T14:16:08","modified_gmt":"2025-06-09T12:16:08","slug":"castello-gonfiabile-mega-scivolo-combo","status":"publish","type":"product","link":"https:\/\/tuttostore.com\/de\/produkt\/castello-gonfiabile-mega-scivolo-combo\/","title":{"rendered":"H\u00fcpfburg Mega-Rutschen-Kombination"},"content":{"rendered":"<h1>H\u00fcpfburg Mega-Rutschen-Kombination<\/h1>\n<p>H\u00fcpfburg Mega-Rutschen-Kombination<\/p>\n<p>Hier ist unser TOPSELLER!<br \/>\nZwei gro\u00dfe Rutschen mit Tunneln, ein gro\u00dfer Kletterbereich mit Schutznetzen und ein Hintereingang mit Klettverschluss. Inklusive zwei Gewichten zur Befestigung an den Seiten, um die H\u00fcpfburg stabil und ausbalanciert auf dem Boden zu halten.<\/p>\n<p>Das Schlauchboot wird komplett geliefert mit:<\/p>\n<ul>\n<li>MOTOR<\/li>\n<li>TRAGETASCHE<\/li>\n<li>Heringe zur Verankerung im Boden<\/li>\n<li>REPARATURSATZ<\/li>\n<\/ul>\n<p>&nbsp;<\/p>\n<p>H\u00fcpfburgen f\u00fcr endlosen Spa\u00df f\u00fcr alle. Happy-Hop-H\u00fcpfburgen erfreuen sich zunehmender Beliebtheit bei Eltern und bieten ein schnelles und einfaches Spielsystem, das allen Spa\u00df macht. Jedes Modell ist eine Welt f\u00fcr sich und bietet vielf\u00e4ltige Unterhaltungsm\u00f6glichkeiten, darunter Rutschen, H\u00fcpfburgen, Basketballk\u00f6rbe, B\u00e4lle, Planschbecken und vieles mehr.<\/p>\n<div>\n<p>UNSER UNTERNEHMEN<\/p>\n<p>Alle HAPPY HOP-Schlauchboote garantieren einen hohen Sicherheitsstandard dank der speziellen Sicherheitsnetze an allen Seiten, der h\u00f6heren verst\u00e4rkten W\u00e4nde, der Doppeln\u00e4hte an den Verbindungsstellen und dem Fehlen scharfer Kanten.<\/p>\n<p>Kinder k\u00f6nnen hier sicher springen, rutschen und klettern und dabei ihrer Energie und Spiellust freien Lauf lassen.<\/p>\n<p>Die innere Struktur besteht aus Luftkammern, die beim Springen und Spielen der Kinder f\u00fcr einen gleichm\u00e4\u00dfigen Luftstrom \u00fcber die gesamte Oberfl\u00e4che der Burg sorgen.<\/p>\n<p>Kleine L\u00f6cher (1-2 cm) beeintr\u00e4chtigen die Nutzung NICHT, stellen keine Gefahr dar und k\u00f6nnen mit dem speziellen Reparaturset, das jeder Packung beiliegt, repariert werden.<\/p>\n<p>&nbsp;<\/p>\n<div>\n<div>\n<div>\n<div>\n<p>Klicken <a href=\"https:\/\/tuttostore.com\/de\/vendor\/happy-air-ltd\/\">Hier<\/a> um alle Produkte von Happy Air LTD zu entdecken<\/p>\n<\/div>\n<\/div>\n<div>Klicken <a href=\"https:\/\/www.happyair.it\/\">Hier<\/a> um die Homepage von Happy Air LTD zu besuchen<\/div>\n<\/div>\n<\/div>\n<\/div>","protected":false},"excerpt":{"rendered":"<p><b><span style=\"font-family: Verdana; font-size: small;\">Technische Eigenschaften<\/span><\/b><\/p>\n<p><strong>Abmessungen:<\/strong> <span class=\"fs16 ff2 cf3\">600x215x285 cm<\/span><br \/>\n<strong>Kartonabmessungen:<\/strong> <span class=\"fs16 ff2 cf3\">80x45x43 cm<\/span><br \/>\n<strong>Gewicht:<\/strong> <span class=\"ff2 fs16 cf3\">33,0 kg<\/span><br \/>\n<strong>F\u00fcr Kinder <\/strong><span class=\"ff2 fs16 cf3\">ab 3 Jahren \u2013 150 cm H\u00f6he<br \/>\n<strong>Reichweite:<\/strong> 180 kg max\u00a0\u00a0\u00a0\u00a0\u00a0\u00a0\u00a0\u00a0 <\/span><\/p>","protected":false},"featured_media":16266,"comment_status":"open","ping_status":"closed","template":"","meta":{"_acf_changed":false},"product_brand":[],"product_cat":[3898],"product_tag":[1027],"class_list":{"0":"post-15043","1":"product","2":"type-product","3":"status-publish","4":"has-post-thumbnail","6":"product_cat-sport-e-tempo-libero","7":"product_tag-castello-gonfiabile-mega-scivolo-combo","8":"product_shipping_class-happy-air","9":"pa_vendors-happy-air-ltd","11":"first","12":"outofstock","13":"taxable","14":"shipping-taxable","15":"purchasable","16":"product-type-simple","swatches":"rey-swatches","show_selected":""},"acf":[],"_links":{"self":[{"href":"https:\/\/tuttostore.com\/de\/wp-json\/wp\/v2\/product\/15043","targetHints":{"allow":["GET"]}}],"collection":[{"href":"https:\/\/tuttostore.com\/de\/wp-json\/wp\/v2\/product"}],"about":[{"href":"https:\/\/tuttostore.com\/de\/wp-json\/wp\/v2\/types\/product"}],"replies":[{"embeddable":true,"href":"https:\/\/tuttostore.com\/de\/wp-json\/wp\/v2\/comments?post=15043"}],"wp:featuredmedia":[{"embeddable":true,"href":"https:\/\/tuttostore.com\/de\/wp-json\/wp\/v2\/media\/16266"}],"wp:attachment":[{"href":"https:\/\/tuttostore.com\/de\/wp-json\/wp\/v2\/media?parent=15043"}],"wp:term":[{"taxonomy":"product_brand","embeddable":true,"href":"https:\/\/tuttostore.com\/de\/wp-json\/wp\/v2\/product_brand?post=15043"},{"taxonomy":"product_cat","embeddable":true,"href":"https:\/\/tuttostore.com\/de\/wp-json\/wp\/v2\/product_cat?post=15043"},{"taxonomy":"product_tag","embeddable":true,"href":"https:\/\/tuttostore.com\/de\/wp-json\/wp\/v2\/product_tag?post=15043"}],"curies":[{"name":"wp","href":"https:\/\/api.w.org\/{rel}","templated":true}]}}