{"id":15050,"date":"2019-05-07T15:13:03","date_gmt":"2019-05-07T13:13:03","guid":{"rendered":"https:\/\/tuttostore.com\/prodotto\/franciacorta-d-o-c-g-brut\/"},"modified":"2025-05-22T12:09:02","modified_gmt":"2025-05-22T10:09:02","slug":"franciacorta-d-o-c-g-brut","status":"publish","type":"product","link":"https:\/\/tuttostore.com\/de\/produkt\/franciacorta-d-o-c-g-brut\/","title":{"rendered":"Franciacorta DOCG BRUT"},"content":{"rendered":"<h1>Franciacorta DOCG BRUT<\/h1>\n<p>Franciacorta DOCG BRUT<\/p>\n<div>\n<p><strong>Franciacorta DOCG BRUT<\/strong><\/p>\n<p>Nachg\u00e4rung in der Flasche mit mindestens 18 Monaten Reifung auf der Hefe;<\/p>\n<p>fr\u00fchestens 25 Monate nach der Ernte auf den Markt zu bringen; Flaschendruck zwischen 5 und 6 Atmosph\u00e4ren.<\/p>\n<p>&nbsp;<\/p>\n<p><strong>TECHNISCHE DATEN<\/strong><\/p>\n<p><em>Produktionsbereich:\u00a0<\/em>Auswahl an Chardonnay-Trauben aus besonders geeigneten Hanglagen im Franciacorta-Gebiet.<\/p>\n<p><em>Bodenart:\u00a0<\/em>Kalkhaltig \u2013 Tonhaltig<\/p>\n<p><em>Trauben:<\/em>\u00a0Chardonnay 100%<\/p>\n<p><em>Ertrag pro Hektar:<\/em> 90\u2013100 Doppelzentner Trauben\/Hektar (maximal zul\u00e4ssig)<\/p>\n<p><em>Weinbereitung:\u00a0<\/em>Die nach Reifegrad und S\u00e4uregehalt ausgew\u00e4hlten Trauben werden sanft gepresst und in Stahlf\u00e4ssern bei einer kontrollierten Temperatur zwischen 15\u00b0 \u2013 18\u00b0C vergoren.<\/p>\n<p>&nbsp;<\/p>\n<p><strong>ORGANOLEPTISCHE DATEN<\/strong><\/p>\n<p><em>Farbe:\u00a0<\/em>Hellgelb mit gr\u00fcnlichen Reflexen<\/p>\n<p><em>Parf\u00fcm:\u00a0<\/em>Reichhaltig und intensiv<\/p>\n<p><em>Schmecken:\u00a0<\/em>Sehr vollmundig, mit angenehmer Weichheit, Ankl\u00e4ngen von Brotkruste und Hefe, angereichert mit zarten Noten von Zitrusfr\u00fcchten und Trockenfr\u00fcchten (Mandel, Haselnuss, getrocknete wei\u00dfe Feige), ein herzhafter, frischer, feiner und harmonischer Geschmack.<\/p>\n<p><em>Perlage:\u00a0<\/em>Fein und anhaltend<\/p>\n<p>Serviertemperatur: 8-10\u00b0C<\/p>\n<p>&nbsp;<\/p>\n<p><strong>Speisenempfehlungen:\u00a0<\/strong><\/p>\n<p>Er passt besonders gut zu allen Mahlzeiten, zu Fisch- oder Gem\u00fcsegerichten, ersten und zweiten G\u00e4ngen mit Meeresfr\u00fcchten und rohem Fisch, gebratenem Fisch und Gem\u00fcse, wei\u00dfem Fleisch und reifem K\u00e4se.<\/p>\n<\/div>\n<div class=\"_2cuy _3dgx _2vxa\">\n<div class=\"fusion-text\">\n<div><\/div>\n<\/div>\n<\/div>\n<div>\n<div>Klicken <a href=\"https:\/\/tuttostore.com\/de\/vendor\/moustache-noire\/\">Hier<\/a> um alle Produkte von zu entdecken <strong>Schwarzer Schnurrbart<\/strong><\/div>\n<div>Klicken <a href=\"http:\/\/www.moustachenoire.com\/\">Hier<\/a> um die Homepage von <strong>Schwarzer Schnurrbart<\/strong><\/div>\n<\/div>","protected":false},"excerpt":{"rendered":"<div>\n<h3>Franciacorta Brut<br \/>\nTrauben: 100% Chardonnay.<\/h3>\n<\/div>\n<div><\/div>","protected":false},"featured_media":16002,"comment_status":"open","ping_status":"closed","template":"","meta":{"_acf_changed":false},"product_brand":[],"product_cat":[3887,3907,3954],"product_tag":[2852],"class_list":{"0":"post-15050","1":"product","2":"type-product","3":"status-publish","4":"has-post-thumbnail","6":"product_cat-alimentazione","7":"product_cat-casa-e-ufficio","8":"product_cat-bevande","9":"product_tag-franciacorta-d-o-c-g-brut","10":"product_shipping_class-moustache-noire","11":"pa_a-scelta-tra-250-gr","12":"pa_a-scelta-tra-400-gr","13":"pa_vendors-moustache-noire","15":"first","16":"instock","17":"taxable","18":"shipping-taxable","19":"purchasable","20":"product-type-simple","swatches":"rey-swatches","show_selected":""},"acf":[],"_links":{"self":[{"href":"https:\/\/tuttostore.com\/de\/wp-json\/wp\/v2\/product\/15050","targetHints":{"allow":["GET"]}}],"collection":[{"href":"https:\/\/tuttostore.com\/de\/wp-json\/wp\/v2\/product"}],"about":[{"href":"https:\/\/tuttostore.com\/de\/wp-json\/wp\/v2\/types\/product"}],"replies":[{"embeddable":true,"href":"https:\/\/tuttostore.com\/de\/wp-json\/wp\/v2\/comments?post=15050"}],"wp:featuredmedia":[{"embeddable":true,"href":"https:\/\/tuttostore.com\/de\/wp-json\/wp\/v2\/media\/16002"}],"wp:attachment":[{"href":"https:\/\/tuttostore.com\/de\/wp-json\/wp\/v2\/media?parent=15050"}],"wp:term":[{"taxonomy":"product_brand","embeddable":true,"href":"https:\/\/tuttostore.com\/de\/wp-json\/wp\/v2\/product_brand?post=15050"},{"taxonomy":"product_cat","embeddable":true,"href":"https:\/\/tuttostore.com\/de\/wp-json\/wp\/v2\/product_cat?post=15050"},{"taxonomy":"product_tag","embeddable":true,"href":"https:\/\/tuttostore.com\/de\/wp-json\/wp\/v2\/product_tag?post=15050"}],"curies":[{"name":"wp","href":"https:\/\/api.w.org\/{rel}","templated":true}]}}