{"id":15051,"date":"2019-05-07T15:29:43","date_gmt":"2019-05-07T13:29:43","guid":{"rendered":"https:\/\/tuttostore.com\/prodotto\/franciacorta-d-o-c-g-brut-saten\/"},"modified":"2025-05-22T12:10:05","modified_gmt":"2025-05-22T10:10:05","slug":"franciacorta-d-o-c-g-brut-saten","status":"publish","type":"product","link":"https:\/\/tuttostore.com\/de\/produkt\/franciacorta-d-o-c-g-brut-saten\/","title":{"rendered":"Franciacorta DOCG BRUT SAT\u00c8N"},"content":{"rendered":"<h1>Franciacorta DOCG BRUT SAT\u00c8N<\/h1>\n<p>Franciacorta DOCG BRUT SAT\u00c8N<\/p>\n<h5><strong style=\"font-size: 16px;\">Franciacorta DOCG BRUT SAT\u00c8N<\/strong><\/h5>\n<div>\n<p>Flascheng\u00e4rung mit mindestens 24 Monaten Reifung auf der Hefe;<\/p>\n<p>fr\u00fchestens 32 Monate nach der Ernte auf den Markt zu bringen; Flaschendruck zwischen 4 und 5 Atmosph\u00e4ren.<\/p>\n<p>&nbsp;<\/p>\n<p><strong>TECHNISCHE DATEN<\/strong><\/p>\n<p><em>Produktionsbereich:\u00a0<\/em>Eine Auswahl der besten Chardonnay-Trauben des Unternehmens aus einer einzigen, der geschichtstr\u00e4chtigsten Parzelle auf dem Monte Orfano di Rovato.<\/p>\n<p><em>Bodenart: Kiesig \u2013\u00a0<\/em>Kalkhaltig<\/p>\n<p><em>Trauben:<\/em>\u00a0Chardonnay 100%<\/p>\n<p><em>Ertrag pro Hektar:<\/em> Nie mehr als 90 Doppelzentner Trauben\/Hektar<\/p>\n<p><em>Weinbereitung:\u00a0<\/em>Die Trauben werden aufgrund ihres optimalen Zucker- und S\u00e4uregehalts ausgew\u00e4hlt und schonend gepresst. Sobald der Vorlaufmost gewonnen ist, wird dieser in Stahlf\u00e4ssern bei einer kontrollierten Temperatur zwischen 15 und 18 \u00b0C vergoren.<\/p>\n<p>Erh\u00e4ltlich in folgenden Versionen: 0,75-Liter-Champagnerflasche.<\/p>\n<p>1,50-Liter-Magnumflasche.<\/p>\n<p><strong>ORGANOLEPTISCHE DATEN<\/strong><\/p>\n<p><em>Farbe:\u00a0<\/em>Tiefgelb mit goldenen Reflexen.<\/p>\n<p><em>Parf\u00fcm:\u00a0<\/em>Intensiv mit Gew\u00fcrznoten im Abgang.<\/p>\n<p><em>Geschmack: Die Frische ist sofort sp\u00fcrbar und endet mit einem Hauch von Lakritz und Gew\u00fcrzen. Die sp\u00e4ter wahrnehmbare Weichheit ist das Ergebnis einer langen Verfeinerung und Reifung, die die Harmonie der wei\u00dfen Fr\u00fcchte vermittelt.<\/em><\/p>\n<p><em>Perlage:\u00a0<\/em>Sehr fein und anhaltend<\/p>\n<p>Serviertemperatur: 6 \u2013 8\u00b0C<\/p>\n<p>&nbsp;<\/p>\n<\/div>\n<div class=\"_2cuy _3dgx _2vxa\">\n<div class=\"fusion-text\">\n<div><\/div>\n<\/div>\n<\/div>\n<div>\n<div>Klicken <a href=\"https:\/\/tuttostore.com\/de\/vendor\/moustache-noire\/\">Hier<\/a> um alle Produkte von zu entdecken <strong>Schwarzer Schnurrbart<\/strong><\/div>\n<div>Klicken <a href=\"http:\/\/www.moustachenoire.com\/\">Hier<\/a> um die Homepage von <strong>Schwarzer Schnurrbart<\/strong><\/div>\n<\/div>","protected":false},"excerpt":{"rendered":"<div>\n<h3>Franciacorta Brut Sat\u00e8n<br \/>\nTrauben: 100% Chardonnay.<\/h3>\n<\/div>\n<div><\/div>","protected":false},"featured_media":16003,"comment_status":"open","ping_status":"closed","template":"","meta":{"_acf_changed":false},"product_brand":[],"product_cat":[3887,3907,3954],"product_tag":[2853],"class_list":{"0":"post-15051","1":"product","2":"type-product","3":"status-publish","4":"has-post-thumbnail","6":"product_cat-alimentazione","7":"product_cat-casa-e-ufficio","8":"product_cat-bevande","9":"product_tag-franciacorta-d-o-c-g-brut-saten","10":"product_shipping_class-moustache-noire","11":"pa_a-scelta-tra-250-gr","12":"pa_a-scelta-tra-400-gr","13":"pa_vendors-moustache-noire","15":"first","16":"instock","17":"taxable","18":"shipping-taxable","19":"purchasable","20":"product-type-simple","swatches":"rey-swatches","show_selected":""},"acf":[],"_links":{"self":[{"href":"https:\/\/tuttostore.com\/de\/wp-json\/wp\/v2\/product\/15051","targetHints":{"allow":["GET"]}}],"collection":[{"href":"https:\/\/tuttostore.com\/de\/wp-json\/wp\/v2\/product"}],"about":[{"href":"https:\/\/tuttostore.com\/de\/wp-json\/wp\/v2\/types\/product"}],"replies":[{"embeddable":true,"href":"https:\/\/tuttostore.com\/de\/wp-json\/wp\/v2\/comments?post=15051"}],"wp:featuredmedia":[{"embeddable":true,"href":"https:\/\/tuttostore.com\/de\/wp-json\/wp\/v2\/media\/16003"}],"wp:attachment":[{"href":"https:\/\/tuttostore.com\/de\/wp-json\/wp\/v2\/media?parent=15051"}],"wp:term":[{"taxonomy":"product_brand","embeddable":true,"href":"https:\/\/tuttostore.com\/de\/wp-json\/wp\/v2\/product_brand?post=15051"},{"taxonomy":"product_cat","embeddable":true,"href":"https:\/\/tuttostore.com\/de\/wp-json\/wp\/v2\/product_cat?post=15051"},{"taxonomy":"product_tag","embeddable":true,"href":"https:\/\/tuttostore.com\/de\/wp-json\/wp\/v2\/product_tag?post=15051"}],"curies":[{"name":"wp","href":"https:\/\/api.w.org\/{rel}","templated":true}]}}