{"id":15088,"date":"2019-05-13T07:28:05","date_gmt":"2019-05-13T05:28:05","guid":{"rendered":"https:\/\/tuttostore.com\/prodotto\/parure-copripiumino-rosso-london\/"},"modified":"2025-05-22T11:34:25","modified_gmt":"2025-05-22T09:34:25","slug":"parure-copripiumino-rosso-london","status":"publish","type":"product","link":"https:\/\/tuttostore.com\/de\/produkt\/parure-copripiumino-rosso-london\/","title":{"rendered":"Bettbezug-Set \u201eLondon Red\u201c"},"content":{"rendered":"<h1>Bettbezug-Set \u201eLondon Red\u201c<\/h1>\n<div>\n<div class=\"camera_caption_desc\">\n<div class=\"camera_caption_desc\">\n<div class=\"camera_caption_desc\">\n<div>\n<pre>Bettbezug-Set \u201eLondon Red\u201c<\/pre>\n<p>aus reinem Baumwollstoff mit einem Fotodruck, der eine Ansicht von London zeigt<\/p>\n<p>Einzelbettgr\u00f6\u00dfe 155x200 cm + Klappe und 1 Kissenbezug 50x80 cm<br \/>\nEinzelbett, 1,5 Quadratmeter, Gr\u00f6\u00dfe 190x200 cm + Klappe und 1 Kissenbezug 50x80 cm<\/p>\n<p>Zusammensetzung 100% Baumwolle<\/p>\n<p><strong><span style=\"color: #d0121a;\">HERGESTELLT IN ITALIEN<\/span><\/strong><\/p>\n<\/div>\n<\/div>\n<\/div>\n<\/div>\n<\/div>\n<div class=\"_2cuy _3dgx _2vxa\">\n<p class=\"visione\"><strong>UNSER UNTERNEHMEN<\/strong><\/p>\n<p>Die j\u00fcngste der gro\u00dfen Marken, ein Synonym f\u00fcr italienischen Stil und Charme, bietet einen abgestimmten Look f\u00fcr die Einrichtung Ihres Zuhauses.<\/p>\n<p>Das Unternehmen ist seit Jahrzehnten auf dem Markt und entwirft f\u00fcr seine Kunden exklusive Kollektionen aus einer eigenen Designabteilung und mit externen Mitarbeitern, die Wert auf die Qualit\u00e4t und Innovation von Produkten wie Baumwollhandt\u00fcchern, bedruckten Laken, Steppdecken, Geschirr, Bettbez\u00fcgen und vielem mehr legen.<\/p>\n<p>Gegr\u00fcndet im Herzen des Textilzentrums Val Gandino, begann das Unternehmen als einfacher Familienbetrieb. Dank harter Arbeit und sorgf\u00e4ltiger Verwaltung ist es heute eine Produktionsst\u00e4tte mit einer Fl\u00e4che von 30.000 Quadratmetern. Es gibt keine Geheimnisse: Der Wunsch, \u201edie Dinge gut zu machen\u201c, jede Abteilung zu optimieren und kontinuierlich einen Teil des Gewinns in Technologie und Maschinen zu investieren, um die Marktnachfrage zu verfolgen und zu antizipieren, hat dieses Unternehmen geschaffen, das noch heute \u00fcber eine eigene Weberei, Druckerei und Schneiderei verf\u00fcgt.<br \/>\nOnda Blu Textile vereint und koordiniert verschiedene Produktionsgruppen unter der Leitung von Mitgliedern der Familie Bertasa. Diese sind direkt f\u00fcr jede Abteilung verantwortlich und kommunizieren t\u00e4glich mit den verschiedenen Betriebsmitarbeitern, die alle einem einzigen Administrator unterstellt sind, der f\u00fcr Entscheidungen und Betriebsrichtlinien verantwortlich ist, die auf die verschiedenen Gesch\u00e4ftsanforderungen zugeschnitten sind.<\/p>\n<p>F\u00fcr die Produkte 80% von Onda Blu Textile wird Baumwolle als Grundfaser verwendet. Frottee ist das Flaggschiffprodukt des Unternehmens. Die Vertikalisierung jedes Produktionszyklus erm\u00f6glicht Kosteneinsparungen, gew\u00e4hrleistet Qualit\u00e4tskontrolle und bietet umfassende Flexibilit\u00e4t, sodass wir spezifische Kundenauftr\u00e4ge mit erstaunlicher Geschwindigkeit erf\u00fcllen k\u00f6nnen.<\/p>\n<p>Ein weiterer wichtiger Eckpfeiler unserer Produktion ist Canvas. Wir verwenden Baumwolle f\u00fcr Bettlaken, Flanell, Decken und Steppdecken. Unsere hauseigene Druckerei verf\u00fcgt \u00fcber drei Druckwerke.<\/p>\n<\/div>\n<div>\n<div>Klicken <a href=\"https:\/\/tuttostore.com\/de\/vendor\/onda-blu\/\">Hier<\/a> um alle Produkte von zu entdecken<strong>\u00a0Blaue Welle<\/strong><\/div>\n<div>Klicken <a href=\"https:\/\/www.ondablutextile.com\/it\/\">Hier<\/a> um die Homepage von <strong>Blaue Welle<\/strong><\/div>\n<\/div>","protected":false},"excerpt":{"rendered":"<div class=\"camera_caption_title\">\n<p><strong>Bettbezug-Set \u201eLondon Red\u201c<\/strong><\/p>\n<p><strong><span style=\"color: #d0121a;\">HERGESTELLT IN ITALIEN<\/span><\/strong><\/p>\n<\/div>","protected":false},"featured_media":15975,"comment_status":"open","ping_status":"closed","template":"","meta":{"_acf_changed":false},"product_brand":[],"product_cat":[3907],"product_tag":[2892],"class_list":{"0":"post-15088","1":"product","2":"type-product","3":"status-publish","4":"has-post-thumbnail","6":"product_cat-casa-e-ufficio","7":"product_tag-parure-copripiumino-giallo-new-york","8":"product_shipping_class-onda-blu","9":"pa_a-scelta-tra-1-piazza","10":"pa_a-scelta-tra-1-piazza-e-mezza","11":"pa_vendors-onda-blu","13":"first","14":"instock","15":"taxable","16":"shipping-taxable","17":"purchasable","18":"product-type-variable","swatches":"rey-swatches","show_selected":""},"acf":[],"_links":{"self":[{"href":"https:\/\/tuttostore.com\/de\/wp-json\/wp\/v2\/product\/15088","targetHints":{"allow":["GET"]}}],"collection":[{"href":"https:\/\/tuttostore.com\/de\/wp-json\/wp\/v2\/product"}],"about":[{"href":"https:\/\/tuttostore.com\/de\/wp-json\/wp\/v2\/types\/product"}],"replies":[{"embeddable":true,"href":"https:\/\/tuttostore.com\/de\/wp-json\/wp\/v2\/comments?post=15088"}],"wp:featuredmedia":[{"embeddable":true,"href":"https:\/\/tuttostore.com\/de\/wp-json\/wp\/v2\/media\/15975"}],"wp:attachment":[{"href":"https:\/\/tuttostore.com\/de\/wp-json\/wp\/v2\/media?parent=15088"}],"wp:term":[{"taxonomy":"product_brand","embeddable":true,"href":"https:\/\/tuttostore.com\/de\/wp-json\/wp\/v2\/product_brand?post=15088"},{"taxonomy":"product_cat","embeddable":true,"href":"https:\/\/tuttostore.com\/de\/wp-json\/wp\/v2\/product_cat?post=15088"},{"taxonomy":"product_tag","embeddable":true,"href":"https:\/\/tuttostore.com\/de\/wp-json\/wp\/v2\/product_tag?post=15088"}],"curies":[{"name":"wp","href":"https:\/\/api.w.org\/{rel}","templated":true}]}}