{"id":15154,"date":"2019-05-21T15:01:37","date_gmt":"2019-05-21T13:01:37","guid":{"rendered":"https:\/\/tuttostore.com\/prodotto\/cofanetto-3-cd-collection-davide-locatelli\/"},"modified":"2025-05-21T15:41:44","modified_gmt":"2025-05-21T13:41:44","slug":"cofanetto-3-cd-collection-davide-locatelli","status":"publish","type":"product","link":"https:\/\/tuttostore.com\/de\/produkt\/cofanetto-3-cd-collection-davide-locatelli\/","title":{"rendered":"Davide Locatelli Collection 3-CD-Boxset"},"content":{"rendered":"<h1>Davide Locatelli Collection 3-CD-Boxset<\/h1>\n<p>Davide Locatelli Collection 3-CD-Boxset<\/p>\n<p>Sammlung von drei CDs von Davide Locatelli.<\/p>\n<p><strong>CD La vie en\u2026 rock<\/strong><br \/>\nHier sind die Titel auf der CD: La vie en\u2026 Rock<br \/>\n1. Meine G\u00fcte, Miss Molly \/<br \/>\n2. (Ich kann kein Nein bekommen) Zufriedenheit<br \/>\n3. Zur\u00fcckkommen<br \/>\n4. Treppe zum Himmel<br \/>\n5. September Impressionen<br \/>\n6. Rauch auf dem Wasser \/<br \/>\n7. An die Himmelst\u00fcr klopfen<br \/>\n8. Bohemian Rhapsody<br \/>\n9. Ich liebe Rock &#039;n&#039; Roll<br \/>\n10. S\u00fc\u00dfe Tr\u00e4ume<br \/>\n11. Wind der Ver\u00e4nderung<br \/>\n12. Riecht nach Teen Spirit<br \/>\n13. Zombie<br \/>\n14. Wonderwall<br \/>\n15. Sommer<\/p>\n<p><strong>CD Fly Away<\/strong><br \/>\nHier sind die auf der CD enthaltenen Titel: Fly Away<br \/>\n1. Inside a Tear (Klavier<br \/>\nVersion)<br \/>\n2. Die beleuchtete Treppe<br \/>\n3. Der Clown<br \/>\n4. Wegfliegen<br \/>\n5. Etoile (RB gewidmet)<br \/>\n6. Stern der Nacht<br \/>\n7. In meiner Seele<br \/>\n8. Mal\u00f9<br \/>\n9. F\u00fcr Sarah (Version 2013)<br \/>\n10. Sei Distante (Spezialstrecke)<\/p>\n<p><strong>CD-Tunnel<\/strong><br \/>\nHier sind die auf der CD enthaltenen Titel: Tunnel<br \/>\n1. F\u00fcr Sarah<br \/>\n2. Tr\u00e4umen ist s\u00fc\u00df<br \/>\n3. Rosa Musiknoten<br \/>\n4. Morgend\u00e4mmerung auf Capri<br \/>\n5. Septembernacht<br \/>\n6. Mit Leidenschaft hell<br \/>\n7. Madonna im Schnee<br \/>\n8. Montorfano<br \/>\nExtra:<br \/>\n\u2022 Studie op.47<br \/>\n\u2022 Scherzo op.53<\/p>\n<p><strong>\u00a0<\/strong><\/p>\n<p>UNSER UNTERNEHMEN<\/p>\n<div>\n<p>Italienischer Pianist und Musiker. Er wurde in eine musikalische Familie hineingeboren und begann schon fr\u00fch Klavierunterricht zu nehmen: Mit vier Jahren erhielt er seinen ersten Unterricht bei seinem Vater Tati, dem ehemaligen Schlagzeuger der Band \u201eDalton\u201c und Musiklehrer.<br \/>\nMit acht Jahren begann er sein Studium am Konservatorium von Verona bei Maestro Antonio Pulleghini, einem Konzertpianisten der RAI. Ab 2002 folgte er seinem Lehrer an das Konservatorium von Mantua, wo er im Februar 2012 seinen Abschluss machte.<br \/>\n2011 war ein bedeutendes Jahr, da sie ihr Kompositionsstudium am Giuseppe Verdi Konservatorium in Mailand begann, wo sie derzeit ihr viertes Jahr absolviert. Mit 13 Jahren machte sie sich einen Namen, indem sie den nationalen CEM-Wettbewerb gewann und im folgenden Jahr erneut gewann.<\/p>\n<p>&nbsp;<\/p>\n<p>Mit 16 Jahren er\u00f6ffnete er das Konzert von Katia Ricciarelli in Rovato (BS) und erhielt nach dem Konzert \u00f6ffentliches Lob von der Sopranistin. Seit 2005 ist er regelm\u00e4\u00dfiger Gast bei der Wohlt\u00e4tigkeitsveranstaltung \u201earte sport solidariet\u00e0\u201c im Serassi-Theater in Bergamo.<\/p>\n<p>&nbsp;<\/p>\n<p>Er trat au\u00dferdem im Gardaland, im Garda Theatre (VR), im Dal Molin Stadium in Desenzano del Garda, im Palanaunia im Trentino, im Donizetti Theatre in Bergamo und auf der Piazza della Loggia in Brescia auf und nahm an Wohlt\u00e4tigkeitsveranstaltungen teil. Seine erste CD \u201eTunnel\u201c erschien am 8. Mai 2011: 5.000 Exemplare lagen dem Magazin \u201esuonare news\u201c bei, das im Juni in ganz Italien verteilt wurde.<\/p>\n<p>&nbsp;<\/p>\n<p>2012 beschloss sie, am Sanremo Musikfestival \u201egiovani\u201c (Jugendmusikfestival) teilzunehmen und schrieb \u201eDentro una lacrima\u201c (Dentro una lacrima), mit Text und Gesang von Davide Flauto. Das Lied kam \u201ezu sp\u00e4t\u201c in den Auswahlprozess und wurde daher abgelehnt. Sie beschloss dennoch, ein Video dazu zu drehen, das nach seiner Ver\u00f6ffentlichung auf YouTube \u00fcber 80.000 Aufrufe erzielte.<\/p>\n<p>&nbsp;<\/p>\n<p>Jahr 2013: Fr\u00fchling bei art&amp;music recording f\u00fcr die Aufnahme des neuen Albums \u201efly away\u201c und angenommene Anfrage, \u201eTestimonial\u201c f\u00fcr die italienische Baseball-Nationalmannschaft zu sein\u2026.<\/p>\n<p>&nbsp;<\/p>\n<p>Dank seines amerikanischen Freundes Gary Potter ist Davide Locatelli im August f\u00fcr eine Reihe gro\u00dfer Konzerte in New York und pr\u00e4sentiert seine Musik in renommierten Veranstaltungsorten wie dem Blue Note und dem Don&#039;t Tell Mama. Davide Locatellis Einf\u00fchlungsverm\u00f6gen und seine Liebe zu vierbeinigen Freunden haben ihn zum Star in zwei Kampagnen gegen das Aussetzen von Tieren gemacht: einer Fotokampagne mit 83.000 Likes auf Facebook und einer Videokampagne mit 120.000 Aufrufen auf YouTube, die leider vom Netz genommen wurde, da sie den YouTube-Standards nicht entsprach. Die Kampagne wurde von ENPA unterst\u00fctzt. Am 20. Januar 2014 erschien \u201eFly Away\u201c, die neue Single und das Video zum gleichnamigen Album.<\/p>\n<p>&nbsp;<\/p>\n<p>Die 11-Track-CD \u201eFly Away\u201c wurde schlie\u00dflich am 20. M\u00e4rz 2014 ver\u00f6ffentlicht. Das Album wurde von Gregorio Fortunato produziert, der seit fast 40 Jahren als Radiomoderator und Eventorganisator t\u00e4tig ist.<\/p>\n<p>&nbsp;<\/p>\n<p>Im August 2014 kehrte er f\u00fcr eine weitere Tournee in die USA zur\u00fcck und spielte acht Termine in zehn Tagen an einigen der renommiertesten Veranstaltungsorte des Landes (Blue Note, Pianos, Brandy&#039;s). Im Oktober 2014 wurde er als einer der 60 Halbfinalisten in der Kategorie \u201eNewcomer\u201c von Sanremo Giovani 2015 in Rom ausgew\u00e4hlt und sang ein Duett mit Alex La Barbera mit dem von ihm geschriebenen Lied \u201eFidati di Me\u201c.<\/p>\n<p>&nbsp;<\/p>\n<p>Im Oktober 2015 nahm er erfolgreich an der Fernsehsendung \u201etu si que vales\u201c teil, die am Samstag, den 26., auf Kanal 5 ausgestrahlt wurde. Er hat eine Facebook-Seite \u201eDavide Locatelli official\u201c mit \u00fcber 110.000 \u201eLikes\u201c und seine \u201ePiano-Cover\u201c-Videos erhalten t\u00e4glich Zehntausende \u201eLikes\u201c und werden geteilt.<\/p>\n<p>&nbsp;<\/p>\n<p>Das Album \u201ela vie en\u2026rock\u201c erscheint bald \u2013 eine Neuinterpretation von 15 klassischen Rocksongs f\u00fcr Klaviersolo! Gregorio Fortunato wird weiterhin als Produzent fungieren und auch als Leads\u00e4nger bei der Live-Tournee auftreten, bei der \u201ela vie en\u2026rock\u201c \u2013 15 Klassiker auf 88 Tasten \u2013 2015 und 2016 auf Tournee geht.<\/p>\n<p>&nbsp;<\/p>\n<div>\n<div>\n<p>Klicken <a href=\"https:\/\/tuttostore.com\/de\/vendor\/davide-locatelli\/\">Hier<\/a> um alle Produkte von zu entdecken<strong> David Locatelli<\/strong><\/p>\n<\/div>\n<\/div>\n<div>Klicken <a href=\"http:\/\/davidelocatelli.it\/\">Hier <\/a>um die Homepage von<strong> David Locatelli<\/strong><\/div>\n<\/div>","protected":false},"excerpt":{"rendered":"<p><strong>3-CD-Boxset-Kollektion Davide Locatelli:<\/strong><\/p>\n<p>Sammlung von drei Davide Locatelli-CDs<\/p>","protected":false},"featured_media":15883,"comment_status":"open","ping_status":"closed","template":"","meta":{"_acf_changed":false},"product_brand":[],"product_cat":[3898],"product_tag":[3097],"class_list":{"0":"post-15154","1":"product","2":"type-product","3":"status-publish","4":"has-post-thumbnail","6":"product_cat-sport-e-tempo-libero","7":"product_tag-cofanetto-3-cd-collection-davide-locatelli","8":"product_shipping_class-davide-locatelli","9":"pa_colore-bianco","10":"pa_colore-nero","11":"pa_taglia-l","12":"pa_taglia-m","13":"pa_taglia-s","14":"pa_taglia-xl","15":"pa_vendors-davide-locatelli","17":"first","18":"instock","19":"taxable","20":"shipping-taxable","21":"purchasable","22":"product-type-simple","swatches":"rey-swatches","show_selected":""},"acf":[],"_links":{"self":[{"href":"https:\/\/tuttostore.com\/de\/wp-json\/wp\/v2\/product\/15154","targetHints":{"allow":["GET"]}}],"collection":[{"href":"https:\/\/tuttostore.com\/de\/wp-json\/wp\/v2\/product"}],"about":[{"href":"https:\/\/tuttostore.com\/de\/wp-json\/wp\/v2\/types\/product"}],"replies":[{"embeddable":true,"href":"https:\/\/tuttostore.com\/de\/wp-json\/wp\/v2\/comments?post=15154"}],"wp:featuredmedia":[{"embeddable":true,"href":"https:\/\/tuttostore.com\/de\/wp-json\/wp\/v2\/media\/15883"}],"wp:attachment":[{"href":"https:\/\/tuttostore.com\/de\/wp-json\/wp\/v2\/media?parent=15154"}],"wp:term":[{"taxonomy":"product_brand","embeddable":true,"href":"https:\/\/tuttostore.com\/de\/wp-json\/wp\/v2\/product_brand?post=15154"},{"taxonomy":"product_cat","embeddable":true,"href":"https:\/\/tuttostore.com\/de\/wp-json\/wp\/v2\/product_cat?post=15154"},{"taxonomy":"product_tag","embeddable":true,"href":"https:\/\/tuttostore.com\/de\/wp-json\/wp\/v2\/product_tag?post=15154"}],"curies":[{"name":"wp","href":"https:\/\/api.w.org\/{rel}","templated":true}]}}