{"id":15205,"date":"2020-06-05T06:26:44","date_gmt":"2020-06-05T04:26:44","guid":{"rendered":"https:\/\/tuttostore.com\/prodotto\/litium-ptfe-cartuccia\/"},"modified":"2025-07-25T09:45:23","modified_gmt":"2025-07-25T07:45:23","slug":"litium-ptfe-cartuccia","status":"publish","type":"product","link":"https:\/\/tuttostore.com\/de\/produkt\/litium-ptfe-cartuccia\/","title":{"rendered":"Lithium-PTFE-Kartusche"},"content":{"rendered":"<div>\n<h1>Lithium-PTFE-Kartusche<\/h1>\n<div>\n<div>400g Fettkartusche. Spezielles Lithium\/PTFE-Fett zum Schmieren von Lagern und Lenkk\u00f6pfen.<\/div>\n<p>&nbsp;<\/p>\n<p>Fimo srl wurde 1976 als Hersteller von industriellen Wartungsprodukten, Schmiermitteln, L\u00f6sungs- und Reinigungsmitteln gegr\u00fcndet. Neben diesem Kerngesch\u00e4ft hat das Unternehmen im Laufe der Jahre dank seiner Erfahrung im industriellen Bereich eine Produktlinie f\u00fcr die Schmierung von Kartketten entwickelt.<\/p>\n<p>Klicken <a href=\"https:\/\/tuttostore.com\/de\/vendor\/fimo-srl\/\">Hier<\/a> um alle FIMO Produkte zu entdecken<\/p>\n<\/div>\n<\/div>\n<div>Klicken <a href=\"http:\/\/www.fimo.it\/2016\/it\/\">Hier<\/a> um die FIMO Homepage zu besuchen<\/div>","protected":false},"excerpt":{"rendered":"<div id=\"short_description_block\">\n<div id=\"short_description_content\" class=\"rte align_justify\">\n<div id=\"short_description_block\">\n<div id=\"short_description_content\" class=\"rte align_justify\">\n<div>400g Fettkartusche. Spezielles Lithium\/PTFE-Fett zum Schmieren von Lagern und Lenkk\u00f6pfen.<\/div>\n<\/div>\n<\/div>\n<\/div>\n<\/div>\n<form id=\"buy_block\" action=\"https:\/\/www.tuttostore.it\/it\/carrello\" method=\"post\">\n<div class=\"box-info-product\">\n<div class=\"box-cart-bottom clearfix\"><\/div>\n<\/div>\n<\/form>","protected":false},"featured_media":16180,"comment_status":"open","ping_status":"closed","template":"","meta":{"_acf_changed":false},"product_brand":[],"product_cat":[3898],"product_tag":[3469,300,3470],"class_list":{"0":"post-15205","1":"product","2":"type-product","3":"status-publish","4":"has-post-thumbnail","6":"product_cat-sport-e-tempo-libero","7":"product_tag-cartuccia","8":"product_tag-fimo","9":"product_tag-grasso","10":"product_shipping_class-fimo-srl","11":"pa_vendors-fimo-srl","13":"first","14":"instock","15":"taxable","16":"shipping-taxable","17":"purchasable","18":"product-type-simple","swatches":"rey-swatches","show_selected":""},"acf":[],"_links":{"self":[{"href":"https:\/\/tuttostore.com\/de\/wp-json\/wp\/v2\/product\/15205","targetHints":{"allow":["GET"]}}],"collection":[{"href":"https:\/\/tuttostore.com\/de\/wp-json\/wp\/v2\/product"}],"about":[{"href":"https:\/\/tuttostore.com\/de\/wp-json\/wp\/v2\/types\/product"}],"replies":[{"embeddable":true,"href":"https:\/\/tuttostore.com\/de\/wp-json\/wp\/v2\/comments?post=15205"}],"wp:featuredmedia":[{"embeddable":true,"href":"https:\/\/tuttostore.com\/de\/wp-json\/wp\/v2\/media\/16180"}],"wp:attachment":[{"href":"https:\/\/tuttostore.com\/de\/wp-json\/wp\/v2\/media?parent=15205"}],"wp:term":[{"taxonomy":"product_brand","embeddable":true,"href":"https:\/\/tuttostore.com\/de\/wp-json\/wp\/v2\/product_brand?post=15205"},{"taxonomy":"product_cat","embeddable":true,"href":"https:\/\/tuttostore.com\/de\/wp-json\/wp\/v2\/product_cat?post=15205"},{"taxonomy":"product_tag","embeddable":true,"href":"https:\/\/tuttostore.com\/de\/wp-json\/wp\/v2\/product_tag?post=15205"}],"curies":[{"name":"wp","href":"https:\/\/api.w.org\/{rel}","templated":true}]}}