{"id":15219,"date":"2021-05-14T12:35:27","date_gmt":"2021-05-14T10:35:27","guid":{"rendered":"https:\/\/tuttostore.com\/prodotto\/cucu-pescegallo\/"},"modified":"2025-05-19T09:55:03","modified_gmt":"2025-05-19T07:55:03","slug":"cucu-pescegallo","status":"publish","type":"product","link":"https:\/\/tuttostore.com\/de\/produkt\/cucu-pescegallo\/","title":{"rendered":"Kuckucksfisch"},"content":{"rendered":"<h1>Kuckucksfisch<\/h1>\n<p><strong>Kuckucksfisch<\/strong><\/p>\n<div>Wand- oder Tischkuckucksuhr<br \/>\nMaterial: lackiertes MDF-Geh\u00e4use, lackiertes Metall, massive Buche<\/div>\n<div>Gedrechselte Buchenkiefern und Kamin mit Magnetfu\u00df, der beliebig positioniert werden kann<\/div>\n<div><\/div>\n<div>Abmessungen: cm L 40 x H 28 x T 13,5<br \/>\nDes. Nicola D&#039;Apollo<\/div>\n<div><\/div>\n<div>Kuckucksuhren sind Zeitmesser, die von einem deutschen Uhrmacher aus einer kleinen Stadt im Schwarzwald, einer Bergregion mit stark architektonisch gepr\u00e4gten Geb\u00e4uden, hergestellt werden. Auch heute noch im Schwarzwald gefertigte Kuckucksuhren spiegeln die typischen Merkmale der \u00f6rtlichen H\u00e4user mit schr\u00e4gen Strohd\u00e4chern und traditionellen Giebeln wider. PESCEGALLO ist die rein italienische Antwort, die diesmal die Merkmale typischer Bergh\u00fctten mit Satteld\u00e4chern, die von Holzbalken getragen werden, und einer steinverkleideten Fassade aufgreift. Die Kuckucksuhr verf\u00fcgt \u00fcber ein Blechdach und einen Sockel, auf dem kleine Massivholzb\u00e4ume nach Belieben angeordnet werden k\u00f6nnen. So k\u00f6nnen Sie ganz nach Ihrem Geschmack und \u00e4sthetischen Empfinden eine kleine bukolische Landschaft nachbilden. Die Uhr ist inspiriert von den H\u00fctten in unseren W\u00e4ldern und den typischen Merkmalen unserer Bergh\u00fctten; der Name Kuckuck ist tats\u00e4chlich eine Hommage an einen Ort, der f\u00fcr ein Tal repr\u00e4sentativ ist, an dessen Eingang sich unser Firmensitz befindet.<\/div>\n<div>\n<p>UNSER UNTERNEHMEN<\/p>\n<p>Das Unternehmen wurde 1978 von Ambrogio Pirondini unter der Marke \u201eArti e Mestieri\u201c gegr\u00fcndet. Nach einer anf\u00e4nglichen Produktion von Holzartikeln (Kisten, Beh\u00e4lter usw.) f\u00fcr Lebensmittelunternehmen in der Region wandte sich Arti &amp; Mestieri in Zusammenarbeit mit seinem Bruder Giovanni, der am Polytechnikum in Mailand Architektur studierte, mit der Marke \u201ePirondini Italia\u201c dem nationalen und internationalen Markt zu und bot Gegenst\u00e4nde und Accessoires f\u00fcr das Zuhause an. F\u00fcr die Entwicklung dieser neuen Produkte konnte das Unternehmen auf die Zusammenarbeit zahlreicher in Italien und im Ausland bekannter Designer und K\u00fcnstler zur\u00fcckgreifen, darunter Riccardo Dalisi, Emilio Tadini, Andrea Branzi, Luca Scacchetti, Emanuele Luzzati usw. Derzeit konzentriert sich das Unternehmen haupts\u00e4chlich auf die Herstellung von Tisch- und Wanduhren sowie Kuckucksuhren.<\/p>\n<div>\n<div>\n<p>Klicken <a href=\"https:\/\/tuttostore.com\/de\/vendor\/arti-e-mestieri-s-n-c\/\">Hier<\/a> um alle Produkte von ARTI E MESTIERI SNC zu entdecken<\/p>\n<\/div>\n<\/div>\n<div>Klicken <a href=\"http:\/\/www.artiemestieri.it\/\">Hier <\/a>um die Homepage von ARTI E MESTIERI SNC zu besuchen<\/div>\n<\/div>","protected":false},"excerpt":{"rendered":"<p><strong>Kuckucksfisch<\/strong><\/p>\n<p>Abmessungen: 40 x 28 x 13,5 cm<br \/>\nDesign: Nicola D&#039;Apollo<\/p>","protected":false},"featured_media":15467,"comment_status":"open","ping_status":"closed","template":"","meta":{"_acf_changed":false},"product_brand":[],"product_cat":[3907],"product_tag":[3527],"class_list":{"0":"post-15219","1":"product","2":"type-product","3":"status-publish","4":"has-post-thumbnail","6":"product_cat-casa-e-ufficio","7":"product_tag-pescegallo-qq","8":"product_shipping_class-arti-e-mestieri-snc","9":"pa_vendors-arti-e-mestieri-s-n-c","11":"first","12":"instock","13":"taxable","14":"shipping-taxable","15":"purchasable","16":"product-type-simple","swatches":"rey-swatches","show_selected":""},"acf":[],"_links":{"self":[{"href":"https:\/\/tuttostore.com\/de\/wp-json\/wp\/v2\/product\/15219","targetHints":{"allow":["GET"]}}],"collection":[{"href":"https:\/\/tuttostore.com\/de\/wp-json\/wp\/v2\/product"}],"about":[{"href":"https:\/\/tuttostore.com\/de\/wp-json\/wp\/v2\/types\/product"}],"replies":[{"embeddable":true,"href":"https:\/\/tuttostore.com\/de\/wp-json\/wp\/v2\/comments?post=15219"}],"wp:featuredmedia":[{"embeddable":true,"href":"https:\/\/tuttostore.com\/de\/wp-json\/wp\/v2\/media\/15467"}],"wp:attachment":[{"href":"https:\/\/tuttostore.com\/de\/wp-json\/wp\/v2\/media?parent=15219"}],"wp:term":[{"taxonomy":"product_brand","embeddable":true,"href":"https:\/\/tuttostore.com\/de\/wp-json\/wp\/v2\/product_brand?post=15219"},{"taxonomy":"product_cat","embeddable":true,"href":"https:\/\/tuttostore.com\/de\/wp-json\/wp\/v2\/product_cat?post=15219"},{"taxonomy":"product_tag","embeddable":true,"href":"https:\/\/tuttostore.com\/de\/wp-json\/wp\/v2\/product_tag?post=15219"}],"curies":[{"name":"wp","href":"https:\/\/api.w.org\/{rel}","templated":true}]}}