{"id":15231,"date":"2021-05-20T12:49:37","date_gmt":"2021-05-20T10:49:37","guid":{"rendered":"https:\/\/tuttostore.com\/prodotto\/collezione-qq-house-78\/"},"modified":"2025-05-20T14:22:38","modified_gmt":"2025-05-20T12:22:38","slug":"collezione-qq-house-78","status":"publish","type":"product","link":"https:\/\/tuttostore.com\/de\/produkt\/collezione-qq-house-78\/","title":{"rendered":"QQ-KOLLEKTION \u2013 HAUS 78"},"content":{"rendered":"<h1>QQ-KOLLEKTION \u2013 HAUS 78<\/h1>\n<p>QQ-KOLLEKTION \u2013 HAUS 78<\/p>\n<div>Wand- oder Tischkuckucksuhr<br \/>\nMaterial: lackiertes MDF-Geh\u00e4use, Buchendach<\/div>\n<div>Farben: Wei\u00df\/Zementgrau \u2013 Schwefelgelb\/Wei\u00df<\/div>\n<div>Abmessungen: cm L27 x H99 x T11<\/div>\n<div>Design: Pagliaro &amp; Saiano<\/div>\n<div><\/div>\n<div>House 78, entworfen von Pagliaro &amp; Saiano Design, ist eine Uhr in Form eines neu gestalteten Hauses, die an die Wand geh\u00e4ngt oder auf den Tisch gestellt werden kann.<\/div>\n<div>Die Besonderheit von House 78 liegt in seiner unterschiedlichen Tiefe, die es erm\u00f6glicht, die Kuckucksuhr QQ seitlich hervortreten zu lassen und so ihre klassische Perspektive zu ver\u00e4ndern.<\/div>\n<div>Die Uhr wird in RAL-Farben mit einem Holzdach angeboten, was ihr eine elegante Note verleiht.<\/div>\n<div>Das neue QQ\u2018-Kuckuckssystem wird in unserem Labor entworfen, patentiert und hergestellt.<\/div>\n<div>\n<p>UNSER UNTERNEHMEN<\/p>\n<p>Das Unternehmen wurde 1978 von Ambrogio Pirondini unter der Marke \u201eArti e Mestieri\u201c gegr\u00fcndet. Nach einer anf\u00e4nglichen Produktion von Holzartikeln (Kisten, Beh\u00e4lter usw.) f\u00fcr Lebensmittelunternehmen in der Region wandte sich Arti &amp; Mestieri in Zusammenarbeit mit seinem Bruder Giovanni, der am Polytechnikum in Mailand Architektur studierte, mit der Marke \u201ePirondini Italia\u201c dem nationalen und internationalen Markt zu und bot Gegenst\u00e4nde und Accessoires f\u00fcr das Zuhause an. F\u00fcr die Entwicklung dieser neuen Produkte konnte das Unternehmen auf die Zusammenarbeit zahlreicher in Italien und im Ausland bekannter Designer und K\u00fcnstler zur\u00fcckgreifen, darunter Riccardo Dalisi, Emilio Tadini, Andrea Branzi, Luca Scacchetti, Emanuele Luzzati usw. Derzeit konzentriert sich das Unternehmen haupts\u00e4chlich auf die Herstellung von Tisch- und Wanduhren sowie Kuckucksuhren.<\/p>\n<div>\n<div>\n<p>Klicken <a href=\"https:\/\/tuttostore.com\/de\/vendor\/arti-e-mestieri-s-n-c\/\">Hier<\/a> um alle Produkte von ARTI E MESTIERI SNC zu entdecken<\/p>\n<\/div>\n<\/div>\n<div>Klicken <a href=\"http:\/\/www.artiemestieri.it\/\">Hier <\/a>um die Homepage von ARTI E MESTIERI SNC zu besuchen<\/div>\n<\/div>","protected":false},"excerpt":{"rendered":"<p><strong>\u201eQQ\u201c HOUSE 78 Kollektion<\/strong><\/p>\n<p><strong>F\u00fcr alle Artikel der \u201eQQ\u201c-Kollektion betr\u00e4gt die Lieferzeit nur ca. 20 Tage ab Bestelldatum.\u00a0<\/strong><\/p>","protected":false},"featured_media":15720,"comment_status":"open","ping_status":"closed","template":"","meta":{"_acf_changed":false},"product_brand":[],"product_cat":[3907],"product_tag":[3293,3535],"class_list":{"0":"post-15231","1":"product","2":"type-product","3":"status-publish","4":"has-post-thumbnail","6":"product_cat-casa-e-ufficio","7":"product_tag-orologio-a-cucu","8":"product_tag-orologio-house-78","9":"product_shipping_class-arti-e-mestieri-snc","10":"pa_colore-bianco-grigio-cemento","11":"pa_colore-giallo-zolfo-bianco","12":"pa_vendors-arti-e-mestieri-s-n-c","14":"first","15":"instock","16":"taxable","17":"shipping-taxable","18":"purchasable","19":"product-type-variable","swatches":"rey-swatches","show_selected":""},"acf":[],"_links":{"self":[{"href":"https:\/\/tuttostore.com\/de\/wp-json\/wp\/v2\/product\/15231","targetHints":{"allow":["GET"]}}],"collection":[{"href":"https:\/\/tuttostore.com\/de\/wp-json\/wp\/v2\/product"}],"about":[{"href":"https:\/\/tuttostore.com\/de\/wp-json\/wp\/v2\/types\/product"}],"replies":[{"embeddable":true,"href":"https:\/\/tuttostore.com\/de\/wp-json\/wp\/v2\/comments?post=15231"}],"wp:featuredmedia":[{"embeddable":true,"href":"https:\/\/tuttostore.com\/de\/wp-json\/wp\/v2\/media\/15720"}],"wp:attachment":[{"href":"https:\/\/tuttostore.com\/de\/wp-json\/wp\/v2\/media?parent=15231"}],"wp:term":[{"taxonomy":"product_brand","embeddable":true,"href":"https:\/\/tuttostore.com\/de\/wp-json\/wp\/v2\/product_brand?post=15231"},{"taxonomy":"product_cat","embeddable":true,"href":"https:\/\/tuttostore.com\/de\/wp-json\/wp\/v2\/product_cat?post=15231"},{"taxonomy":"product_tag","embeddable":true,"href":"https:\/\/tuttostore.com\/de\/wp-json\/wp\/v2\/product_tag?post=15231"}],"curies":[{"name":"wp","href":"https:\/\/api.w.org\/{rel}","templated":true}]}}