{"id":15249,"date":"2021-10-06T10:51:12","date_gmt":"2021-10-06T08:51:12","guid":{"rendered":"https:\/\/tuttostore.com\/prodotto\/cucu-scarabocchio\/"},"modified":"2025-05-19T12:38:56","modified_gmt":"2025-05-19T10:38:56","slug":"cucu-scarabocchio","status":"publish","type":"product","link":"https:\/\/tuttostore.com\/de\/produkt\/cucu-scarabocchio\/","title":{"rendered":"Kuckucks-Gekritzel"},"content":{"rendered":"<h1>Kuckucks-Gekritzel<\/h1>\n<div>Wandkuckucksuhr<\/div>\n<div><\/div>\n<div><em>Kritzeleien, eine Uhr und ein Bleistift \u2026 zum Kritzeln, zum Tr\u00e4umen, um die Zeit zu markieren.<\/em><\/div>\n<div><\/div>\n<div>Lackiertes MDF-Geh\u00e4use<\/div>\n<div>Farben: Schwefelgelb (RAL 1016) \u2013 Altrosa (RAL 4003) \u2013 Hellsmaragd (RAL 6027) \u2013 Wei\u00df (RAL 9010)<\/div>\n<div>Bleistiftf\u00f6rmiges Pendel<\/div>\n<div>\n<p style=\"text-align: left;\">Abmessungen: cm L 24,5 x H 24,5 x T 11. Entworfen von Giovanni Pirondini<\/p>\n<p>&nbsp;<\/p>\n<\/div>\n<div>\n<p>UNSER UNTERNEHMEN<\/p>\n<p>Das Unternehmen wurde 1978 unter dem Markennamen \u201eArti e Mestieri\u201c von Ambrogio Pirondini gegr\u00fcndet. In Zusammenarbeit mit seinem Bruder Giovanni, der am Polytechnikum Mailand Architektur studierte, produzierte Arti &amp; Mestieri zun\u00e4chst Holzartikel (Kisten, Beh\u00e4lter usw.) f\u00fcr lokale Lebensmittelunternehmen. Unter dem Markennamen \u201ePirondini Italia\u201c erweiterte das Unternehmen sein Angebot auf den nationalen und internationalen Markt und bot Haushaltswaren und Accessoires an. Zur Entwicklung dieser neuen Produkte arbeitete das Unternehmen mit zahlreichen in Italien und im Ausland renommierten Designern und K\u00fcnstlern zusammen, darunter Riccardo Dalisi, Emilio Tadini, Andrea Branzi, Luca Scacchetti und Emanuele Luzzati. Das Unternehmen konzentriert sich derzeit insbesondere auf die Herstellung von Tisch- und Wanduhren sowie Kuckucksuhren.<\/p>\n<div>\n<div>\n<p>Klicken <a href=\"https:\/\/tuttostore.com\/de\/vendor\/arti-e-mestieri-s-n-c\/\">Hier<\/a> um alle Produkte von ARTI E MESTIERI SNC zu entdecken<\/p>\n<\/div>\n<\/div>\n<div>Klicken <a href=\"http:\/\/www.artiemestieri.it\/\">Hier <\/a>um die Homepage von ARTI E MESTIERI SNC zu besuchen<\/div>\n<\/div>","protected":false},"excerpt":{"rendered":"<p><strong>Kuckucks-Gekritzel\u00a0<\/strong><\/p>\n<p>Abmessungen: 24,5 x 24,5 x 11 cm. Design: Giovanni Pirondini<\/p>","protected":false},"featured_media":15638,"comment_status":"open","ping_status":"closed","template":"","meta":{"_acf_changed":false},"product_brand":[],"product_cat":[3907],"product_tag":[],"class_list":{"0":"post-15249","1":"product","2":"type-product","3":"status-publish","4":"has-post-thumbnail","6":"product_cat-casa-e-ufficio","7":"product_shipping_class-arti-e-mestieri-snc","8":"pa_colore-bianco","9":"pa_colore-giallo-zolfo","10":"pa_colore-rosa-antico","11":"pa_colore-smeraldo-chiaro","12":"pa_vendors-arti-e-mestieri-s-n-c","14":"first","15":"instock","16":"taxable","17":"shipping-taxable","18":"purchasable","19":"product-type-variable","20":"has-default-attributes","swatches":"rey-swatches","show_selected":""},"acf":[],"_links":{"self":[{"href":"https:\/\/tuttostore.com\/de\/wp-json\/wp\/v2\/product\/15249","targetHints":{"allow":["GET"]}}],"collection":[{"href":"https:\/\/tuttostore.com\/de\/wp-json\/wp\/v2\/product"}],"about":[{"href":"https:\/\/tuttostore.com\/de\/wp-json\/wp\/v2\/types\/product"}],"replies":[{"embeddable":true,"href":"https:\/\/tuttostore.com\/de\/wp-json\/wp\/v2\/comments?post=15249"}],"wp:featuredmedia":[{"embeddable":true,"href":"https:\/\/tuttostore.com\/de\/wp-json\/wp\/v2\/media\/15638"}],"wp:attachment":[{"href":"https:\/\/tuttostore.com\/de\/wp-json\/wp\/v2\/media?parent=15249"}],"wp:term":[{"taxonomy":"product_brand","embeddable":true,"href":"https:\/\/tuttostore.com\/de\/wp-json\/wp\/v2\/product_brand?post=15249"},{"taxonomy":"product_cat","embeddable":true,"href":"https:\/\/tuttostore.com\/de\/wp-json\/wp\/v2\/product_cat?post=15249"},{"taxonomy":"product_tag","embeddable":true,"href":"https:\/\/tuttostore.com\/de\/wp-json\/wp\/v2\/product_tag?post=15249"}],"curies":[{"name":"wp","href":"https:\/\/api.w.org\/{rel}","templated":true}]}}