{"id":15255,"date":"2021-10-06T12:00:27","date_gmt":"2021-10-06T10:00:27","guid":{"rendered":"https:\/\/tuttostore.com\/prodotto\/cucu-cioc\/"},"modified":"2025-05-19T12:43:42","modified_gmt":"2025-05-19T10:43:42","slug":"cucu-cioc","status":"publish","type":"product","link":"https:\/\/tuttostore.com\/de\/produkt\/cucu-cioc\/","title":{"rendered":"Kuckucksschokolade"},"content":{"rendered":"<h1>Kuckucksschokolade<\/h1>\n<p><strong>Kuckucksschokolade<\/strong><\/p>\n<div>Wandkuckucksuhr<\/div>\n<div><\/div>\n<div>\n<div>\n<p><em>Cioc, ein Schokoriegel, der zu einer Uhr und gleichzeitig zu einem Spiegel wird \u2026 denn die Dinge sind nie das, was sie zu sein scheinen \u2026<\/em><\/p>\n<\/div>\n<\/div>\n<div>\n<p>Lackierte Plexiglasfront, hochglanzpoliertes Edelstahlgeh\u00e4use<br \/>\nAbmessungen: cm L 18 x H 32 x T 11<\/p>\n<p>Verpackung: Karton<\/p>\n<\/div>\n<div>\n<p><strong>Designer: Marco Bedognetti<\/strong><\/p>\n<p>&nbsp;<\/p>\n<\/div>\n<div>\n<p>UNSER UNTERNEHMEN<\/p>\n<p>Das Unternehmen wurde 1978 unter dem Markennamen \u201eArti e Mestieri\u201c von Ambrogio Pirondini gegr\u00fcndet. In Zusammenarbeit mit seinem Bruder Giovanni, der am Polytechnikum Mailand Architektur studierte, produzierte Arti &amp; Mestieri zun\u00e4chst Holzartikel (Kisten, Beh\u00e4lter usw.) f\u00fcr lokale Lebensmittelunternehmen. Unter dem Markennamen \u201ePirondini Italia\u201c erweiterte das Unternehmen sein Angebot auf den nationalen und internationalen Markt und bot Haushaltswaren und Accessoires an. Zur Entwicklung dieser neuen Produkte arbeitete das Unternehmen mit zahlreichen in Italien und im Ausland renommierten Designern und K\u00fcnstlern zusammen, darunter Riccardo Dalisi, Emilio Tadini, Andrea Branzi, Luca Scacchetti und Emanuele Luzzati. Das Unternehmen konzentriert sich derzeit insbesondere auf die Herstellung von Tisch- und Wanduhren sowie Kuckucksuhren.<\/p>\n<div>\n<div>\n<p>Klicken <a href=\"https:\/\/tuttostore.com\/de\/vendor\/arti-e-mestieri-s-n-c\/\">Hier<\/a> um alle Produkte von ARTI E MESTIERI SNC zu entdecken<\/p>\n<\/div>\n<\/div>\n<div>Klicken <a href=\"http:\/\/www.artiemestieri.it\/\">Hier <\/a>um die Homepage von ARTI E MESTIERI SNC zu besuchen<\/div>\n<\/div>","protected":false},"excerpt":{"rendered":"<p><strong>Kuckucksschokolade<\/strong><\/p>\n<p>Wandkuckucksuhr<br \/>\nLackierte Plexiglasfront, hochglanzpoliertes Edelstahlgeh\u00e4use<br \/>\nAbmessungen: cm L 18 x H 32 x T 11<\/p>","protected":false},"featured_media":15642,"comment_status":"open","ping_status":"closed","template":"","meta":{"_acf_changed":false},"product_brand":[],"product_cat":[3907],"product_tag":[],"class_list":{"0":"post-15255","1":"product","2":"type-product","3":"status-publish","4":"has-post-thumbnail","6":"product_cat-casa-e-ufficio","7":"product_shipping_class-arti-e-mestieri-snc","8":"pa_vendors-arti-e-mestieri-s-n-c","10":"first","11":"outofstock","12":"taxable","13":"shipping-taxable","14":"purchasable","15":"product-type-simple","swatches":"rey-swatches","show_selected":""},"acf":[],"_links":{"self":[{"href":"https:\/\/tuttostore.com\/de\/wp-json\/wp\/v2\/product\/15255","targetHints":{"allow":["GET"]}}],"collection":[{"href":"https:\/\/tuttostore.com\/de\/wp-json\/wp\/v2\/product"}],"about":[{"href":"https:\/\/tuttostore.com\/de\/wp-json\/wp\/v2\/types\/product"}],"replies":[{"embeddable":true,"href":"https:\/\/tuttostore.com\/de\/wp-json\/wp\/v2\/comments?post=15255"}],"wp:featuredmedia":[{"embeddable":true,"href":"https:\/\/tuttostore.com\/de\/wp-json\/wp\/v2\/media\/15642"}],"wp:attachment":[{"href":"https:\/\/tuttostore.com\/de\/wp-json\/wp\/v2\/media?parent=15255"}],"wp:term":[{"taxonomy":"product_brand","embeddable":true,"href":"https:\/\/tuttostore.com\/de\/wp-json\/wp\/v2\/product_brand?post=15255"},{"taxonomy":"product_cat","embeddable":true,"href":"https:\/\/tuttostore.com\/de\/wp-json\/wp\/v2\/product_cat?post=15255"},{"taxonomy":"product_tag","embeddable":true,"href":"https:\/\/tuttostore.com\/de\/wp-json\/wp\/v2\/product_tag?post=15255"}],"curies":[{"name":"wp","href":"https:\/\/api.w.org\/{rel}","templated":true}]}}