{"id":15256,"date":"2021-10-21T11:38:47","date_gmt":"2021-10-21T09:38:47","guid":{"rendered":"https:\/\/tuttostore.com\/prodotto\/lettera-c-valtenesi-doc\/"},"modified":"2026-03-03T12:12:52","modified_gmt":"2026-03-03T11:12:52","slug":"lettera-c-valtenesi-doc","status":"publish","type":"product","link":"https:\/\/tuttostore.com\/de\/produkt\/lettera-c-valtenesi-doc\/","title":{"rendered":"BUCHSTABE C 2021 \u2013 VALTENESI DOC \u2013 BIO"},"content":{"rendered":"<h1>BRIEF C 2021 \u2013 VALT\u00c8NESI DOC<\/h1>\n<p>BUCHSTABE C \u2013 VALT\u00c8NESI DOC<\/p>\n<div>\n<p>LETTER C ist das innovativste Projekt, das Pasini San Giovanni dem Valt\u00e8nesi-Ros\u00e9wein widmet, der aus ausgewachsenen Rebst\u00f6cken des Groppello Gentile hergestellt und mit seinem G\u00e4rungsset in kleinen Keramikf\u00e4ssern (Clayver) gereift wird.<br \/>\nBUCHSTABE C umfasst drei Generationen und dreiundsechzig Jahre Firmengeschichte. Es ist ein offener Brief an Chiaretto. Seine Form ist ein Kreis mit freiem Strich, ausgerichtet auf Evolution und Ver\u00e4nderung. Valt\u00e8nesi und seine Trauben liefern Material und Inspiration. Wissen, G\u00e4rger\u00e4te und Keramik weisen den Weg. Chrono, die Zeit, sorgt f\u00fcr den Rest.<br \/>\nLETTERA C wurde zum ersten Mal im Jahrgang 2019 geboren und in nur 1.040 0,75-l-Flaschen produziert.<\/p>\n<p><strong>Jahrgang:<\/strong> 2021<br \/>\n<strong>Inhalt:<\/strong>\u00a0750 ml<br \/>\n<strong>Dokument:<\/strong> VALT\u00c8NESI<\/p>\n<p><span style=\"color: #ff0000;\"><strong>MINDESTENS 3 FLASCHEN ODER EIN VIELFACHE DAVON zur Auswahl im PASINI Shop<\/strong><\/span><\/p>\n<\/div>\n<div>\n<p>UNSER UNTERNEHMEN<\/p>\n<p>Pasini San Giovanni wurde 1958 von Andrea Pasini gegr\u00fcndet und ist bis heute ein Familienbetrieb. Heute wird das Weingut in dritter Generation von Winzern gef\u00fchrt. Dank seiner 36 Hektar eigenen Weinberge in den Regionen Valt\u00e8nesi und Lugana am Ufer des Gardasees in Brescia bringt es den unverwechselbaren Charakter der Gardaseeregion in jeder Flasche zum Ausdruck. Dank einer Photovoltaikanlage seit 2009 und einem Projekt zur Bewertung des CO2-Fu\u00dfabdrucks n\u00e4hern sich das Weingut und die gesamte Unternehmensleitung zunehmend dem Ziel vollst\u00e4ndiger Nachhaltigkeit.<br \/>\nDas Unternehmen hat heute zwei Namen, einer davon ist offensichtlich mit der Familie Pasini verbunden, die das Unternehmen gegr\u00fcndet hat und seit jeher leitet, der andere mit dem lokalen Ortsnamen, in dem sich Cascina San Giovanni befindet, das als San Giovanni-Gebiet bezeichnet wird und mit der Kirche San Giovanni in Palude, einem Weiler von Puegnago unweit von Raffa, verbunden ist.<\/p>\n<div>\n<div>\n<p>Klicken <a href=\"https:\/\/tuttostore.com\/de\/vendor\/pasini-san-giovanni\/\">Hier<\/a> um alle Produkte von Pasini San Giovanni zu entdecken<\/p>\n<\/div>\n<\/div>\n<div>Klicken <a href=\"http:\/\/www.pasinisangiovanni.it\/\">Hier<\/a> um die Homepage von <span style=\"display: inline !important; float: none; background-color: transparent; color: #49616b; cursor: text; font-family: Georgia,'Times New Roman','Bitstream Charter',Times,serif; font-size: 16px; font-style: normal; font-variant: normal; font-weight: 400; letter-spacing: normal; orphans: 2; text-align: left; text-decoration: none; text-indent: 0px; text-transform: none; -webkit-text-stroke-width: 0px; white-space: normal; word-spacing: 0px;\">Pasini San Giovanni<\/span><\/div>\n<\/div>","protected":false},"excerpt":{"rendered":"<p><strong><em>\u00a0GAMBERO ROSSO 3 GLASS AWARD 2023 UND SONDERPREIS F\u00dcR DEN BESTEN ITALIENISCHEN ROS\u00c9WEIN 2023!<\/em><\/strong><\/p>\n<p>Der angegebene Preis gilt f\u00fcr eine einzelne Flasche.<\/p>\n<p><span style=\"color: #ff0000;\">Der Verkauf an Minderj\u00e4hrige unter 18 Jahren ist verboten.<\/span><\/p>\n<p><em><span style=\"color: #00a2ff;\"><strong>MINDESTENS 3 FLASCHEN ODER EIN VIELFACHES DAVON zur Auswahl im PASINI-Shop!!!<\/strong><\/span><\/em><\/p>","protected":false},"featured_media":16294,"comment_status":"open","ping_status":"closed","template":"","meta":{"_acf_changed":false},"product_brand":[],"product_cat":[3887,3954],"product_tag":[3552,3553],"class_list":{"0":"post-15256","1":"product","2":"type-product","3":"status-publish","4":"has-post-thumbnail","6":"product_cat-alimentazione","7":"product_cat-bevande","8":"product_tag-lettera-c","9":"product_tag-valtenesi","10":"product_shipping_class-pasini","11":"pa_vendors-pasini-san-giovanni","13":"first","14":"instock","15":"taxable","16":"shipping-taxable","17":"purchasable","18":"product-type-simple","swatches":"rey-swatches","show_selected":""},"acf":[],"_links":{"self":[{"href":"https:\/\/tuttostore.com\/de\/wp-json\/wp\/v2\/product\/15256","targetHints":{"allow":["GET"]}}],"collection":[{"href":"https:\/\/tuttostore.com\/de\/wp-json\/wp\/v2\/product"}],"about":[{"href":"https:\/\/tuttostore.com\/de\/wp-json\/wp\/v2\/types\/product"}],"replies":[{"embeddable":true,"href":"https:\/\/tuttostore.com\/de\/wp-json\/wp\/v2\/comments?post=15256"}],"wp:featuredmedia":[{"embeddable":true,"href":"https:\/\/tuttostore.com\/de\/wp-json\/wp\/v2\/media\/16294"}],"wp:attachment":[{"href":"https:\/\/tuttostore.com\/de\/wp-json\/wp\/v2\/media?parent=15256"}],"wp:term":[{"taxonomy":"product_brand","embeddable":true,"href":"https:\/\/tuttostore.com\/de\/wp-json\/wp\/v2\/product_brand?post=15256"},{"taxonomy":"product_cat","embeddable":true,"href":"https:\/\/tuttostore.com\/de\/wp-json\/wp\/v2\/product_cat?post=15256"},{"taxonomy":"product_tag","embeddable":true,"href":"https:\/\/tuttostore.com\/de\/wp-json\/wp\/v2\/product_tag?post=15256"}],"curies":[{"name":"wp","href":"https:\/\/api.w.org\/{rel}","templated":true}]}}