{"id":15263,"date":"2022-03-25T11:38:42","date_gmt":"2022-03-25T10:38:42","guid":{"rendered":"https:\/\/tuttostore.com\/prodotto\/cucu-farfalline\/"},"modified":"2025-05-19T11:26:52","modified_gmt":"2025-05-19T09:26:52","slug":"cucu-farfalline","status":"publish","type":"product","link":"https:\/\/tuttostore.com\/de\/produkt\/cucu-farfalline\/","title":{"rendered":"Kuckucksschmetterlinge"},"content":{"rendered":"<h1>Kuckucksschmetterlinge<\/h1>\n<div>Wandkuckucksuhr<\/div>\n<div><\/div>\n<div><em>Der Fr\u00fchling ist da und zwei kleine Schmetterlinge sind im Kuckuckshaus gelandet.<\/em><\/div>\n<div>\n<p><em>Die Farfalline Kuckucksuhr mit ihrem wei\u00dfen oder farbigen Haus und den fr\u00f6hlichen Schmetterlingen auf dem Dach sowie dem Pendel mit Magnet bringt einen Hauch von Fr\u00f6hlichkeit in jeden Raum des Hauses.<br \/>\n<\/em><\/p>\n<p><em>Die Kuckucksuhr ist mit einem Nachtsensor ausgestattet, der sie nachts oder bei Dunkelheit im Raum stumm schaltet. \u00dcber einen Schalter l\u00e4sst sie sich ausschalten oder die Lautst\u00e4rke regeln.\u00a0<\/em><\/p>\n<\/div>\n<div>\n<p>Geh\u00e4use: lackiertes MDF<br \/>\nSchmetterlinge: Metall, mit Magneten positionierbar<\/p>\n<p>Abmessungen: cm L 12 x H 26 x T 10 (ohne Pendelma\u00dfe) Design von Giovanni Pirondini<\/p>\n<p>&nbsp;<\/p>\n<p>UNSER UNTERNEHMEN<\/p>\n<\/div>\n<div>\n<p>Das Unternehmen wurde 1978 unter dem Markennamen \u201eArti e Mestieri\u201c von Ambrogio Pirondini gegr\u00fcndet. In Zusammenarbeit mit seinem Bruder Giovanni, der am Polytechnikum Mailand Architektur studierte, produzierte Arti &amp; Mestieri zun\u00e4chst Holzartikel (Kisten, Beh\u00e4lter usw.) f\u00fcr lokale Lebensmittelunternehmen. Unter dem Markennamen \u201ePirondini Italia\u201c erweiterte das Unternehmen sein Angebot auf den nationalen und internationalen Markt und bot Haushaltswaren und Accessoires an. Zur Entwicklung dieser neuen Produkte arbeitete das Unternehmen mit zahlreichen in Italien und im Ausland renommierten Designern und K\u00fcnstlern zusammen, darunter Riccardo Dalisi, Emilio Tadini, Andrea Branzi, Luca Scacchetti und Emanuele Luzzati. Das Unternehmen konzentriert sich derzeit insbesondere auf die Herstellung von Tisch- und Wanduhren sowie Kuckucksuhren.<\/p>\n<div>\n<div>\n<p>Klicken <a href=\"https:\/\/tuttostore.com\/de\/vendor\/arti-e-mestieri-s-n-c\/\">Hier<\/a> um alle Produkte von ARTI E MESTIERI SNC zu entdecken<\/p>\n<\/div>\n<\/div>\n<div>Klicken <a href=\"http:\/\/www.artiemestieri.it\/\">Hier <\/a>um die Homepage von ARTI E MESTIERI SNC zu besuchen<\/div>\n<\/div>","protected":false},"excerpt":{"rendered":"<p><strong>Kuckucksschmetterlinge<\/strong><\/p>\n<p>Abmessungen: 12 x 26 x 10 cm (ohne Pendel) Design: Giovanni Pirondini<\/p>\n<p>&nbsp;<\/p>","protected":false},"featured_media":15507,"comment_status":"open","ping_status":"closed","template":"","meta":{"_acf_changed":false},"product_brand":[],"product_cat":[3907],"product_tag":[],"class_list":{"0":"post-15263","1":"product","2":"type-product","3":"status-publish","4":"has-post-thumbnail","6":"product_cat-casa-e-ufficio","7":"product_shipping_class-arti-e-mestieri-snc","8":"pa_a-scelta-tra-bianco-e-farfalle-gialle","9":"pa_a-scelta-tra-bianco-e-farfalle-rosa","10":"pa_a-scelta-tra-giallo-e-farfalle-arancio","11":"pa_a-scelta-tra-giallo-e-farfalle-bianche","12":"pa_a-scelta-tra-giallo-e-farfalle-rosa","13":"pa_a-scelta-tra-viola-e-farfalle-bianche","14":"pa_vendors-arti-e-mestieri-s-n-c","16":"first","17":"instock","18":"taxable","19":"shipping-taxable","20":"purchasable","21":"product-type-variable","swatches":"rey-swatches","show_selected":""},"acf":[],"_links":{"self":[{"href":"https:\/\/tuttostore.com\/de\/wp-json\/wp\/v2\/product\/15263","targetHints":{"allow":["GET"]}}],"collection":[{"href":"https:\/\/tuttostore.com\/de\/wp-json\/wp\/v2\/product"}],"about":[{"href":"https:\/\/tuttostore.com\/de\/wp-json\/wp\/v2\/types\/product"}],"replies":[{"embeddable":true,"href":"https:\/\/tuttostore.com\/de\/wp-json\/wp\/v2\/comments?post=15263"}],"wp:featuredmedia":[{"embeddable":true,"href":"https:\/\/tuttostore.com\/de\/wp-json\/wp\/v2\/media\/15507"}],"wp:attachment":[{"href":"https:\/\/tuttostore.com\/de\/wp-json\/wp\/v2\/media?parent=15263"}],"wp:term":[{"taxonomy":"product_brand","embeddable":true,"href":"https:\/\/tuttostore.com\/de\/wp-json\/wp\/v2\/product_brand?post=15263"},{"taxonomy":"product_cat","embeddable":true,"href":"https:\/\/tuttostore.com\/de\/wp-json\/wp\/v2\/product_cat?post=15263"},{"taxonomy":"product_tag","embeddable":true,"href":"https:\/\/tuttostore.com\/de\/wp-json\/wp\/v2\/product_tag?post=15263"}],"curies":[{"name":"wp","href":"https:\/\/api.w.org\/{rel}","templated":true}]}}