{"id":15270,"date":"2022-03-31T12:25:07","date_gmt":"2022-03-31T10:25:07","guid":{"rendered":"https:\/\/tuttostore.com\/prodotto\/collezione-cucu-del-re-il-gallo\/"},"modified":"2025-05-29T18:04:55","modified_gmt":"2025-05-29T16:04:55","slug":"collezione-cucu-del-re-il-gallo","status":"publish","type":"product","link":"https:\/\/tuttostore.com\/de\/produkt\/collezione-cucu-del-re-il-gallo\/","title":{"rendered":"Die \u201eKing\u2019s Cuckoo\u201c-Sammlung"},"content":{"rendered":"<h1>Die \u201eKing\u2019s Cuckoo\u201c-Sammlung<\/h1>\n<p>Die \u201eKing\u2019s Cuckoo\u201c-Sammlung<\/p>\n<div>Wandkuckucksuhr<\/div>\n<div>\n<p><i>In einem kleinen Dorf, nur einen Steinwurf vom bezaubernden Val dei Pendoli entfernt, lebten einst die Uhrmacher Oreste und Min\u00f9. Oreste war klein und rundlich, wie der Zeiger, der die Stunden auf einer Uhr anzeigt; seine Frau Min\u00f9 hingegen war gro\u00df und d\u00fcnn, genau wie der Minutenzeiger.<br \/>\nDie beiden verbrachten ihre Tage in ihrem Labor und verwandelten bizarre Ideen in \u2026<\/i><\/p>\n<\/div>\n<p>So beginnt die Geschichte, die die Urspr\u00fcnge des M\u00e4rchens \u201eDer Kuckuck des K\u00f6nigs\u201c von Fabio Fiorini erz\u00e4hlt. Er entwarf vier Kuckucksuhren, die wie kleine K\u00e4sten mit zwei T\u00fcren aussehen, die sich wie eine Theaterb\u00fchne \u00f6ffnen, auf der die Protagonisten der Geschichte erscheinen: der HAHN, die ELSTER, die AMSEL und der KUCKUCK.<br \/>\nBei ge\u00f6ffneten T\u00fcren ruft der Kuckuck fr\u00f6hlich zur vollen Stunde, doch sobald die T\u00fcren geschlossen sind, schl\u00e4ft er wieder ein. Dem Kuckuck und der illustrierten Geschichte zu lauschen, ist f\u00fcr Kinder und Erwachsene gleicherma\u00dfen eine Freude.<\/p>\n<p>Hinweis: Alle Kuckucksuhren von King&#039;s enthalten eine M\u00e4rchenbrosch\u00fcre im Paket.<\/p>\n<p><em>Die Kuckucksuhr verf\u00fcgt \u00fcber einen Nachtsensor, der sie nachts oder bei Verdunkelung des Raumes, in dem sie steht, stumm schaltet.<\/em><\/p>\n<div>\n<p>Geh\u00e4use: lackiertes MDF und Birke<br \/>\nAbmessungen: cm L 35\/58 x H 27 x T 12<\/p>\n<p>Des. Irene Guerrieri<\/p>\n<p>&nbsp;<\/p>\n<\/div>\n<div>\n<p>UNSER UNTERNEHMEN<\/p>\n<p>Das Unternehmen wurde 1978 unter dem Markennamen \u201eArti e Mestieri\u201c von Ambrogio Pirondini gegr\u00fcndet. In Zusammenarbeit mit seinem Bruder Giovanni, der am Polytechnikum Mailand Architektur studierte, produzierte Arti &amp; Mestieri zun\u00e4chst Holzartikel (Kisten, Beh\u00e4lter usw.) f\u00fcr lokale Lebensmittelunternehmen. Unter dem Markennamen \u201ePirondini Italia\u201c erweiterte das Unternehmen sein Angebot auf den nationalen und internationalen Markt und bot Haushaltswaren und Accessoires an. Zur Entwicklung dieser neuen Produkte arbeitete das Unternehmen mit zahlreichen in Italien und im Ausland renommierten Designern und K\u00fcnstlern zusammen, darunter Riccardo Dalisi, Emilio Tadini, Andrea Branzi, Luca Scacchetti und Emanuele Luzzati. Das Unternehmen konzentriert sich derzeit insbesondere auf die Herstellung von Tisch- und Wanduhren sowie Kuckucksuhren.<\/p>\n<div>\n<div>\n<p>Klicken <a href=\"https:\/\/tuttostore.com\/de\/vendor\/arti-e-mestieri-s-n-c\/\">Hier<\/a> um alle Produkte von ARTI E MESTIERI SNC zu entdecken<\/p>\n<\/div>\n<\/div>\n<div>Klicken <a href=\"http:\/\/www.artiemestieri.it\/\">Hier <\/a>um die Homepage von ARTI E MESTIERI SNC zu besuchen<\/div>\n<\/div>","protected":false},"excerpt":{"rendered":"<h4>Die \u201eK\u00f6nigskuckuck\u201c-Sammlung \u2013 DER HAHN; DIE ELSTER; DIE AMSEL; DER KUCKUCK<\/h4>\n<p>Abmessungen: 35\/58 x 27 x 12 cm Designer: Irene Guerrieri<\/p>","protected":false},"featured_media":16172,"comment_status":"open","ping_status":"closed","template":"","meta":{"_acf_changed":false},"product_brand":[],"product_cat":[3907],"product_tag":[],"class_list":{"0":"post-15270","1":"product","2":"type-product","3":"status-publish","4":"has-post-thumbnail","6":"product_cat-casa-e-ufficio","7":"product_shipping_class-arti-e-mestieri-snc","8":"pa_a-scelta-tra-il-cuculo","9":"pa_a-scelta-tra-il-gallo","10":"pa_a-scelta-tra-il-merlo","11":"pa_a-scelta-tra-la-gazza","12":"pa_vendors-arti-e-mestieri-s-n-c","14":"first","15":"instock","16":"taxable","17":"shipping-taxable","18":"purchasable","19":"product-type-variable","swatches":"rey-swatches","show_selected":""},"acf":[],"_links":{"self":[{"href":"https:\/\/tuttostore.com\/de\/wp-json\/wp\/v2\/product\/15270","targetHints":{"allow":["GET"]}}],"collection":[{"href":"https:\/\/tuttostore.com\/de\/wp-json\/wp\/v2\/product"}],"about":[{"href":"https:\/\/tuttostore.com\/de\/wp-json\/wp\/v2\/types\/product"}],"replies":[{"embeddable":true,"href":"https:\/\/tuttostore.com\/de\/wp-json\/wp\/v2\/comments?post=15270"}],"wp:featuredmedia":[{"embeddable":true,"href":"https:\/\/tuttostore.com\/de\/wp-json\/wp\/v2\/media\/16172"}],"wp:attachment":[{"href":"https:\/\/tuttostore.com\/de\/wp-json\/wp\/v2\/media?parent=15270"}],"wp:term":[{"taxonomy":"product_brand","embeddable":true,"href":"https:\/\/tuttostore.com\/de\/wp-json\/wp\/v2\/product_brand?post=15270"},{"taxonomy":"product_cat","embeddable":true,"href":"https:\/\/tuttostore.com\/de\/wp-json\/wp\/v2\/product_cat?post=15270"},{"taxonomy":"product_tag","embeddable":true,"href":"https:\/\/tuttostore.com\/de\/wp-json\/wp\/v2\/product_tag?post=15270"}],"curies":[{"name":"wp","href":"https:\/\/api.w.org\/{rel}","templated":true}]}}