{"id":15280,"date":"2022-09-07T11:50:54","date_gmt":"2022-09-07T09:50:54","guid":{"rendered":"https:\/\/tuttostore.com\/prodotto\/collezione-matchbox-elefante-cannone-presentatore-forzuto\/"},"modified":"2025-05-29T18:03:21","modified_gmt":"2025-05-29T16:03:21","slug":"collezione-matchbox-elefante-cannone-presentatore-forzuto","status":"publish","type":"product","link":"https:\/\/tuttostore.com\/de\/produkt\/collezione-matchbox-elefante-cannone-presentatore-forzuto\/","title":{"rendered":"Cuckoo \u2013 Streichholzschachtel-Kollektion"},"content":{"rendered":"<h1>Cuckoo \u2013 Streichholzschachtel-Kollektion<\/h1>\n<p><strong>Elefant \u2013 Kanone \u2013 Moderator \u2013 Kraftmensch<\/strong><\/p>\n<div>Wandkuckucksuhr \u2013 F\u00fcr Streichholzschachtelsammler<\/div>\n<div>\n<p><i>Der Kuckuck ist bekanntlich ein fauler Vogel, der, anstatt sein eigenes Nest zu bauen, die Nester anderer V\u00f6gel nutzt.<br \/>\nHeute jedoch hat er ein neues H\u00e4uschen gefunden, eine alte Schachtel schwedischer Streichh\u00f6lzer, und von einer Stunde auf die andere genie\u00dft er es, das letzte verbliebene Streichholz zu schwingen.<br \/>\nViele Jahre lang waren schwedische Streichholzschachteln das ideale Medium f\u00fcr die schnelle Verbreitung von Informationen. Politische Ereignisse, Kriege, Angriffe, Katastrophen, die Geburten und Hochzeiten von Herrschern sowie wissenschaftliche Entdeckungen waren nur einige der Themen, die auf Streichholzschachteln abgebildet waren.<br \/>\nDer Designer Marco Bedognetti f\u00fchrt die Streichholzschachtel f\u00fcr eine neue Kuckucksuhrenkollektion namens \u201eMATCHBOX\u201c wieder ein, f\u00fcr die die K\u00fcnstlerin Nicole Da Porto, inspiriert von Zirkuswerbung, vier grafische Themen entworfen hat:<br \/>\n<\/i><i> \u201ei PirondiniS Circus\u201c<\/i><\/p>\n<\/div>\n<div>\n<p>Lackiertes MDF-Geh\u00e4use mit MDF-Aufdruck<br \/>\nBirkenpendel mit Siegellack<\/p>\n<p>Abmessungen: cm L 21,5 x H 43 x T 10<br \/>\nDes. Marco Bedognetti und Nicole Da Porto<\/p>\n<p>&nbsp;<\/p>\n<\/div>\n<div>\n<p>UNSER UNTERNEHMEN<\/p>\n<p>Das Unternehmen wurde 1978 unter dem Markennamen \u201eArti e Mestieri\u201c von Ambrogio Pirondini gegr\u00fcndet. In Zusammenarbeit mit seinem Bruder Giovanni, der am Polytechnikum Mailand Architektur studierte, produzierte Arti &amp; Mestieri zun\u00e4chst Holzartikel (Kisten, Beh\u00e4lter usw.) f\u00fcr lokale Lebensmittelunternehmen. Unter dem Markennamen \u201ePirondini Italia\u201c erweiterte das Unternehmen sein Angebot auf den nationalen und internationalen Markt und bot Haushaltswaren und Accessoires an. Zur Entwicklung dieser neuen Produkte arbeitete das Unternehmen mit zahlreichen in Italien und im Ausland renommierten Designern und K\u00fcnstlern zusammen, darunter Riccardo Dalisi, Emilio Tadini, Andrea Branzi, Luca Scacchetti und Emanuele Luzzati. Das Unternehmen konzentriert sich derzeit insbesondere auf die Herstellung von Tisch- und Wanduhren sowie Kuckucksuhren.<\/p>\n<div>\n<div>\n<p>Klicken <a href=\"https:\/\/tuttostore.com\/de\/vendor\/arti-e-mestieri-s-n-c\/\">Hier<\/a> um alle Produkte von ARTI E MESTIERI SNC zu entdecken<\/p>\n<\/div>\n<\/div>\n<div>Klicken <a href=\"http:\/\/www.artiemestieri.it\/\">Hier <\/a>um die Homepage von ARTI E MESTIERI SNC zu besuchen<\/div>\n<\/div>","protected":false},"excerpt":{"rendered":"<p><strong>Streichholzschachtel-Kollektion \u2013 Elefant \u2013 Kanone \u2013 Moderator \u2013 Kraftprotz<br \/>\n<\/strong><br \/>\nAbmessungen: 21,5 x 43 x 10 cm<br \/>\nDesign: Marco Bedognetti und Nicole Da Porto<\/p>\n<p>&nbsp;<\/p>","protected":false},"featured_media":16171,"comment_status":"open","ping_status":"closed","template":"","meta":{"_acf_changed":false},"product_brand":[],"product_cat":[3907],"product_tag":[],"class_list":{"0":"post-15280","1":"product","2":"type-product","3":"status-publish","4":"has-post-thumbnail","6":"product_cat-casa-e-ufficio","7":"product_shipping_class-arti-e-mestieri-snc","8":"pa_a-scelta-tra-cannone","9":"pa_a-scelta-tra-elefante","10":"pa_a-scelta-tra-forzuto","11":"pa_a-scelta-tra-presentatore","12":"pa_vendors-arti-e-mestieri-s-n-c","14":"first","15":"instock","16":"taxable","17":"shipping-taxable","18":"purchasable","19":"product-type-variable","swatches":"rey-swatches","show_selected":""},"acf":[],"_links":{"self":[{"href":"https:\/\/tuttostore.com\/de\/wp-json\/wp\/v2\/product\/15280","targetHints":{"allow":["GET"]}}],"collection":[{"href":"https:\/\/tuttostore.com\/de\/wp-json\/wp\/v2\/product"}],"about":[{"href":"https:\/\/tuttostore.com\/de\/wp-json\/wp\/v2\/types\/product"}],"replies":[{"embeddable":true,"href":"https:\/\/tuttostore.com\/de\/wp-json\/wp\/v2\/comments?post=15280"}],"wp:featuredmedia":[{"embeddable":true,"href":"https:\/\/tuttostore.com\/de\/wp-json\/wp\/v2\/media\/16171"}],"wp:attachment":[{"href":"https:\/\/tuttostore.com\/de\/wp-json\/wp\/v2\/media?parent=15280"}],"wp:term":[{"taxonomy":"product_brand","embeddable":true,"href":"https:\/\/tuttostore.com\/de\/wp-json\/wp\/v2\/product_brand?post=15280"},{"taxonomy":"product_cat","embeddable":true,"href":"https:\/\/tuttostore.com\/de\/wp-json\/wp\/v2\/product_cat?post=15280"},{"taxonomy":"product_tag","embeddable":true,"href":"https:\/\/tuttostore.com\/de\/wp-json\/wp\/v2\/product_tag?post=15280"}],"curies":[{"name":"wp","href":"https:\/\/api.w.org\/{rel}","templated":true}]}}