{"id":15285,"date":"2022-09-15T09:01:32","date_gmt":"2022-09-15T07:01:32","guid":{"rendered":"https:\/\/tuttostore.com\/prodotto\/collezione-silhouette-il-pittore-il-ladro-il-pescatore\/"},"modified":"2025-05-19T11:57:53","modified_gmt":"2025-05-19T09:57:53","slug":"collezione-silhouette-il-pittore-il-ladro-il-pescatore","status":"publish","type":"product","link":"https:\/\/tuttostore.com\/de\/produkt\/collezione-silhouette-il-pittore-il-ladro-il-pescatore\/","title":{"rendered":"Kuckuck \u2013 Silhouetten-Kollektion"},"content":{"rendered":"<h1>Kuckuck \u2013 Silhouetten-Kollektion<\/h1>\n<p><strong>\u00a0Der Maler \u2013 Der Dieb \u2013 Der Fischer\u00a0<\/strong><\/p>\n<div>Drei stilisierte Figurensilhouettenuhren:<\/div>\n<div>\n<p><i>Ein Fischer, ein Dieb und ein Maler interagieren mit Kuckucken in drei verschiedenen Kontexten: am stillen Ufer eines Flusses, wo der Fischer seinen K\u00f6der auswirft, auf der Baustelle, wo ein gesch\u00e4ftiger Maler eilig ein im Bau befindliches Geb\u00e4ude verputzt, und im Raum, in dem sich ein Dieb verstohlen mit seiner Beute bewegt.<\/i><\/p>\n<\/div>\n<div>\n<p>Wand- oder Tischkuckucksuhr<\/p>\n<p>Lackiertes MDF-Geh\u00e4use<br \/>\nLackierte Metallsilhouette<\/p>\n<p>Abmessungen: cm L 21,5 x H 43 x T 10<br \/>\nDes. Antonio Farina<\/p>\n<\/div>\n<div>\n<p>&nbsp;<\/p>\n<\/div>\n<div>\n<p>UNSER UNTERNEHMEN<\/p>\n<p>Das Unternehmen wurde 1978 unter dem Markennamen \u201eArti e Mestieri\u201c von Ambrogio Pirondini gegr\u00fcndet. In Zusammenarbeit mit seinem Bruder Giovanni, der am Polytechnikum Mailand Architektur studierte, produzierte Arti &amp; Mestieri zun\u00e4chst Holzartikel (Kisten, Beh\u00e4lter usw.) f\u00fcr lokale Lebensmittelunternehmen. Unter dem Markennamen \u201ePirondini Italia\u201c erweiterte das Unternehmen sein Angebot auf den nationalen und internationalen Markt und bot Haushaltswaren und Accessoires an. Zur Entwicklung dieser neuen Produkte arbeitete das Unternehmen mit zahlreichen in Italien und im Ausland renommierten Designern und K\u00fcnstlern zusammen, darunter Riccardo Dalisi, Emilio Tadini, Andrea Branzi, Luca Scacchetti und Emanuele Luzzati. Das Unternehmen konzentriert sich derzeit insbesondere auf die Herstellung von Tisch- und Wanduhren sowie Kuckucksuhren.<\/p>\n<div>\n<div>\n<p>Klicken <a href=\"https:\/\/tuttostore.com\/de\/vendor\/arti-e-mestieri-s-n-c\/\">Hier<\/a> um alle Produkte von ARTI E MESTIERI SNC zu entdecken<\/p>\n<\/div>\n<\/div>\n<div>Klicken <a href=\"http:\/\/www.artiemestieri.it\/\">Hier <\/a>um die Homepage von ARTI E MESTIERI SNC zu besuchen<\/div>\n<\/div>","protected":false},"excerpt":{"rendered":"<p><strong>Silhouettensammlung \u2013 Der Maler \u2013 Der Dieb \u2013 Der Fischer<br \/>\n<\/strong><\/p>\n<p>Abmessungen: 21,5 x 43 x 10 cm<br \/>\nDesign: Antonio Farina<\/p>","protected":false},"featured_media":15579,"comment_status":"open","ping_status":"closed","template":"","meta":{"_acf_changed":false},"product_brand":[],"product_cat":[3907],"product_tag":[],"class_list":{"0":"post-15285","1":"product","2":"type-product","3":"status-publish","4":"has-post-thumbnail","6":"product_cat-casa-e-ufficio","7":"product_shipping_class-arti-e-mestieri-snc","8":"pa_a-scelta-tra-il-ladro","9":"pa_a-scelta-tra-il-pescatore","10":"pa_a-scelta-tra-il-pittore","11":"pa_vendors-arti-e-mestieri-s-n-c","13":"first","14":"instock","15":"taxable","16":"shipping-taxable","17":"purchasable","18":"product-type-variable","swatches":"rey-swatches","show_selected":""},"acf":[],"_links":{"self":[{"href":"https:\/\/tuttostore.com\/de\/wp-json\/wp\/v2\/product\/15285","targetHints":{"allow":["GET"]}}],"collection":[{"href":"https:\/\/tuttostore.com\/de\/wp-json\/wp\/v2\/product"}],"about":[{"href":"https:\/\/tuttostore.com\/de\/wp-json\/wp\/v2\/types\/product"}],"replies":[{"embeddable":true,"href":"https:\/\/tuttostore.com\/de\/wp-json\/wp\/v2\/comments?post=15285"}],"wp:featuredmedia":[{"embeddable":true,"href":"https:\/\/tuttostore.com\/de\/wp-json\/wp\/v2\/media\/15579"}],"wp:attachment":[{"href":"https:\/\/tuttostore.com\/de\/wp-json\/wp\/v2\/media?parent=15285"}],"wp:term":[{"taxonomy":"product_brand","embeddable":true,"href":"https:\/\/tuttostore.com\/de\/wp-json\/wp\/v2\/product_brand?post=15285"},{"taxonomy":"product_cat","embeddable":true,"href":"https:\/\/tuttostore.com\/de\/wp-json\/wp\/v2\/product_cat?post=15285"},{"taxonomy":"product_tag","embeddable":true,"href":"https:\/\/tuttostore.com\/de\/wp-json\/wp\/v2\/product_tag?post=15285"}],"curies":[{"name":"wp","href":"https:\/\/api.w.org\/{rel}","templated":true}]}}