{"id":15293,"date":"2022-10-11T09:31:42","date_gmt":"2022-10-11T07:31:42","guid":{"rendered":"https:\/\/tuttostore.com\/prodotto\/risotto-al-formaggio-175g\/"},"modified":"2025-05-30T15:00:31","modified_gmt":"2025-05-30T13:00:31","slug":"risotto-al-formaggio-175g","status":"publish","type":"product","link":"https:\/\/tuttostore.com\/de\/produkt\/risotto-al-formaggio-175g\/","title":{"rendered":"K\u00e4serisotto"},"content":{"rendered":"<h1>K\u00e4serisotto 175g<\/h1>\n<section id=\"descriptionTab\" class=\"page-product-box tab-pane fade in active\">\n<div class=\"rte\">\n<section id=\"descriptionTab\" class=\"page-product-box tab-pane fade in active\">\n<div class=\"rte\">\n<section id=\"descriptionTab\" class=\"page-product-box tab-pane fade in active\">\n<div class=\"rte\">\n<section id=\"descriptionTab\" class=\"page-product-box tab-pane fade in active\">\n<div class=\"rte\">\n<section id=\"descriptionTab\" class=\"page-product-box tab-pane fade in active\">\n<div class=\"rte\">\n<section id=\"descriptionTab\" class=\"page-product-box tab-pane fade in active\">\n<div class=\"rte\">\n<section id=\"descriptionTab\" class=\"page-product-box tab-pane fade in active\">\n<div class=\"rte\">\n<section id=\"descriptionTab\" class=\"page-product-box tab-pane fade in active\">\n<div class=\"rte\">\n<section id=\"descriptionTab\" class=\"page-product-box tab-pane fade in active\">\n<div class=\"rte\">\n<section id=\"descriptionTab\" class=\"page-product-box tab-pane fade in active\">\n<div class=\"rte\">\n<section id=\"descriptionTab\" class=\"page-product-box tab-pane fade in active\">\n<div class=\"rte\">\n<section id=\"descriptionTab\" class=\"page-product-box tab-pane fade in active\">\n<div class=\"rte\">\n<section id=\"descriptionTab\" class=\"page-product-box tab-pane fade in active\">\n<div class=\"rte\">\n<section id=\"descriptionTab\" class=\"page-product-box tab-pane fade in active\">\n<div class=\"rte\">\n<section id=\"descriptionTab\" class=\"page-product-box tab-pane fade in active\">\n<div class=\"rte\">\n<section id=\"descriptionTab\" class=\"page-product-box tab-pane fade in active\">\n<div class=\"rte\">\n<section id=\"descriptionTab\" class=\"page-product-box tab-pane fade in active\">\n<div class=\"rte\">\n<section id=\"descriptionTab\" class=\"page-product-box tab-pane fade in active\">\n<div class=\"rte\">\n<section id=\"descriptionTab\" class=\"page-product-box tab-pane fade in active\">\n<div class=\"rte\">\n<section id=\"descriptionTab\" class=\"page-product-box tab-pane fade in active\">\n<div class=\"rte\">\n<section id=\"descriptionTab\" class=\"page-product-box tab-pane fade in active\">\n<div class=\"rte\">\n<section id=\"descriptionTab\" class=\"page-product-box tab-pane fade in active\">\n<div class=\"rte\">\n<section id=\"descriptionTab\" class=\"page-product-box tab-pane fade in active\">\n<div class=\"rte\">\n<section id=\"descriptionTab\" class=\"page-product-box tab-pane fade in active\">\n<div class=\"rte\">\n<section id=\"descriptionTab\" class=\"page-product-box tab-pane fade in active\">\n<div class=\"rte\">\n<section id=\"descriptionTab\" class=\"page-product-box tab-pane fade in active\">\n<div class=\"rte\">\n<section id=\"descriptionTab\" class=\"page-product-box tab-pane fade in active\">\n<div class=\"rte\">\n<section id=\"descriptionTab\" class=\"page-product-box tab-pane fade in active\">\n<div class=\"rte\">\n<section id=\"descriptionTab\" class=\"page-product-box tab-pane fade in active\">\n<div class=\"rte\">\n<section id=\"descriptionTab\" class=\"page-product-box tab-pane fade in active\">\n<div class=\"rte\">\n<section id=\"descriptionTab\" class=\"page-product-box tab-pane fade in active\">\n<div class=\"rte\">\n<section id=\"descriptionTab\" class=\"page-product-box tab-pane fade in active\">\n<div class=\"rte\">\n<section id=\"descriptionTab\" class=\"page-product-box tab-pane fade in active\">\n<div class=\"rte\">\n<section id=\"descriptionTab\" class=\"page-product-box tab-pane fade in active\">\n<div class=\"rte\">\n<section id=\"descriptionTab\" class=\"page-product-box tab-pane fade in active\">\n<div class=\"rte\">\n<section id=\"descriptionTab\" class=\"page-product-box tab-pane fade in active\">\n<div class=\"rte\">\n<section id=\"descriptionTab\" class=\"page-product-box tab-pane fade in active\">\n<div class=\"rte\">\n<section id=\"descriptionTab\" class=\"page-product-box tab-pane fade in active\">\n<div class=\"rte\">\n<section id=\"descriptionTab\" class=\"page-product-box tab-pane fade in active\">\n<div class=\"rte\">\n<section id=\"descriptionTab\" class=\"page-product-box tab-pane fade in active\">\n<div class=\"rte\">\n<section id=\"descriptionTab\" class=\"page-product-box tab-pane fade in active\">\n<div class=\"rte\">\n<section id=\"descriptionTab\" class=\"page-product-box tab-pane fade in active\">\n<div class=\"rte\">\n<section id=\"descriptionTab\" class=\"page-product-box tab-pane fade in active\">\n<div class=\"rte\">\n<section id=\"descriptionTab\" class=\"page-product-box tab-pane fade in active\">\n<div class=\"rte\">\n<section id=\"descriptionTab\" class=\"page-product-box tab-pane fade in active\">\n<div class=\"rte\">\n<section id=\"descriptionTab\" class=\"page-product-box tab-pane fade in active\">\n<div class=\"rte\">\n<section id=\"descriptionTab\" class=\"page-product-box tab-pane fade in active\">\n<div class=\"rte\">\n<section id=\"descriptionTab\" class=\"page-product-box tab-pane fade in active\">\n<div class=\"rte\">\n<section id=\"descriptionTab\" class=\"page-product-box tab-pane fade in active\">\n<div class=\"rte\">\n<section id=\"descriptionTab\" class=\"page-product-box tab-pane fade in active\">\n<div class=\"rte\">\n<section id=\"descriptionTab\" class=\"page-product-box tab-pane fade in active\">\n<div class=\"rte\">\n<section id=\"descriptionTab\" class=\"page-product-box tab-pane fade in active\">\n<div class=\"rte\">\n<section id=\"descriptionTab\" class=\"page-product-box tab-pane fade in active\">\n<div class=\"rte\">\n<section id=\"descriptionTab\" class=\"page-product-box tab-pane fade in active\">\n<div class=\"rte\">\n<section id=\"descriptionTab\" class=\"page-product-box tab-pane fade in active\">\n<div class=\"rte\">\n<section id=\"descriptionTab\" class=\"page-product-box tab-pane fade in active\">\n<div class=\"rte\">\n<section id=\"descriptionTab\" class=\"page-product-box tab-pane fade in active\">\n<div class=\"rte\">\n<section id=\"descriptionTab\" class=\"page-product-box tab-pane fade in active\">\n<div class=\"rte\">\n<section id=\"descriptionTab\" class=\"page-product-box tab-pane fade in active\">\n<div class=\"rte\">\n<section id=\"descriptionTab\" class=\"page-product-box tab-pane fade in active\">\n<div class=\"rte\">\n<section id=\"descriptionTab\" class=\"page-product-box tab-pane fade in active\">\n<div class=\"rte\">\n<section id=\"descriptionTab\" class=\"page-product-box tab-pane fade in active\">\n<section id=\"descriptionTab\" class=\"page-product-box tab-pane fade in active\">\n<section id=\"descriptionTab\" class=\"page-product-box tab-pane fade in active\">\n<div class=\"rte\">\n<section id=\"descriptionTab\" class=\"page-product-box tab-pane fade in active\">\n<div class=\"rte\">\n<section id=\"descriptionTab\" class=\"page-product-box tab-pane fade in active\">\n<div class=\"rte\">\n<section id=\"descriptionTab\" class=\"page-product-box tab-pane fade in active\">\n<div class=\"rte\">\n<p><strong>Zutatenliste des dehydrierten Produkts:<\/strong><br \/>\nParboiled-Reis 77%, <strong>K\u00e4se<\/strong> 7% Pulverguss (<strong>K\u00e4se<\/strong> 68%, Serum von <strong>Milch<\/strong>, Salz), Molke <strong>Milch<\/strong>, Zubereitung aus Sonnenblumen\u00f6lpulver (Sonnenblumen\u00f6l, Glukosesirup, Sonnenblumenprotein<strong> Milch<\/strong>), Kartoffelst\u00e4rke, Salz, Geschmacksverst\u00e4rker: Mononatriumglutamat, hydrolysierte Pflanzenproteine, Hefeextrakt, Aromen, Zwiebel.<\/p>\n<\/div>\n<\/section>\n<section id=\"descriptionTab\" class=\"page-product-box tab-pane fade in active\">\n<div class=\"rte\">\n<p><strong>Kochanleitung:<\/strong><br \/>\n550 ml kaltes Wasser und den Inhalt des Beutels in einen 16\u201318 cm gro\u00dfen Topf geben. Umr\u00fchren und zum Kochen bringen. Bei mittlerer Hitze ohne Deckel ca. 15 Minuten kochen lassen, dabei gelegentlich umr\u00fchren, bis das Wasser vollst\u00e4ndig aufgesogen ist. Nach Belieben Butter und K\u00e4se hinzuf\u00fcgen.<\/p>\n<p><strong>Zubereitung in der Mikrowelle:<\/strong><br \/>\n550 ml kaltes, ungesalzenes Wasser in ein geeignetes Gef\u00e4\u00df geben und den Inhalt des Beutels hinzuf\u00fcgen. Umr\u00fchren und bei 800 W etwa 16 Minuten kochen lassen, bis das Wasser vollst\u00e4ndig aufgesogen ist.<\/p>\n<p><strong>Organoleptische Eigenschaften:<\/strong><br \/>\nDas Risotto hat ein intensives und anhaltendes Aroma; der volle, w\u00fcrzige und unverwechselbare Geschmack ist typisch f\u00fcr K\u00e4se. Die Cremigkeit kann durch die Zugabe von Butter und geriebenem K\u00e4se noch verst\u00e4rkt werden.<\/p>\n<p><strong>Durchschnittliche N\u00e4hrwerte pro 100 g dehydriertes Produkt:<\/strong><br \/>\nEnergie 378 kcal (1597 kJ)<br \/>\nFett 5,3 g\u00a0 \u00a0 \u00a0 \u00a0 \u00a0 \u00a0 \u00a0 \u00a0 \u00a0 \u00a0 \u00a0 \u00a0 \u00a0 \u00a0 \u00a0 \u00a0 \u00a0 \u00a0 \u00a0 \u00a0 \u00a0 \u00a0 \u00a0 \u00a0 \u00a0 \u00a0 \u00a0 \u00a0 \u00a0 \u00a0 \u00a0 \u00a0 \u00a0 \u00a0 \u00a0 \u00a0 \u00a0 \u00a0 \u00a0 \u00a0 \u00a0 \u00a0 \u00a0 \u00a0 \u00a0 \u00a0 \u00a0 \u00a0 \u00a0 \u00a0 \u00a0 \u00a0 \u00a0 \u00a0 \u00a0 \u00a0 \u00a0 \u00a0 \u00a0 \u00a0 \u00a0 \u00a0 \u00a0 \u00a0 \u00a0 \u00a0 \u00a0 \u00a0 \u00a0 \u00a0 \u00a0 \u00a0 \u00a0 \u00a0 \u00a0 \u00a0 \u00a0 \u00a0 \u00a0 \u00a0 \u00a0 \u00a0 \u00a0 \u00a0 \u00a0 \u00a0 \u00a0 \u00a0 \u00a0 \u00a0 \u00a0 \u00a0 \u00a0 \u00a0 \u00a0 \u00a0 \u00a0 \u00a0 \u00a0 \u00a0 \u00a0 \u00a0 \u00a0 \u00a0 \u00a0<em>davon ges\u00e4ttigte<\/em> 1,6 g Kohlenhydrate 72 g\u00a0 \u00a0 \u00a0 \u00a0 \u00a0 \u00a0 \u00a0 \u00a0 \u00a0 \u00a0 \u00a0 \u00a0 \u00a0 \u00a0 \u00a0 \u00a0 \u00a0 \u00a0 \u00a0 \u00a0 \u00a0 \u00a0 \u00a0 \u00a0 \u00a0 \u00a0 \u00a0 \u00a0 \u00a0 \u00a0 \u00a0 \u00a0 \u00a0 \u00a0 \u00a0 \u00a0 \u00a0 \u00a0 \u00a0 \u00a0 \u00a0 \u00a0 \u00a0 \u00a0 \u00a0 \u00a0 \u00a0 \u00a0 \u00a0 \u00a0 \u00a0 \u00a0 \u00a0 \u00a0 \u00a0 \u00a0 \u00a0 \u00a0 \u00a0 \u00a0 \u00a0 \u00a0 \u00a0 \u00a0 \u00a0 \u00a0 \u00a0 \u00a0 \u00a0 \u00a0 \u00a0 \u00a0 \u00a0 \u00a0 \u00a0 \u00a0 \u00a0 \u00a0 \u00a0 \u00a0 \u00a0 \u00a0 \u00a0 \u00a0 \u00a0 \u00a0 \u00a0 \u00a0 \u00a0 \u00a0 \u00a0 \u00a0 \u00a0 \u00a0 \u00a0 \u00a0 \u00a0 \u00a0 \u00a0 \u00a0 \u00a0<em>davon Zucker<\/em> 7,1 g Eiwei\u00df 9,9 g Salz 2,6 g<\/p>\n<p><strong>Durchschnittliche N\u00e4hrwerte pro Portion zubereitetes Produkt ca. 250 g (87,5 g dehydriert):<\/strong><br \/>\nEnergie 331 kcal (1401 kJ)<br \/>\nFett 4,7 g\u00a0 \u00a0 \u00a0 \u00a0 \u00a0 \u00a0 \u00a0 \u00a0 \u00a0 \u00a0 \u00a0 \u00a0 \u00a0 \u00a0 \u00a0 \u00a0 \u00a0 \u00a0 \u00a0 \u00a0 \u00a0 \u00a0 \u00a0 \u00a0 \u00a0 \u00a0 \u00a0 \u00a0 \u00a0 \u00a0 \u00a0 \u00a0 \u00a0 \u00a0 \u00a0 \u00a0 \u00a0 \u00a0 \u00a0 \u00a0 \u00a0 \u00a0 \u00a0 \u00a0 \u00a0 \u00a0 \u00a0 \u00a0 \u00a0 \u00a0 \u00a0 \u00a0 \u00a0 \u00a0 \u00a0 \u00a0 \u00a0 \u00a0 \u00a0 \u00a0 \u00a0 \u00a0 \u00a0 \u00a0 \u00a0 \u00a0 \u00a0 \u00a0 \u00a0 \u00a0 \u00a0 \u00a0 \u00a0 \u00a0 \u00a0 \u00a0 \u00a0 \u00a0 \u00a0 \u00a0 \u00a0 \u00a0 \u00a0 \u00a0 \u00a0 \u00a0 \u00a0 \u00a0 \u00a0 \u00a0 \u00a0 \u00a0 \u00a0 \u00a0 \u00a0 \u00a0 \u00a0 \u00a0 \u00a0 \u00a0 \u00a0 \u00a0 \u00a0 \u00a0 <em>\u00a0davon ges\u00e4ttigte<\/em> 1,4 g Kohlenhydrate 63 g\u00a0 \u00a0 \u00a0 \u00a0 \u00a0 \u00a0 \u00a0 \u00a0 \u00a0 \u00a0 \u00a0 \u00a0 \u00a0 \u00a0 \u00a0 \u00a0 \u00a0 \u00a0 \u00a0 \u00a0 \u00a0 \u00a0 \u00a0 \u00a0 \u00a0 \u00a0 \u00a0 \u00a0 \u00a0 \u00a0 \u00a0 \u00a0 \u00a0 \u00a0 \u00a0 \u00a0 \u00a0 \u00a0 \u00a0 \u00a0 \u00a0 \u00a0 \u00a0 \u00a0 \u00a0 \u00a0 \u00a0 \u00a0 \u00a0 \u00a0 \u00a0 \u00a0 \u00a0 \u00a0 \u00a0 \u00a0 \u00a0 \u00a0 \u00a0 \u00a0 \u00a0 \u00a0 \u00a0 \u00a0 \u00a0 \u00a0 \u00a0 \u00a0 \u00a0 \u00a0 \u00a0 \u00a0 \u00a0 \u00a0 \u00a0 \u00a0 \u00a0 \u00a0 \u00a0 \u00a0 \u00a0 \u00a0 \u00a0 \u00a0 \u00a0 \u00a0 \u00a0 \u00a0 \u00a0 \u00a0 \u00a0 \u00a0 \u00a0 \u00a0 \u00a0 \u00a0 \u00a0 \u00a0 \u00a0 \u00a0 \u00a0<em>davon Zucker<\/em> 6,2 g Eiwei\u00df 8,7 g Salz 2,2 g<\/p>\n<p><strong>Haltbarkeit:<\/strong>\u00a0 \u00a0 \u00a0 \u00a0 \u00a0 \u00a0 \u00a0 \u00a0 \u00a0 \u00a0 \u00a0 \u00a0 \u00a0 \u00a0 \u00a0 \u00a0 \u00a0 \u00a0 \u00a0 \u00a0 \u00a0 \u00a0 \u00a0 \u00a0 \u00a0 \u00a0 \u00a0 \u00a0 \u00a0 \u00a0 \u00a0 \u00a0 \u00a0 \u00a0 \u00a0 \u00a0 \u00a0 \u00a0 \u00a0 \u00a0 \u00a0 \u00a0 \u00a0 \u00a0 \u00a0 \u00a0 \u00a0 \u00a0 \u00a0 \u00a0 \u00a0 \u00a0 \u00a0 \u00a0 \u00a0 \u00a0 \u00a0 \u00a0 \u00a0 \u00a0 \u00a0 \u00a0 \u00a0 \u00a0 \u00a0 \u00a0 \u00a0 \u00a0 \u00a0 \u00a0 \u00a0 \u00a0 \u00a0 \u00a0 \u00a0 \u00a0 \u00a0 \u00a0 \u00a0 \u00a0 \u00a0 \u00a0 \u00a0 \u00a0 \u00a0 \u00a0 \u00a0 \u00a0 \u00a0 \u00a0 \u00a0 \u00a0 \u00a0 \u00a0 \u00a0 \u00a0 \u00a0 \u00a0 \u00a0 \u00a0 \u00a0 \u00a0 18 Monate ab Herstellungsdatum. 12 Monate verbleiben bis zur Auslieferung. Ausgedr\u00fcckt als <em>Mindestens haltbar bis TT MM JJJJ<\/em><\/p>\n<\/div>\n<\/section>\n<\/div>\n<\/section>\n<\/div>\n<\/section>\n<\/div>\n<\/section>\n<\/section>\n<\/section>\n<\/div>\n<\/section>\n<\/div>\n<\/section>\n<\/div>\n<\/section>\n<\/div>\n<\/section>\n<\/div>\n<\/section>\n<\/div>\n<\/section>\n<\/div>\n<\/section>\n<\/div>\n<\/section>\n<\/div>\n<\/section>\n<\/div>\n<\/section>\n<\/div>\n<\/section>\n<\/div>\n<\/section>\n<\/div>\n<\/section>\n<\/div>\n<\/section>\n<\/div>\n<\/section>\n<\/div>\n<\/section>\n<\/div>\n<\/section>\n<\/div>\n<\/section>\n<\/div>\n<\/section>\n<\/div>\n<\/section>\n<\/div>\n<\/section>\n<\/div>\n<\/section>\n<\/div>\n<\/section>\n<\/div>\n<\/section>\n<\/div>\n<\/section>\n<\/div>\n<\/section>\n<\/div>\n<\/section>\n<\/div>\n<\/section>\n<\/div>\n<\/section>\n<\/div>\n<\/section>\n<\/div>\n<\/section>\n<\/div>\n<\/section>\n<\/div>\n<\/section>\n<\/div>\n<\/section>\n<\/div>\n<\/section>\n<\/div>\n<\/section>\n<\/div>\n<\/section>\n<\/div>\n<\/section>\n<\/div>\n<\/section>\n<\/div>\n<\/section>\n<\/div>\n<\/section>\n<\/div>\n<\/section>\n<\/div>\n<\/section>\n<\/div>\n<\/section>\n<\/div>\n<\/section>\n<\/div>\n<\/section>\n<\/div>\n<\/section>\n<\/div>\n<\/section>\n<\/div>\n<\/section>\n<\/div>\n<\/section>\n<\/div>\n<\/section>\n<\/div>\n<\/section>\n<\/div>\n<\/section>\n<\/div>\n<\/section>\n<\/div>\n<\/section>\n<\/div>\n<\/section>\n<\/div>\n<\/section>\n<\/div>\n<\/section>\n<\/div>\n<\/section>\n<\/div>\n<\/section>\n<\/div>\n<\/section>\n<p><strong>SIGN ITALIEN<\/strong> produziert eine gro\u00dfe Auswahl an dehydrierten Fertiggerichten mit typisch italienischen Rezepten: Risottos, Pasta, Spaghetti, Gnocchi, Tortellini, Suppen, Saucen, Polenta usw.<\/p>\n<div>\n<div>Klicken <a href=\"https:\/\/tuttostore.com\/de\/vendor\/firma-italia-s-p-a\/\">Hier <\/a>um alle Produkte von FIRMA ITALIA zu entdecken<\/div>\n<div>Klicken <a href=\"https:\/\/firmaitalia.it\/\">Hier <\/a>um die Homepage von FIRMA ITALIA zu besuchen<\/div>\n<\/div>","protected":false},"excerpt":{"rendered":"<p><strong>Mindestbestellmenge: zehn Produkte zur Auswahl im Firma Italia Store<\/strong><\/p>\n<p><strong>Anzahl der Portionen:<\/strong>\u00a02<br \/>\n<strong>Allergene:<\/strong> <strong>\u00a0 \u00a0 \u00a0<\/strong>\u00a0 \u00a0 \u00a0 \u00a0 \u00a0 \u00a0 \u00a0 \u00a0 \u00a0 \u00a0 \u00a0 \u00a0 \u00a0 \u00a0 \u00a0 \u00a0 \u00a0 \u00a0 \u00a0 \u00a0 \u00a0 \u00a0 \u00a0 \u00a0 \u00a0 \u00a0 \u00a0 \u00a0 \u00a0 \u00a0 \u00a0 \u00a0 \u00a0 \u00a0 \u00a0 \u00a0 \u00a0 \u00a0 \u00a0 \u00a0 \u00a0 \u00a0 \u00a0 \u00a0 \u00a0 \u00a0 \u00a0 \u00a0 \u00a0 \u00a0 \u00a0 \u00a0 \u00a0 \u00a0 \u00a0 \u00a0 \u00a0 \u00a0 \u00a0 \u00a0 \u00a0 \u00a0 \u00a0 \u00a0 \u00a0 \u00a0 \u00a0 \u00a0 \u00a0 \u00a0 \u00a0 \u00a0 \u00a0 \u00a0 \u00a0 \u00a0 \u00a0 \u00a0 \u00a0 \u00a0 \u00a0 \u00a0 \u00a0 \u00a0 \u00a0 \u00a0 \u00a0 \u00a0 \u00a0 \u00a0 \u00a0 \u00a0 \u00a0 Enth\u00e4lt <strong>Milch<\/strong>Kann enthalten <strong>glutenhaltiges Getreide, Soja, Sellerie, Krebstiere, Weichtiere<\/strong> Und <strong>Ei.<\/strong><br \/>\n<strong>Nettogewicht:<\/strong>\u00a0175 g<\/p>","protected":false},"featured_media":16207,"comment_status":"open","ping_status":"closed","template":"","meta":{"_acf_changed":false},"product_brand":[],"product_cat":[3887],"product_tag":[3573],"class_list":{"0":"post-15293","1":"product","2":"type-product","3":"status-publish","4":"has-post-thumbnail","6":"product_cat-alimentazione","7":"product_tag-risotto-al-formaggio","8":"product_shipping_class-firma-italia","9":"pa_vendors-firma-italia-s-p-a","11":"first","12":"instock","13":"taxable","14":"shipping-taxable","15":"purchasable","16":"product-type-simple","swatches":"rey-swatches","show_selected":""},"acf":[],"_links":{"self":[{"href":"https:\/\/tuttostore.com\/de\/wp-json\/wp\/v2\/product\/15293","targetHints":{"allow":["GET"]}}],"collection":[{"href":"https:\/\/tuttostore.com\/de\/wp-json\/wp\/v2\/product"}],"about":[{"href":"https:\/\/tuttostore.com\/de\/wp-json\/wp\/v2\/types\/product"}],"replies":[{"embeddable":true,"href":"https:\/\/tuttostore.com\/de\/wp-json\/wp\/v2\/comments?post=15293"}],"wp:featuredmedia":[{"embeddable":true,"href":"https:\/\/tuttostore.com\/de\/wp-json\/wp\/v2\/media\/16207"}],"wp:attachment":[{"href":"https:\/\/tuttostore.com\/de\/wp-json\/wp\/v2\/media?parent=15293"}],"wp:term":[{"taxonomy":"product_brand","embeddable":true,"href":"https:\/\/tuttostore.com\/de\/wp-json\/wp\/v2\/product_brand?post=15293"},{"taxonomy":"product_cat","embeddable":true,"href":"https:\/\/tuttostore.com\/de\/wp-json\/wp\/v2\/product_cat?post=15293"},{"taxonomy":"product_tag","embeddable":true,"href":"https:\/\/tuttostore.com\/de\/wp-json\/wp\/v2\/product_tag?post=15293"}],"curies":[{"name":"wp","href":"https:\/\/api.w.org\/{rel}","templated":true}]}}