{"id":15298,"date":"2023-02-23T08:40:29","date_gmt":"2023-02-23T07:40:29","guid":{"rendered":"https:\/\/tuttostore.com\/prodotto\/epoxrouille-bombola-spray\/"},"modified":"2025-05-29T18:17:13","modified_gmt":"2025-05-29T16:17:13","slug":"epoxrouille-bombola-spray","status":"publish","type":"product","link":"https:\/\/tuttostore.com\/de\/produkt\/epoxrouille-bombola-spray\/","title":{"rendered":"EPOXROUILLE \u2013 Spr\u00fchdose"},"content":{"rendered":"<h1>EPOXROUILLE \u2013 400ml Spr\u00fchdose<\/h1>\n<div>\n<p>EPOXROUILLE neutralisiert Rost und bildet einen sehr kompakten schwarzen organometallischen Komplex.<\/p>\n<p>Das in der Formulierung enthaltene Epoxidharz dient als Grundierung, die direkt \u00fcberlackiert werden kann.<\/p>\n<p>F\u00fcr die \u00e4u\u00dferliche Anwendung ist der Kanister mit einem Spr\u00fchkopf ausgestattet, f\u00fcr Hohlr\u00e4ume ist eine spezielle Sonde erh\u00e4ltlich (Code 60002).<\/p>\n<p>Produkt nur f\u00fcr den professionellen Gebrauch.<\/p>\n<p>Die Angaben in diesem Datenblatt basieren auf unserem aktuellen Wissensstand. Sie stellen keine Garantie dar. Es liegt in der Verantwortung des Anwenders, die Eignung der hier bereitgestellten Informationen f\u00fcr seinen spezifischen Anwendungszweck zu pr\u00fcfen.<\/p>\n<p>Fimo srl wurde 1976 als Hersteller von industriellen Wartungsprodukten, Schmiermitteln, L\u00f6sungs- und Reinigungsmitteln gegr\u00fcndet. Neben diesem Kerngesch\u00e4ft hat das Unternehmen im Laufe der Jahre dank seiner Erfahrung im industriellen Bereich eine Produktlinie f\u00fcr die Schmierung von Kartketten entwickelt.<\/p>\n<div>\n<div>\n<p>Klicken <a href=\"https:\/\/tuttostore.com\/de\/vendor\/fimo-srl\/\">Hier<\/a> um alle FIMO Produkte zu entdecken<\/p>\n<\/div>\n<\/div>\n<div>Klicken <a href=\"http:\/\/www.fimo.it\/2016\/it\/\">Hier<\/a> um die FIMO Homepage zu besuchen<\/div>\n<\/div>","protected":false},"excerpt":{"rendered":"<p><strong>EPOXROUILLE \u2013 Spr\u00fchdose\u00a0<\/strong><\/p>\n<p>400ml Packung<\/p>","protected":false},"featured_media":16177,"comment_status":"open","ping_status":"closed","template":"","meta":{"_acf_changed":false},"product_brand":[],"product_cat":[3898],"product_tag":[],"class_list":{"0":"post-15298","1":"product","2":"type-product","3":"status-publish","4":"has-post-thumbnail","6":"product_cat-sport-e-tempo-libero","7":"product_shipping_class-fimo-srl","8":"pa_vendors-fimo-srl","10":"first","11":"instock","12":"taxable","13":"shipping-taxable","14":"purchasable","15":"product-type-simple","swatches":"rey-swatches","show_selected":""},"acf":[],"_links":{"self":[{"href":"https:\/\/tuttostore.com\/de\/wp-json\/wp\/v2\/product\/15298","targetHints":{"allow":["GET"]}}],"collection":[{"href":"https:\/\/tuttostore.com\/de\/wp-json\/wp\/v2\/product"}],"about":[{"href":"https:\/\/tuttostore.com\/de\/wp-json\/wp\/v2\/types\/product"}],"replies":[{"embeddable":true,"href":"https:\/\/tuttostore.com\/de\/wp-json\/wp\/v2\/comments?post=15298"}],"wp:featuredmedia":[{"embeddable":true,"href":"https:\/\/tuttostore.com\/de\/wp-json\/wp\/v2\/media\/16177"}],"wp:attachment":[{"href":"https:\/\/tuttostore.com\/de\/wp-json\/wp\/v2\/media?parent=15298"}],"wp:term":[{"taxonomy":"product_brand","embeddable":true,"href":"https:\/\/tuttostore.com\/de\/wp-json\/wp\/v2\/product_brand?post=15298"},{"taxonomy":"product_cat","embeddable":true,"href":"https:\/\/tuttostore.com\/de\/wp-json\/wp\/v2\/product_cat?post=15298"},{"taxonomy":"product_tag","embeddable":true,"href":"https:\/\/tuttostore.com\/de\/wp-json\/wp\/v2\/product_tag?post=15298"}],"curies":[{"name":"wp","href":"https:\/\/api.w.org\/{rel}","templated":true}]}}