{"id":15299,"date":"2023-02-23T08:58:20","date_gmt":"2023-02-23T07:58:20","guid":{"rendered":"https:\/\/tuttostore.com\/prodotto\/sonda-per-cavita-specifica-per-epoxrouille\/"},"modified":"2025-05-20T14:28:19","modified_gmt":"2025-05-20T12:28:19","slug":"sonda-per-cavita-specifica-per-epoxrouille","status":"publish","type":"product","link":"https:\/\/tuttostore.com\/de\/produkt\/sonda-per-cavita-specifica-per-epoxrouille\/","title":{"rendered":"Hohlraumsonde \u2013 spezifisch f\u00fcr EPOXROUILLE"},"content":{"rendered":"<div>\n<h1>Hohlraumsonde \u2013 spezifisch f\u00fcr EPOXROUILLE<\/h1>\n<div>\n<p>Die Sonde ist 60 cm lang und verf\u00fcgt \u00fcber einen mikroperforierten Messinganschluss, der speziell daf\u00fcr entwickelt wurde, alle versteckten Ecken von Innenblechen zu erreichen.<\/p>\n<p>Fimo srl wurde 1976 als Hersteller von industriellen Wartungsprodukten, Schmiermitteln, L\u00f6sungs- und Reinigungsmitteln gegr\u00fcndet. Neben diesem Kerngesch\u00e4ft hat das Unternehmen im Laufe der Jahre dank seiner Erfahrung im industriellen Bereich eine Produktlinie f\u00fcr die Schmierung von Kartketten entwickelt.<\/p>\n<p>Klicken <a href=\"https:\/\/tuttostore.com\/de\/vendor\/fimo-srl\/\">Hier<\/a> um alle FIMO Produkte zu entdecken<\/p>\n<\/div>\n<\/div>\n<div>Klicken <a href=\"http:\/\/www.fimo.it\/2016\/it\/\">Hier<\/a> um die FIMO Homepage zu besuchen<\/div>","protected":false},"excerpt":{"rendered":"<p><strong>Hohlraumsonde \u2013 spezifisch f\u00fcr EPOXROUILLE<\/strong><\/p>","protected":false},"featured_media":15723,"comment_status":"open","ping_status":"closed","template":"","meta":{"_acf_changed":false},"product_brand":[],"product_cat":[3898],"product_tag":[],"class_list":{"0":"post-15299","1":"product","2":"type-product","3":"status-publish","4":"has-post-thumbnail","6":"product_cat-sport-e-tempo-libero","7":"product_shipping_class-fimo-srl","8":"pa_vendors-fimo-srl","10":"first","11":"instock","12":"taxable","13":"shipping-taxable","14":"purchasable","15":"product-type-simple","swatches":"rey-swatches","show_selected":""},"acf":[],"_links":{"self":[{"href":"https:\/\/tuttostore.com\/de\/wp-json\/wp\/v2\/product\/15299","targetHints":{"allow":["GET"]}}],"collection":[{"href":"https:\/\/tuttostore.com\/de\/wp-json\/wp\/v2\/product"}],"about":[{"href":"https:\/\/tuttostore.com\/de\/wp-json\/wp\/v2\/types\/product"}],"replies":[{"embeddable":true,"href":"https:\/\/tuttostore.com\/de\/wp-json\/wp\/v2\/comments?post=15299"}],"wp:featuredmedia":[{"embeddable":true,"href":"https:\/\/tuttostore.com\/de\/wp-json\/wp\/v2\/media\/15723"}],"wp:attachment":[{"href":"https:\/\/tuttostore.com\/de\/wp-json\/wp\/v2\/media?parent=15299"}],"wp:term":[{"taxonomy":"product_brand","embeddable":true,"href":"https:\/\/tuttostore.com\/de\/wp-json\/wp\/v2\/product_brand?post=15299"},{"taxonomy":"product_cat","embeddable":true,"href":"https:\/\/tuttostore.com\/de\/wp-json\/wp\/v2\/product_cat?post=15299"},{"taxonomy":"product_tag","embeddable":true,"href":"https:\/\/tuttostore.com\/de\/wp-json\/wp\/v2\/product_tag?post=15299"}],"curies":[{"name":"wp","href":"https:\/\/api.w.org\/{rel}","templated":true}]}}