{"id":15305,"date":"2023-07-05T09:31:13","date_gmt":"2023-07-05T07:31:13","guid":{"rendered":"https:\/\/tuttostore.com\/prodotto\/cucu-quadrato-magico-calendario\/"},"modified":"2025-05-29T18:00:31","modified_gmt":"2025-05-29T16:00:31","slug":"cucu-quadrato-magico-calendario","status":"publish","type":"product","link":"https:\/\/tuttostore.com\/de\/produkt\/cucu-quadrato-magico-calendario\/","title":{"rendered":"Magic Square Cuckoo \u2013 Kalender"},"content":{"rendered":"<h1>Magic Square Cuckoo \u2013 Kalender<\/h1>\n<p><strong>\u00a0Kuckucksuhr mit Magnetkarten<br \/>\n<\/strong>\u00a0Ein Quadrat mit drei\u00dfig nummerierten Kacheln, die Sie in beliebiger Reihenfolge anordnen k\u00f6nnen. Legen Sie auf das Pendel die Zahl, die dem Tag des Monats entspricht. Bei einunddrei\u00dfig ist das Bild komplett!<\/p>\n<p>&nbsp;<\/p>\n<p>Wandkuckucksuhr<\/p>\n<div>\n<p>Wei\u00df lackierte Metallplatte<br \/>\nMagnetische Birkenfliesen<br \/>\nAbmessungen: cm L 36 x H 36 x T 10 ohne Pendel<\/p>\n<\/div>\n<div>\n<p>&nbsp;<\/p>\n<\/div>\n<div>\n<p>UNSER UNTERNEHMEN<\/p>\n<p>Das Unternehmen wurde 1978 unter dem Markennamen \u201eArti e Mestieri\u201c von Ambrogio Pirondini gegr\u00fcndet. In Zusammenarbeit mit seinem Bruder Giovanni, der am Polytechnikum Mailand Architektur studierte, produzierte Arti &amp; Mestieri zun\u00e4chst Holzartikel (Kisten, Beh\u00e4lter usw.) f\u00fcr lokale Lebensmittelunternehmen. Unter dem Markennamen \u201ePirondini Italia\u201c erweiterte das Unternehmen sein Angebot auf den nationalen und internationalen Markt und bot Haushaltswaren und Accessoires an. Zur Entwicklung dieser neuen Produkte arbeitete das Unternehmen mit zahlreichen in Italien und im Ausland renommierten Designern und K\u00fcnstlern zusammen, darunter Riccardo Dalisi, Emilio Tadini, Andrea Branzi, Luca Scacchetti und Emanuele Luzzati. Das Unternehmen konzentriert sich derzeit insbesondere auf die Herstellung von Tisch- und Wanduhren sowie Kuckucksuhren.<\/p>\n<div>\n<div>\n<p>Klicken <a href=\"https:\/\/tuttostore.com\/de\/vendor\/arti-e-mestieri-s-n-c\/\">Hier<\/a> um alle Produkte von ARTI E MESTIERI SNC zu entdecken<\/p>\n<\/div>\n<\/div>\n<div>Klicken <a href=\"http:\/\/www.artiemestieri.it\/\">Hier <\/a>um die Homepage von ARTI E MESTIERI SNC zu besuchen<\/div>\n<\/div>","protected":false},"excerpt":{"rendered":"<p>Wandkuckucksuhr<\/p>\n<div>\n<p>Wei\u00df lackierte Metallplatte<br \/>\nMagnetische Birkenfliesen<br \/>\nAbmessungen: cm L 36 x H 36 x T 10 ohne Pendel<\/p>\n<\/div>","protected":false},"featured_media":16169,"comment_status":"open","ping_status":"closed","template":"","meta":{"_acf_changed":false},"product_brand":[],"product_cat":[3907],"product_tag":[939,3577,3293],"class_list":{"0":"post-15305","1":"product","2":"type-product","3":"status-publish","4":"has-post-thumbnail","6":"product_cat-casa-e-ufficio","7":"product_tag-cucu","8":"product_tag-orologio","9":"product_tag-orologio-a-cucu","10":"product_shipping_class-arti-e-mestieri-snc","11":"pa_a-scelta-tra-bianco-e-nero","12":"pa_a-scelta-tra-giallo-e-nero","13":"pa_a-scelta-tra-verde-e-bianco","14":"pa_vendors-arti-e-mestieri-s-n-c","16":"first","17":"instock","18":"taxable","19":"shipping-taxable","20":"purchasable","21":"product-type-simple","swatches":"rey-swatches","show_selected":""},"acf":[],"_links":{"self":[{"href":"https:\/\/tuttostore.com\/de\/wp-json\/wp\/v2\/product\/15305","targetHints":{"allow":["GET"]}}],"collection":[{"href":"https:\/\/tuttostore.com\/de\/wp-json\/wp\/v2\/product"}],"about":[{"href":"https:\/\/tuttostore.com\/de\/wp-json\/wp\/v2\/types\/product"}],"replies":[{"embeddable":true,"href":"https:\/\/tuttostore.com\/de\/wp-json\/wp\/v2\/comments?post=15305"}],"wp:featuredmedia":[{"embeddable":true,"href":"https:\/\/tuttostore.com\/de\/wp-json\/wp\/v2\/media\/16169"}],"wp:attachment":[{"href":"https:\/\/tuttostore.com\/de\/wp-json\/wp\/v2\/media?parent=15305"}],"wp:term":[{"taxonomy":"product_brand","embeddable":true,"href":"https:\/\/tuttostore.com\/de\/wp-json\/wp\/v2\/product_brand?post=15305"},{"taxonomy":"product_cat","embeddable":true,"href":"https:\/\/tuttostore.com\/de\/wp-json\/wp\/v2\/product_cat?post=15305"},{"taxonomy":"product_tag","embeddable":true,"href":"https:\/\/tuttostore.com\/de\/wp-json\/wp\/v2\/product_tag?post=15305"}],"curies":[{"name":"wp","href":"https:\/\/api.w.org\/{rel}","templated":true}]}}