{"id":15308,"date":"2023-11-09T10:49:38","date_gmt":"2023-11-09T09:49:38","guid":{"rendered":"https:\/\/tuttostore.com\/prodotto\/farina-integrale-forte-2\/"},"modified":"2025-11-20T15:39:49","modified_gmt":"2025-11-20T14:39:49","slug":"farina-integrale-forte-2","status":"publish","type":"product","link":"https:\/\/tuttostore.com\/de\/produkt\/farina-integrale-forte-2\/","title":{"rendered":"Starkes Vollkornmehl"},"content":{"rendered":"<h1>Starkes Vollkornmehl<\/h1>\n<p>Starkes Vollkornmehl<\/p>\n<p>Vollkornmehl, reich an Ballaststoffen und N\u00e4hrstoffen.<br \/>\nCharakteristischer rustikaler Duft.<\/p>\n<p>Geeignet f\u00fcr s\u00fc\u00dfe und herzhafte Backwaren, ideal f\u00fcr mittelstark ges\u00e4uerte Teige.<\/p>\n<p><strong>Verpackung: 1,00 kg\u00a0<\/strong><\/p>\n<p><span style=\"text-decoration: underline;\"><strong>Molino Enrici informiert Sie dar\u00fcber, dass die Preise f\u00fcr sein Qualit\u00e4tsmehl reguliert sind, um den Einkauf zu erleichtern und die Versandkosten zu decken.<\/strong><\/span><\/p>\n<div>\n<p><strong>UNSER UNTERNEHMEN <\/strong><\/p>\n<p><strong>MOLINO ENRICI<\/strong><\/p>\n<p>Dank unserer flexiblen Mischanlage und eines technologisch fortschrittlichen Forschungs- und Analyselabors, das zu den umfassendsten der europ\u00e4ischen M\u00fchlenindustrie z\u00e4hlt, k\u00f6nnen wir Produkte individuell anpassen und ma\u00dfgeschneiderte Mehle herstellen. Neben unserem traditionellen Brotmehlsortiment haben wir in Zusammenarbeit mit Meisterhandwerkern Spezialmehle und nat\u00fcrliche Halbfertigprodukte f\u00fcr Pizza-, Pasta- und Geb\u00e4ckprofis entwickelt.<\/p>\n<p>&nbsp;<\/p>\n<div>\n<div>\n<p>Klicken <a href=\"https:\/\/tuttostore.com\/de\/vendor\/molino-enrici-s-r-l\/\">Hier<\/a> um alle Produkte von Molino Enrici Srl zu entdecken<\/p>\n<\/div>\n<\/div>\n<div>Klicken <a href=\"http:\/\/www.molinoenrici.it\/\">Hier<\/a> um die Homepage von Molino Enrici Srl zu besuchen<\/div>\n<\/div>","protected":false},"excerpt":{"rendered":"<p><strong>Starkes Vollkornmehl<\/strong><\/p>\n<p>Vollkornmehl, reich an Ballaststoffen und N\u00e4hrstoffen.<\/p>\n<p><span style=\"text-decoration: underline;\"><strong>Molino Enrici informiert Sie dar\u00fcber, dass die Preise f\u00fcr sein Qualit\u00e4tsmehl reguliert sind, um den Einkauf zu erleichtern und die Versandkosten zu decken.<\/strong><\/span><\/p>","protected":false},"featured_media":16183,"comment_status":"open","ping_status":"closed","template":"","meta":{"_acf_changed":false},"product_brand":[],"product_cat":[3887],"product_tag":[1368],"class_list":{"0":"post-15308","1":"product","2":"type-product","3":"status-publish","4":"has-post-thumbnail","6":"product_cat-alimentazione","7":"product_tag-cerealpan-plus","8":"product_shipping_class-molino-enrici","9":"pa_confezione-1-kg","10":"pa_confezione-5-kg","11":"pa_vendors-molino-enrici-s-r-l","13":"first","14":"instock","15":"taxable","16":"shipping-taxable","17":"purchasable","18":"product-type-variable","swatches":"rey-swatches","show_selected":""},"acf":[],"_links":{"self":[{"href":"https:\/\/tuttostore.com\/de\/wp-json\/wp\/v2\/product\/15308","targetHints":{"allow":["GET"]}}],"collection":[{"href":"https:\/\/tuttostore.com\/de\/wp-json\/wp\/v2\/product"}],"about":[{"href":"https:\/\/tuttostore.com\/de\/wp-json\/wp\/v2\/types\/product"}],"replies":[{"embeddable":true,"href":"https:\/\/tuttostore.com\/de\/wp-json\/wp\/v2\/comments?post=15308"}],"wp:featuredmedia":[{"embeddable":true,"href":"https:\/\/tuttostore.com\/de\/wp-json\/wp\/v2\/media\/16183"}],"wp:attachment":[{"href":"https:\/\/tuttostore.com\/de\/wp-json\/wp\/v2\/media?parent=15308"}],"wp:term":[{"taxonomy":"product_brand","embeddable":true,"href":"https:\/\/tuttostore.com\/de\/wp-json\/wp\/v2\/product_brand?post=15308"},{"taxonomy":"product_cat","embeddable":true,"href":"https:\/\/tuttostore.com\/de\/wp-json\/wp\/v2\/product_cat?post=15308"},{"taxonomy":"product_tag","embeddable":true,"href":"https:\/\/tuttostore.com\/de\/wp-json\/wp\/v2\/product_tag?post=15308"}],"curies":[{"name":"wp","href":"https:\/\/api.w.org\/{rel}","templated":true}]}}