{"id":15314,"date":"2023-11-14T10:18:53","date_gmt":"2023-11-14T09:18:53","guid":{"rendered":"https:\/\/tuttostore.com\/prodotto\/il-merlo-collezione-il-cucu-del-re-copia\/"},"modified":"2025-05-29T17:56:33","modified_gmt":"2025-05-29T15:56:33","slug":"il-merlo-collezione-il-cucu-del-re-copia","status":"publish","type":"product","link":"https:\/\/tuttostore.com\/de\/produkt\/il-merlo-collezione-il-cucu-del-re-copia\/","title":{"rendered":"DIE BLACKBIRD-KOLLEKTION \u201eDer Kuckuck des K\u00f6nigs\u201c"},"content":{"rendered":"<h1>DIE BLACKBIRD-KOLLEKTION \u201eDer Kuckuck des K\u00f6nigs\u201c<\/h1>\n<p><strong><em>Die Blackbird-Kollektion \u201eDer Kuckuck des K\u00f6nigs\u201c<\/em><\/strong><\/p>\n<p>Wandkuckucksuhr<\/p>\n<p>Des. Irene Guerrieri<\/p>\n<p>DER KUCKUCK DES K\u00d6NIGS<br \/>\n(VON FABIO FIORINI)<\/p>\n<p>In einem kleinen Dorf, nur wenige Schritte vom bezaubernden Val dei Pendoli entfernt, lebten einst die Uhrmacher Oreste und Min\u00f9. Oreste war klein und rundlich, wie der Zeiger, der die Stunden auf einer Uhr anzeigt; seine Frau Min\u00f9 war gro\u00df und d\u00fcnn, genau wie der Minutenzeiger.<br \/>\nDie beiden verbrachten ihre Tage in ihrem Labor und verwandelten bizarre Ideen in \u2026<\/p>\n<p>So beginnt das M\u00e4rchen, das vom Ursprung der Kuckucksuhr erz\u00e4hlt.<br \/>\nIrene Guerrieri lie\u00df sich von der Geschichte \u201eDer Kuckuck des K\u00f6nigs\u201c von Fabio Fiorini inspirieren und hat vier Kuckucksuhren entworfen, die wie kleine Schachteln mit zwei T\u00fcren aussehen, die sich wie eine Theaterb\u00fchne \u00f6ffnen, auf der die Protagonisten der Geschichte erscheinen:<br \/>\nDER HAHN, DIE ELSTER, DIE AMSEL, DER KUCKUCK<br \/>\nBei ge\u00f6ffneten T\u00fcren singt der Kuckuck fr\u00f6hlich zur vollen Stunde, aber wenn die T\u00fcren geschlossen sind, schl\u00e4ft der Kuckuck wieder ein.<br \/>\nDem Paket liegt eine illustrierte Brosch\u00fcre mit der gesamten Geschichte bei.<br \/>\nDas Lauschen des Kuckucks und das Vorlesen des illustrierten M\u00e4rchens werden Kindern und Erwachsenen gleicherma\u00dfen Freude bereiten.<br \/>\nDie Kuckucksuhr verf\u00fcgt, wie alle unsere Kuckucksuhren, \u00fcber einen Nachtsensor, der sie w\u00e4hrend der Nacht oder bei Verdunkelung des Raumes, in dem sie steht, stumm schaltet.<\/p>\n<p>DER CUCU DES K\u00d6NIGS<br \/>\n(von Fabio Fiorini)<br \/>\nIn einem kleinen Dorf unweit des bezaubernden Pendoli-Tals lebten einst die Uhrmacher Oreste und Min\u00f9. Oreste war klein und rundlich, wie der Stundenzeiger; seine Frau Min\u00f9 hingegen war gro\u00df und d\u00fcrr, genau wie der Minutenzeiger.<br \/>\nDie beiden verbrachten ihre Tage in ihrem Labor und verwandelten bizarre Ideen in \u2026<\/p>\n<p>So beginnt das M\u00e4rchen, in dem die Entstehung dieser Kuckucksuhr erz\u00e4hlt wird.<br \/>\nIrene Guerrieri lie\u00df sich von der Geschichte \u201eDer Kuckuck des K\u00f6nigs\u201c von Fabio Fiorini inspirieren und schuf vier Kuckucksuhren, die wie eine Kiste mit zwei T\u00fcren aussehen, die sich wie ein Theaterproszenium \u00f6ffnen, auf das die Protagonisten der Geschichte blicken:<br \/>\nDER HAHN, DIE ELSTER, DIE AMSEL, DER KUCKUCK<br \/>\nBei ge\u00f6ffneten T\u00fcren singt der Kuckuck jede Stunde fr\u00f6hlich, aber wenn man die T\u00fcren schlie\u00dft, schl\u00e4ft der Kuckuck wieder ein.<br \/>\nDem Kuckuck zu lauschen und das illustrierte M\u00e4rchen zu lesen, bereitet Kindern und Erwachsenen gro\u00dfe Freude.<br \/>\nIm Paket ist eine illustrierte Brosch\u00fcre mit der gesamten Geschichte enthalten.<br \/>\nDer Kuckuck verf\u00fcgt wie alle unsere Kuckucksuhren \u00fcber einen Nachtsensor, der ihn nachts oder bei Dunkelheit im Raum, in dem er steht, stumm schaltet.<\/p>\n<p>&nbsp;<\/p>\n<div>\n<p>UNSER UNTERNEHMEN<\/p>\n<p>Das Unternehmen wurde 1978 unter dem Markennamen \u201eArti e Mestieri\u201c von Ambrogio Pirondini gegr\u00fcndet. In Zusammenarbeit mit seinem Bruder Giovanni, der am Polytechnikum Mailand Architektur studierte, produzierte Arti &amp; Mestieri zun\u00e4chst Holzartikel (Kisten, Beh\u00e4lter usw.) f\u00fcr lokale Lebensmittelunternehmen. Unter dem Markennamen \u201ePirondini Italia\u201c erweiterte das Unternehmen sein Angebot auf den nationalen und internationalen Markt und bot Haushaltswaren und Accessoires an. Zur Entwicklung dieser neuen Produkte arbeitete das Unternehmen mit zahlreichen in Italien und im Ausland renommierten Designern und K\u00fcnstlern zusammen, darunter Riccardo Dalisi, Emilio Tadini, Andrea Branzi, Luca Scacchetti und Emanuele Luzzati. Das Unternehmen konzentriert sich derzeit insbesondere auf die Herstellung von Tisch- und Wanduhren sowie Kuckucksuhren.<\/p>\n<div>\n<div>\n<p>Klicken <a href=\"https:\/\/tuttostore.com\/de\/vendor\/arti-e-mestieri-s-n-c\/\">Hier<\/a> um alle Produkte von ARTI E MESTIERI SNC zu entdecken<\/p>\n<\/div>\n<\/div>\n<div>Klicken <a href=\"http:\/\/www.artiemestieri.it\/\">Hier <\/a>um die Homepage von ARTI E MESTIERI SNC zu besuchen<\/div>\n<\/div>","protected":false},"excerpt":{"rendered":"<p><strong><em>Die Blackbird-Kollektion \u201eDer Kuckuck des K\u00f6nigs\u201c<\/em><\/strong><\/p>\n<p>Wandkuckucksuhr<\/p>\n<p>Des. Irene Guerrieri<\/p>","protected":false},"featured_media":16166,"comment_status":"open","ping_status":"closed","template":"","meta":{"_acf_changed":false},"product_brand":[],"product_cat":[3907],"product_tag":[939,3577,3293],"class_list":{"0":"post-15314","1":"product","2":"type-product","3":"status-publish","4":"has-post-thumbnail","6":"product_cat-casa-e-ufficio","7":"product_tag-cucu","8":"product_tag-orologio","9":"product_tag-orologio-a-cucu","10":"product_shipping_class-arti-e-mestieri-snc","11":"pa_a-scelta-tra-bianco-e-nero","12":"pa_a-scelta-tra-giallo-e-nero","13":"pa_a-scelta-tra-verde-e-bianco","14":"pa_vendors-arti-e-mestieri-s-n-c","16":"first","17":"instock","18":"taxable","19":"shipping-taxable","20":"purchasable","21":"product-type-simple","swatches":"rey-swatches","show_selected":""},"acf":[],"_links":{"self":[{"href":"https:\/\/tuttostore.com\/de\/wp-json\/wp\/v2\/product\/15314","targetHints":{"allow":["GET"]}}],"collection":[{"href":"https:\/\/tuttostore.com\/de\/wp-json\/wp\/v2\/product"}],"about":[{"href":"https:\/\/tuttostore.com\/de\/wp-json\/wp\/v2\/types\/product"}],"replies":[{"embeddable":true,"href":"https:\/\/tuttostore.com\/de\/wp-json\/wp\/v2\/comments?post=15314"}],"wp:featuredmedia":[{"embeddable":true,"href":"https:\/\/tuttostore.com\/de\/wp-json\/wp\/v2\/media\/16166"}],"wp:attachment":[{"href":"https:\/\/tuttostore.com\/de\/wp-json\/wp\/v2\/media?parent=15314"}],"wp:term":[{"taxonomy":"product_brand","embeddable":true,"href":"https:\/\/tuttostore.com\/de\/wp-json\/wp\/v2\/product_brand?post=15314"},{"taxonomy":"product_cat","embeddable":true,"href":"https:\/\/tuttostore.com\/de\/wp-json\/wp\/v2\/product_cat?post=15314"},{"taxonomy":"product_tag","embeddable":true,"href":"https:\/\/tuttostore.com\/de\/wp-json\/wp\/v2\/product_tag?post=15314"}],"curies":[{"name":"wp","href":"https:\/\/api.w.org\/{rel}","templated":true}]}}