{"id":15321,"date":"2023-11-15T11:22:47","date_gmt":"2023-11-15T10:22:47","guid":{"rendered":"https:\/\/tuttostore.com\/prodotto\/hot-wheels-display-450\/"},"modified":"2025-08-25T15:28:47","modified_gmt":"2025-08-25T13:28:47","slug":"hot-wheels-display-450","status":"publish","type":"product","link":"https:\/\/tuttostore.com\/de\/produkt\/hot-wheels-display-450\/","title":{"rendered":"Hot Wheels Display 450g"},"content":{"rendered":"<h1>Hot Wheels Display 450g<\/h1>\n<p>HOT Wheels Display 450g<\/p>\n<p>Packung mit 15 Biskuitkuchen-Snacks, \u00fcberzogen mit Kakao und gef\u00fcllt mit frischer Vollmilch.<\/p>\n<div>\n<p><span style=\"color: #339966;\">Mindestbestellmenge: 4 Snackpackungen im Freddi Dolciaria E-Shop.<\/span><\/p>\n<p><strong><span style=\"color: red;\">NICHT F\u00dcR DEN VERKAUF AUSSERHALB DER EUROP\u00c4ISCHEN UNION<\/span><\/strong><\/p>\n<\/div>\n<div>\n<p>UNSER UNTERNEHMEN<\/p>\n<div>\n<div>Im Herzen von Castiglione delle Stiviere, die Geschichte der\u00a0<strong>Konditorei<\/strong>\u00a0Freddi beginnt im Jahr 1949.<br \/>\nDas von Luigi Freddi gegr\u00fcndete Unternehmen hat sich von einem lokalen Wahrzeichen zu einem erfolgreichen Industrieunternehmen entwickelt, das sowohl in Italien als auch im Ausland bekannt ist.<br \/>\nDie ikonische\u00a0<strong>Biskuit<\/strong>, ein Symbol der Tradition, wurde dank moderner Technologien neu erfunden.<br \/>\nUm die Anspr\u00fcche eines immer anspruchsvolleren Publikums zu erf\u00fcllen, legen wir seit jeher gro\u00dfen Wert auf die Verwendung hochwertiger Rohstoffe.<br \/>\nDieser Ansatz verbindet Innovation mit Exzellenz in\u00a0<strong>Tradition<\/strong>und schl\u00e4gt eine Br\u00fccke zwischen der Vergangenheit und der Zukunft der italienischen Konditorei.<br \/>\nFreddi f\u00fchrt das Erbe seiner Familienleidenschaft weiter und zeigt, dass es m\u00f6glich ist, sich weiterzuentwickeln und gleichzeitig seine Wurzeln zu bewahren.<\/div>\n<div>Was uns zu \u201eGro\u00dfartig in S\u00fc\u00dfe\u201c macht<\/div>\n<\/div>\n<p>Klicken <a href=\"https:\/\/tuttostore.com\/de\/vendor\/freddi-dolciaria-spa\/\">Hier<\/a> um alle Produkte von Freddi Dolciaria SpA zu entdecken<\/p>\n<div>Klicken <a href=\"https:\/\/www.freddi.it\/index\">Hier <\/a>um die Homepage von <span style=\"display: inline !important; float: none; background-color: transparent; color: #49616b; cursor: text; font-family: Georgia,'Times New Roman','Bitstream Charter',Times,serif; font-size: 16px; font-style: normal; font-variant: normal; font-weight: 400; letter-spacing: normal; orphans: 2; text-align: left; text-decoration: none; text-indent: 0px; text-transform: none; -webkit-text-stroke-width: 0px; white-space: normal; word-spacing: 0px;\">Freddi S\u00fc\u00dfwaren SpA<\/span><\/div>\n<\/div>","protected":false},"excerpt":{"rendered":"<p><strong>Hot Wheels Schokoriegel <\/strong><span style=\"color: #ff6600;\"><em>ARTIKEL DERZEIT NICHT VERF\u00dcGBAR<\/em><\/span><\/p>\n<p><b><span style=\"font-family: Verdana; font-size: small;\">Mindestbestellmenge 4 Packungen zur Auswahl aus dem gesamten Freddi-Sortiment.<\/span><\/b><\/p>\n<p>Gewicht: 450 Gramm.<\/p>\n<p><strong><span style=\"color: red;\">NICHT F\u00dcR DEN VERKAUF AUSSERHALB DER EUROP\u00c4ISCHEN UNION<\/span><\/strong><\/p>","protected":false},"featured_media":16232,"comment_status":"open","ping_status":"closed","template":"","meta":{"_acf_changed":false},"product_brand":[],"product_cat":[3887],"product_tag":[948,3424,3416,3425,962,3422,3418,3419,3420,49],"class_list":{"0":"post-15321","1":"product","2":"type-product","3":"status-publish","4":"has-post-thumbnail","6":"product_cat-alimentazione","7":"product_tag-cacao","8":"product_tag-chocomerenda","9":"product_tag-farcitura","10":"product_tag-hot-wheels","11":"product_tag-latte","12":"product_tag-latte-intero","13":"product_tag-merendina","14":"product_tag-omaggio","15":"product_tag-pan-di-spagna","16":"product_tag-snack","17":"product_shipping_class-freddi-dolciaria","18":"pa_vendors-freddi-dolciaria-spa","20":"first","21":"outofstock","22":"featured","23":"taxable","24":"shipping-taxable","25":"purchasable","26":"product-type-simple","swatches":"rey-swatches","show_selected":""},"acf":[],"_links":{"self":[{"href":"https:\/\/tuttostore.com\/de\/wp-json\/wp\/v2\/product\/15321","targetHints":{"allow":["GET"]}}],"collection":[{"href":"https:\/\/tuttostore.com\/de\/wp-json\/wp\/v2\/product"}],"about":[{"href":"https:\/\/tuttostore.com\/de\/wp-json\/wp\/v2\/types\/product"}],"replies":[{"embeddable":true,"href":"https:\/\/tuttostore.com\/de\/wp-json\/wp\/v2\/comments?post=15321"}],"wp:featuredmedia":[{"embeddable":true,"href":"https:\/\/tuttostore.com\/de\/wp-json\/wp\/v2\/media\/16232"}],"wp:attachment":[{"href":"https:\/\/tuttostore.com\/de\/wp-json\/wp\/v2\/media?parent=15321"}],"wp:term":[{"taxonomy":"product_brand","embeddable":true,"href":"https:\/\/tuttostore.com\/de\/wp-json\/wp\/v2\/product_brand?post=15321"},{"taxonomy":"product_cat","embeddable":true,"href":"https:\/\/tuttostore.com\/de\/wp-json\/wp\/v2\/product_cat?post=15321"},{"taxonomy":"product_tag","embeddable":true,"href":"https:\/\/tuttostore.com\/de\/wp-json\/wp\/v2\/product_tag?post=15321"}],"curies":[{"name":"wp","href":"https:\/\/api.w.org\/{rel}","templated":true}]}}