{"id":15322,"date":"2024-04-09T09:34:14","date_gmt":"2024-04-09T07:34:14","guid":{"rendered":"https:\/\/tuttostore.com\/prodotto\/orologio-a-cucu-stillo\/"},"modified":"2025-05-29T17:08:25","modified_gmt":"2025-05-29T15:08:25","slug":"orologio-a-cucu-stillo","status":"publish","type":"product","link":"https:\/\/tuttostore.com\/de\/produkt\/orologio-a-cucu-stillo\/","title":{"rendered":"STILL KUCKUCKSUHR"},"content":{"rendered":"<h1>STILL KUCKUCKSUHR<\/h1>\n<p>STILL KUCKUCKSUHR<\/p>\n<div>Stillo Kuckucksuhr<br \/>\nMaterial: Lackiertes MDF mit Aufdruck und Pendel aus Silikonkautschuk<\/div>\n<div>Abmessungen: cm L24 x H34 x T10<\/div>\n<div>Design: Ewald Winkelbauer<\/div>\n<div><\/div>\n<div>Eine Kuckucksuhr in Form eines Fu\u00dfballfeldes zum Aufh\u00e4ngen in Ihrem Zuhause.<\/div>\n<div>Der Hintergrund versetzt uns zur\u00fcck in die Natur, in das Gr\u00fcn unserer Wiesen und W\u00e4lder. Die Zeiger werden zu zwei Flaggen, die den Lauf der Zeit markieren. Die wahre Besonderheit ist jedoch die Bewegung des Pendels: ein kleiner Ball im Aus, der ein wahrhaft endloses Dribbling vollf\u00fchrt!<\/div>\n<div><\/div>\n<div><em>Lackiertes MDF mit Aufdruck und Pendel aus Silikonkautschuk<\/em><\/div>\n<div><em>Gr\u00f6\u00dfe: cm L24 x H34 x T10<\/em><\/div>\n<div><em>Von Ewald Winklbauer\u00a0<\/em><\/div>\n<div><\/div>\n<div><em>Eine Kuckucksuhr in Form eines Fu\u00dfballfeldes zum Aufh\u00e4ngen im Haus.\u00a0<\/em><\/div>\n<div><em>Der Hintergrund f\u00fchrt uns zur\u00fcck in die Natur, zum Gr\u00fcn unserer Wiesen, W\u00e4lder und Forste. Die Zeiger werden zu Flaggen, die den Lauf der Zeit markieren, aber die wahre Besonderheit ist die Bewegung des Pendels: ein kleiner Ball aus dem Feld, der sich in einem wirklich endlosen Dribbling zeigt!<\/em><\/div>\n<div>\n<p>UNSER UNTERNEHMEN<\/p>\n<p>Das Unternehmen wurde 1978 von Ambrogio Pirondini unter der Marke \u201eArti e Mestieri\u201c gegr\u00fcndet. Nach einer anf\u00e4nglichen Produktion von Holzartikeln (Kisten, Beh\u00e4lter usw.) f\u00fcr Lebensmittelunternehmen in der Region wandte sich Arti &amp; Mestieri in Zusammenarbeit mit seinem Bruder Giovanni, der am Polytechnikum in Mailand Architektur studierte, mit der Marke \u201ePirondini Italia\u201c dem nationalen und internationalen Markt zu und bot Gegenst\u00e4nde und Accessoires f\u00fcr das Zuhause an. F\u00fcr die Entwicklung dieser neuen Produkte konnte das Unternehmen auf die Zusammenarbeit zahlreicher in Italien und im Ausland bekannter Designer und K\u00fcnstler zur\u00fcckgreifen, darunter Riccardo Dalisi, Emilio Tadini, Andrea Branzi, Luca Scacchetti, Emanuele Luzzati usw. Derzeit konzentriert sich das Unternehmen haupts\u00e4chlich auf die Herstellung von Tisch- und Wanduhren sowie Kuckucksuhren.<\/p>\n<div>\n<div>\n<p>Klicken <a href=\"https:\/\/tuttostore.com\/de\/vendor\/arti-e-mestieri-s-n-c\/\">Hier<\/a> um alle Produkte von ARTI E MESTIERI SNC zu entdecken<\/p>\n<\/div>\n<\/div>\n<div>Klicken <a href=\"http:\/\/www.artiemestieri.it\/\">Hier <\/a>um die Homepage von ARTI E MESTIERI SNC zu besuchen<\/div>\n<\/div>","protected":false},"excerpt":{"rendered":"<p><strong>STILLO Kuckucksuhr<\/strong><\/p>\n<p>&nbsp;<\/p>","protected":false},"featured_media":16162,"comment_status":"open","ping_status":"closed","template":"","meta":{"_acf_changed":false},"product_brand":[],"product_cat":[3907],"product_tag":[3578],"class_list":{"0":"post-15322","1":"product","2":"type-product","3":"status-publish","4":"has-post-thumbnail","6":"product_cat-casa-e-ufficio","7":"product_tag-orologio-cucu","8":"product_shipping_class-arti-e-mestieri-snc","9":"pa_colore-verde","10":"pa_vendors-arti-e-mestieri-s-n-c","12":"first","13":"instock","14":"taxable","15":"shipping-taxable","16":"purchasable","17":"product-type-simple","swatches":"rey-swatches","show_selected":""},"acf":[],"_links":{"self":[{"href":"https:\/\/tuttostore.com\/de\/wp-json\/wp\/v2\/product\/15322","targetHints":{"allow":["GET"]}}],"collection":[{"href":"https:\/\/tuttostore.com\/de\/wp-json\/wp\/v2\/product"}],"about":[{"href":"https:\/\/tuttostore.com\/de\/wp-json\/wp\/v2\/types\/product"}],"replies":[{"embeddable":true,"href":"https:\/\/tuttostore.com\/de\/wp-json\/wp\/v2\/comments?post=15322"}],"wp:featuredmedia":[{"embeddable":true,"href":"https:\/\/tuttostore.com\/de\/wp-json\/wp\/v2\/media\/16162"}],"wp:attachment":[{"href":"https:\/\/tuttostore.com\/de\/wp-json\/wp\/v2\/media?parent=15322"}],"wp:term":[{"taxonomy":"product_brand","embeddable":true,"href":"https:\/\/tuttostore.com\/de\/wp-json\/wp\/v2\/product_brand?post=15322"},{"taxonomy":"product_cat","embeddable":true,"href":"https:\/\/tuttostore.com\/de\/wp-json\/wp\/v2\/product_cat?post=15322"},{"taxonomy":"product_tag","embeddable":true,"href":"https:\/\/tuttostore.com\/de\/wp-json\/wp\/v2\/product_tag?post=15322"}],"curies":[{"name":"wp","href":"https:\/\/api.w.org\/{rel}","templated":true}]}}