{"id":15323,"date":"2024-10-23T07:07:05","date_gmt":"2024-10-23T05:07:05","guid":{"rendered":"https:\/\/tuttostore.com\/prodotto\/merendina-al-gusto-baileys-195g\/"},"modified":"2025-07-11T10:08:55","modified_gmt":"2025-07-11T08:08:55","slug":"merendina-al-gusto-baileys-195g","status":"publish","type":"product","link":"https:\/\/tuttostore.com\/de\/produkt\/merendina-al-gusto-baileys-195g\/","title":{"rendered":"Baileys\u2122 Irish Cream Cake 195g"},"content":{"rendered":"<h1>Aromatisierter Snack <b data-olk-copy-source=\"MessageBody\">Baileys<\/b>\u2122 195 g<\/h1>\n<p>Snack \u00fcberzogen und dekoriert mit Kakao und einer cremigen F\u00fcllung <b data-olk-copy-source=\"MessageBody\">Baileys<\/b>\u2122<\/p>\n<div>\n<p><strong><span style=\"margin: 0px; color: #49616b; font-family: 'Georgia',serif;\">Snack bei <b data-olk-copy-source=\"MessageBody\">Baileys<\/b>\u2122 195 g<\/span><\/strong><\/p>\n<p>Box mit 5 Kakao-Biskuit-Snacks mit aromatisierter F\u00fcllung <b data-olk-copy-source=\"MessageBody\">Baileys<\/b>\u2122<br \/>\n195 g (5 einzeln verpackte Snacks \u00e0 39 g)<\/p>\n<p><span data-olk-copy-source=\"MessageBody\"><strong>Baileys Irish Cream Cake<\/strong><br \/>\n<\/span>Karton mit 5 Kakao-Biskuit-Snacks mit Baileys\u2122-Geschmacksf\u00fcllung<br \/>\n195 g (5 einzeln verpackte Snacks \u00e0 39 g)<\/p>\n<p>&nbsp;<\/p>\n<p><strong><span style=\"color: red;\">NICHT F\u00dcR DEN VERKAUF AUSSERHALB DER EUROP\u00c4ISCHEN UNION<\/span><\/strong><\/p>\n<p>&nbsp;<\/p>\n<p><span style=\"margin: 0px; color: #49616b; font-family: 'Georgia',serif;\">UNSER UNTERNEHMEN<\/span><\/p>\n<div>Im Herzen von Castiglione delle Stiviere, die Geschichte der\u00a0<strong>Konditorei<\/strong>\u00a0Freddi beginnt im Jahr 1949.<br \/>\nDas von Luigi Freddi gegr\u00fcndete Unternehmen hat sich von einem lokalen Wahrzeichen zu einem erfolgreichen Industrieunternehmen entwickelt, das sowohl in Italien als auch im Ausland bekannt ist.<br \/>\nDie ikonische\u00a0<strong>Biskuit<\/strong>, ein Symbol der Tradition, wurde dank moderner Technologien neu erfunden.<br \/>\nUm die Anspr\u00fcche eines immer anspruchsvolleren Publikums zu erf\u00fcllen, legen wir seit jeher gro\u00dfen Wert auf die Verwendung hochwertiger Rohstoffe.<br \/>\nDieser Ansatz verbindet Innovation mit Exzellenz in\u00a0<strong>Tradition<\/strong>und schl\u00e4gt eine Br\u00fccke zwischen der Vergangenheit und der Zukunft der italienischen Konditorei.<br \/>\nFreddi f\u00fchrt das Erbe seiner Familienleidenschaft weiter und zeigt, dass es m\u00f6glich ist, sich weiterzuentwickeln und gleichzeitig seine Wurzeln zu bewahren.<\/div>\n<div>Was uns zu \u201eGro\u00dfartig in S\u00fc\u00dfe\u201c macht<\/div>\n<\/div>\n<div>\n<p>&nbsp;<\/p>\n<div>\n<div>\n<p>Klicken <a href=\"https:\/\/tuttostore.com\/de\/vendor\/freddi-dolciaria-spa\/\">Hier<\/a> um alle Produkte von Freddi Dolciaria SpA zu entdecken<\/p>\n<\/div>\n<\/div>\n<div>Klicken <a href=\"https:\/\/www.freddi.it\/index\">Hier <\/a>um die Homepage von <span style=\"display: inline !important; float: none; background-color: transparent; color: #49616b; cursor: text; font-family: Georgia,'Times New Roman','Bitstream Charter',Times,serif; font-size: 16px; font-style: normal; font-variant: normal; font-weight: 400; letter-spacing: normal; orphans: 2; text-align: left; text-decoration: none; text-indent: 0px; text-transform: none; -webkit-text-stroke-width: 0px; white-space: normal; word-spacing: 0px;\"> Freddi S\u00fc\u00dfwaren SpA<\/span><\/div>\n<\/div>","protected":false},"excerpt":{"rendered":"<p><b><span style=\"font-family: Verdana; font-size: small;\">Mindestbestellmenge 4 Packungen zur Auswahl aus dem gesamten Freddi-Sortiment.<\/span><\/b><\/p>\n<p>Nettogewicht: 195 g<\/p>\n<p><strong><span style=\"color: red;\">NICHT F\u00dcR DEN VERKAUF AUSSERHALB DER EUROP\u00c4ISCHEN UNION<\/span><\/strong><\/p>","protected":false},"featured_media":16223,"comment_status":"open","ping_status":"closed","template":"","meta":{"_acf_changed":false},"product_brand":[],"product_cat":[3887],"product_tag":[3872,3873,948,983,3874,3495,3875],"class_list":{"0":"post-15323","1":"product","2":"type-product","3":"status-publish","4":"has-post-thumbnail","6":"product_cat-alimentazione","7":"product_tag-baileys","8":"product_tag-brioches","9":"product_tag-cacao","10":"product_tag-cioccolato","11":"product_tag-dolcetti","12":"product_tag-freddidolciaria","13":"product_tag-merendine","14":"product_shipping_class-freddi-dolciaria","15":"pa_vendors-freddi-dolciaria-spa","17":"first","18":"instock","19":"featured","20":"taxable","21":"shipping-taxable","22":"purchasable","23":"product-type-simple","swatches":"rey-swatches","show_selected":""},"acf":[],"_links":{"self":[{"href":"https:\/\/tuttostore.com\/de\/wp-json\/wp\/v2\/product\/15323","targetHints":{"allow":["GET"]}}],"collection":[{"href":"https:\/\/tuttostore.com\/de\/wp-json\/wp\/v2\/product"}],"about":[{"href":"https:\/\/tuttostore.com\/de\/wp-json\/wp\/v2\/types\/product"}],"replies":[{"embeddable":true,"href":"https:\/\/tuttostore.com\/de\/wp-json\/wp\/v2\/comments?post=15323"}],"wp:featuredmedia":[{"embeddable":true,"href":"https:\/\/tuttostore.com\/de\/wp-json\/wp\/v2\/media\/16223"}],"wp:attachment":[{"href":"https:\/\/tuttostore.com\/de\/wp-json\/wp\/v2\/media?parent=15323"}],"wp:term":[{"taxonomy":"product_brand","embeddable":true,"href":"https:\/\/tuttostore.com\/de\/wp-json\/wp\/v2\/product_brand?post=15323"},{"taxonomy":"product_cat","embeddable":true,"href":"https:\/\/tuttostore.com\/de\/wp-json\/wp\/v2\/product_cat?post=15323"},{"taxonomy":"product_tag","embeddable":true,"href":"https:\/\/tuttostore.com\/de\/wp-json\/wp\/v2\/product_tag?post=15323"}],"curies":[{"name":"wp","href":"https:\/\/api.w.org\/{rel}","templated":true}]}}