{"id":15329,"date":"2025-01-08T14:54:44","date_gmt":"2025-01-08T13:54:44","guid":{"rendered":"https:\/\/tuttostore.com\/prodotto\/roll-festa-della-donna\/"},"modified":"2025-07-11T10:08:53","modified_gmt":"2025-07-11T08:08:53","slug":"roll-festa-della-donna","status":"publish","type":"product","link":"https:\/\/tuttostore.com\/de\/produkt\/roll-festa-della-donna\/","title":{"rendered":"Rollfrauentag"},"content":{"rendered":"<h1>Rollfrauentag<\/h1>\n<p>Rollfrauentag<\/p>\n<div>\n<p>Weiche Biskuitrolle mit zarter Schokoladenf\u00fcllung <strong>Frische Vollmilch<\/strong>Bedeckt mit Flocken von <strong>Wei\u00dfe Schokolade<\/strong>. 300 g im Etui mit Tragegriff \u2013 Geschenkbox.<\/p>\n<p><span style=\"color: #339966;\">Mindestbestellmenge: 4 Snackpackungen im Freddi Dolciaria E-Shop.<\/span><\/p>\n<p><strong><span style=\"color: red;\">NICHT F\u00dcR DEN VERKAUF AUSSERHALB DER EUROP\u00c4ISCHEN UNION<\/span><\/strong><\/p>\n<\/div>\n<div>\n<p>UNSER UNTERNEHMEN<\/p>\n<div>\n<div>Im Herzen von Castiglione delle Stiviere, die Geschichte der\u00a0<strong>Konditorei<\/strong>\u00a0Freddi beginnt im Jahr 1949.<br \/>\nDas von Luigi Freddi gegr\u00fcndete Unternehmen hat sich von einem lokalen Wahrzeichen zu einem erfolgreichen Industrieunternehmen entwickelt, das sowohl in Italien als auch im Ausland bekannt ist.<br \/>\nDie ikonische\u00a0<strong>Biskuit<\/strong>, ein Symbol der Tradition, wurde dank moderner Technologien neu erfunden.<br \/>\nUm die Anspr\u00fcche eines immer anspruchsvolleren Publikums zu erf\u00fcllen, legen wir seit jeher gro\u00dfen Wert auf die Verwendung hochwertiger Rohstoffe.<br \/>\nDieser Ansatz verbindet Innovation mit Exzellenz in\u00a0<strong>Tradition<\/strong>und schl\u00e4gt eine Br\u00fccke zwischen der Vergangenheit und der Zukunft der italienischen Konditorei.<br \/>\nFreddi f\u00fchrt das Erbe seiner Familienleidenschaft weiter und zeigt, dass es m\u00f6glich ist, sich weiterzuentwickeln und gleichzeitig seine Wurzeln zu bewahren.<\/div>\n<div>Was uns zu \u201eGro\u00dfartig in S\u00fc\u00dfe\u201c macht<\/div>\n<\/div>\n<p>Klicken <a href=\"https:\/\/tuttostore.com\/de\/vendor\/freddi-dolciaria-spa\/\">Hier<\/a> um alle Produkte von Freddi Dolciaria SpA zu entdecken<\/p>\n<div>Klicken <a href=\"https:\/\/www.freddi.it\/index\">Hier <\/a>um die Homepage von <span style=\"display: inline !important; float: none; background-color: transparent; color: #49616b; cursor: text; font-family: Georgia,'Times New Roman','Bitstream Charter',Times,serif; font-size: 16px; font-style: normal; font-variant: normal; font-weight: 400; letter-spacing: normal; orphans: 2; text-align: left; text-decoration: none; text-indent: 0px; text-transform: none; -webkit-text-stroke-width: 0px; white-space: normal; word-spacing: 0px;\">Freddi S\u00fc\u00dfwaren SpA<\/span><\/div>\n<\/div>","protected":false},"excerpt":{"rendered":"<p><strong>Rollfrauentag<\/strong><\/p>\n<p><b><span style=\"font-family: Verdana; font-size: small;\">Mindestbestellmenge 4 Packungen zur Auswahl aus dem gesamten Freddi-Sortiment.<\/span><\/b><\/p>\n<p>Gewicht: 300 Gramm.<\/p>\n<p><strong><span style=\"color: red;\">NICHT F\u00dcR DEN VERKAUF AUSSERHALB DER EUROP\u00c4ISCHEN UNION<\/span><\/strong><\/p>","protected":false},"featured_media":16237,"comment_status":"open","ping_status":"closed","template":"","meta":{"_acf_changed":false},"product_brand":[],"product_cat":[3887],"product_tag":[948,995,3416,3418,3428,3419,3420,49,984,3431],"class_list":{"0":"post-15329","1":"product","2":"type-product","3":"status-publish","4":"has-post-thumbnail","6":"product_cat-alimentazione","7":"product_tag-cacao","8":"product_tag-cioccolato-bianco","9":"product_tag-farcitura","10":"product_tag-merendina","11":"product_tag-nocciola","12":"product_tag-omaggio","13":"product_tag-pan-di-spagna","14":"product_tag-snack","15":"product_tag-swiss-roll","16":"product_tag-swiss-roll-nuss-cao","17":"product_shipping_class-freddi-dolciaria","18":"pa_vendors-freddi-dolciaria-spa","20":"first","21":"instock","22":"taxable","23":"shipping-taxable","24":"purchasable","25":"product-type-simple","swatches":"rey-swatches","show_selected":""},"acf":[],"_links":{"self":[{"href":"https:\/\/tuttostore.com\/de\/wp-json\/wp\/v2\/product\/15329","targetHints":{"allow":["GET"]}}],"collection":[{"href":"https:\/\/tuttostore.com\/de\/wp-json\/wp\/v2\/product"}],"about":[{"href":"https:\/\/tuttostore.com\/de\/wp-json\/wp\/v2\/types\/product"}],"replies":[{"embeddable":true,"href":"https:\/\/tuttostore.com\/de\/wp-json\/wp\/v2\/comments?post=15329"}],"wp:featuredmedia":[{"embeddable":true,"href":"https:\/\/tuttostore.com\/de\/wp-json\/wp\/v2\/media\/16237"}],"wp:attachment":[{"href":"https:\/\/tuttostore.com\/de\/wp-json\/wp\/v2\/media?parent=15329"}],"wp:term":[{"taxonomy":"product_brand","embeddable":true,"href":"https:\/\/tuttostore.com\/de\/wp-json\/wp\/v2\/product_brand?post=15329"},{"taxonomy":"product_cat","embeddable":true,"href":"https:\/\/tuttostore.com\/de\/wp-json\/wp\/v2\/product_cat?post=15329"},{"taxonomy":"product_tag","embeddable":true,"href":"https:\/\/tuttostore.com\/de\/wp-json\/wp\/v2\/product_tag?post=15329"}],"curies":[{"name":"wp","href":"https:\/\/api.w.org\/{rel}","templated":true}]}}