{"id":15332,"date":"2025-01-08T15:31:45","date_gmt":"2025-01-08T14:31:45","guid":{"rendered":"https:\/\/tuttostore.com\/prodotto\/roll-festa-della-mamma\/"},"modified":"2025-07-11T10:03:24","modified_gmt":"2025-07-11T08:03:24","slug":"roll-festa-della-mamma","status":"publish","type":"product","link":"https:\/\/tuttostore.com\/de\/produkt\/roll-festa-della-mamma\/","title":{"rendered":"Muttertagsrolle"},"content":{"rendered":"<h1>Muttertagsrolle<\/h1>\n<p><strong>Muttertagsrolle<\/strong><\/p>\n<p>Weiche Biskuitrolle mit reichhaltiger F\u00fcllung\u00a0<strong>Kakao<\/strong>Bedeckt mit <strong>Kekskr\u00fcmel.<\/strong> 300 g im Etui mit Tragegriff \u2013 Geschenkbox.<\/p>\n<div>\n<p><span style=\"color: #339966;\">Mindestbestellmenge: 4 Snackpackungen im Freddi Dolciaria E-Shop.<\/span><\/p>\n<p><strong><span style=\"color: red;\">NICHT F\u00dcR DEN VERKAUF AUSSERHALB DER EUROP\u00c4ISCHEN UNION<\/span><\/strong><\/p>\n<\/div>\n<div>\n<p>UNSER UNTERNEHMEN<\/p>\n<div>\n<div>\n<p>Im Herzen von Castiglione delle Stiviere begann 1949 die Geschichte der Konditorei Freddi.<br \/>\nDas von Luigi Freddi gegr\u00fcndete Unternehmen hat sich von einem lokalen Wahrzeichen zu einem erfolgreichen Industrieunternehmen entwickelt, das sowohl in Italien als auch im Ausland bekannt ist.<br \/>\nDer kultige Biskuitkuchen, ein Symbol der Tradition, wurde dank moderner Technologie neu erfunden.<br \/>\nUm die Anspr\u00fcche eines immer anspruchsvolleren Publikums zu erf\u00fcllen, legen wir seit jeher gro\u00dfen Wert auf die Verwendung hochwertiger Rohstoffe.<br \/>\nDieser Ansatz verbindet Innovation mit traditioneller Exzellenz und schl\u00e4gt eine Br\u00fccke zwischen der Vergangenheit und der Zukunft der italienischen Konditorei.<br \/>\nFreddi f\u00fchrt das Erbe seiner Familienleidenschaft weiter und zeigt, dass es m\u00f6glich ist, sich weiterzuentwickeln und gleichzeitig seine Wurzeln zu bewahren.<br \/>\nWas uns zu \u201eGro\u00dfartig in S\u00fc\u00dfe\u201c macht<\/p>\n<p>Klicken <a href=\"https:\/\/tuttostore.com\/de\/vendor\/freddi-dolciaria-spa\/\">Hier<\/a> um alle Produkte von Freddi Dolciaria SpA zu entdecken<\/p>\n<\/div>\n<\/div>\n<div>Klicken <a href=\"https:\/\/www.freddi.it\/index\">Hier <\/a>um die Homepage von <span style=\"display: inline !important; float: none; background-color: transparent; color: #49616b; cursor: text; font-family: Georgia,'Times New Roman','Bitstream Charter',Times,serif; font-size: 16px; font-style: normal; font-variant: normal; font-weight: 400; letter-spacing: normal; orphans: 2; text-align: left; text-decoration: none; text-indent: 0px; text-transform: none; -webkit-text-stroke-width: 0px; white-space: normal; word-spacing: 0px;\">Freddi S\u00fc\u00dfwaren SpA<\/span><\/div>\n<\/div>","protected":false},"excerpt":{"rendered":"<p><strong>Muttertagsrolle<\/strong><\/p>\n<p><b><span style=\"font-family: Verdana; font-size: small;\">Mindestbestellmenge 4 Packungen zur Auswahl aus dem gesamten Freddi-Sortiment.<\/span><\/b><\/p>\n<p>Gewicht: 300 Gramm.<\/p>\n<p><strong><span style=\"color: red;\">NICHT F\u00dcR DEN VERKAUF AUSSERHALB DER EUROP\u00c4ISCHEN UNION<\/span><\/strong><\/p>","protected":false},"featured_media":19034,"comment_status":"open","ping_status":"closed","template":"","meta":{"_acf_changed":false},"product_brand":[],"product_cat":[3887],"product_tag":[948,995,3416,3418,3428,3419,3420,49,984,3431],"class_list":{"0":"post-15332","1":"product","2":"type-product","3":"status-publish","4":"has-post-thumbnail","6":"product_cat-alimentazione","7":"product_tag-cacao","8":"product_tag-cioccolato-bianco","9":"product_tag-farcitura","10":"product_tag-merendina","11":"product_tag-nocciola","12":"product_tag-omaggio","13":"product_tag-pan-di-spagna","14":"product_tag-snack","15":"product_tag-swiss-roll","16":"product_tag-swiss-roll-nuss-cao","17":"product_shipping_class-freddi-dolciaria","18":"pa_vendors-freddi-dolciaria-spa","20":"first","21":"instock","22":"taxable","23":"shipping-taxable","24":"purchasable","25":"product-type-simple","swatches":"rey-swatches","show_selected":""},"acf":[],"_links":{"self":[{"href":"https:\/\/tuttostore.com\/de\/wp-json\/wp\/v2\/product\/15332","targetHints":{"allow":["GET"]}}],"collection":[{"href":"https:\/\/tuttostore.com\/de\/wp-json\/wp\/v2\/product"}],"about":[{"href":"https:\/\/tuttostore.com\/de\/wp-json\/wp\/v2\/types\/product"}],"replies":[{"embeddable":true,"href":"https:\/\/tuttostore.com\/de\/wp-json\/wp\/v2\/comments?post=15332"}],"wp:featuredmedia":[{"embeddable":true,"href":"https:\/\/tuttostore.com\/de\/wp-json\/wp\/v2\/media\/19034"}],"wp:attachment":[{"href":"https:\/\/tuttostore.com\/de\/wp-json\/wp\/v2\/media?parent=15332"}],"wp:term":[{"taxonomy":"product_brand","embeddable":true,"href":"https:\/\/tuttostore.com\/de\/wp-json\/wp\/v2\/product_brand?post=15332"},{"taxonomy":"product_cat","embeddable":true,"href":"https:\/\/tuttostore.com\/de\/wp-json\/wp\/v2\/product_cat?post=15332"},{"taxonomy":"product_tag","embeddable":true,"href":"https:\/\/tuttostore.com\/de\/wp-json\/wp\/v2\/product_tag?post=15332"}],"curies":[{"name":"wp","href":"https:\/\/api.w.org\/{rel}","templated":true}]}}