{"id":15334,"date":"2025-04-03T07:24:23","date_gmt":"2025-04-03T05:24:23","guid":{"rendered":"https:\/\/tuttostore.com\/prodotto\/orologio-da-parete-bilogio\/"},"modified":"2025-05-15T15:12:19","modified_gmt":"2025-05-15T13:12:19","slug":"orologio-da-parete-bilogio","status":"publish","type":"product","link":"https:\/\/tuttostore.com\/de\/produkt\/orologio-da-parete-bilogio\/","title":{"rendered":"BILOGIO WANDUHR"},"content":{"rendered":"<h1>BILOGIO WANDUHR<\/h1>\n<p>BILOGIO WANDUHR<\/p>\n<div>Lackiertes Metall rechtwinklig gebogen \u2013 Doppelmechanismus<\/div>\n<div>Abmessungen: cm L30 x H45 x T23<\/div>\n<div>Design: Paolo D&#039;Ippolito<\/div>\n<div>Verpackung: Karton<\/div>\n<div><\/div>\n<div><\/div>\n<div>Wanduhr aus perforiertem, gefaltetem und lackiertem Blech. Der 45\u00b0-Winkel erm\u00f6glicht das Ablesen der Uhrzeit aus verschiedenen Winkeln und ist auch aus der Ferne, beispielsweise im Flur, gut sichtbar. Die Stunden werden durch quadratische L\u00f6cher angezeigt, mit Ausnahme der Kardinalstunden, die nummeriert, aber dennoch organisch in das Blech eingearbeitet sind. Die einfache Wandmontage und die zarten Farben machen sie zu einem vielseitigen Accessoire, ideal f\u00fcr gro\u00dfe oder helle R\u00e4ume.<\/div>\n<div><\/div>\n<div><\/div>\n<div><\/div>\n<div><em>Lackiertes Metall rechtwinklig gebogen \u2013 Doppelmechanismus<\/em><\/div>\n<div>Gr\u00f6\u00dfe: cm L 30 x H 45 x T 23<\/div>\n<div>des. Paolo D&#039;Ippolito<\/div>\n<div>Verpackung: Karton<\/div>\n<div><\/div>\n<div><\/div>\n<div>Wanduhr aus perforiertem, gebogenem und lackiertem Blech. Die 45\u00b0-Kr\u00fcmmung erm\u00f6glicht das Ablesen der Uhrzeit aus verschiedenen Winkeln und ist auch aus der Ferne gut sichtbar, beispielsweise im Flur. Die Stunden werden durch quadratische L\u00f6cher angezeigt, mit Ausnahme der Kardinalstunden, die nummeriert, aber stets organisch in das Blech eingearbeitet sind. Die einfache Befestigung an der Wand und die zarten Farben machen sie zu einem vielseitigen Accessoire und ideal f\u00fcr gro\u00dfe oder helle R\u00e4ume.<\/div>\n<div><\/div>\n<div><\/div>\n<div>\n<p>UNSER UNTERNEHMEN<\/p>\n<p>Das Unternehmen wurde 1978 von Ambrogio Pirondini unter der Marke \u201eArti e Mestieri\u201c gegr\u00fcndet. Nach einer anf\u00e4nglichen Produktion von Holzartikeln (Kisten, Beh\u00e4lter usw.) f\u00fcr Lebensmittelunternehmen in der Region wandte sich Arti &amp; Mestieri in Zusammenarbeit mit seinem Bruder Giovanni, der am Polytechnikum in Mailand Architektur studierte, mit der Marke \u201ePirondini Italia\u201c dem nationalen und internationalen Markt zu und bot Gegenst\u00e4nde und Accessoires f\u00fcr das Zuhause an. F\u00fcr die Entwicklung dieser neuen Produkte konnte das Unternehmen auf die Zusammenarbeit zahlreicher in Italien und im Ausland bekannter Designer und K\u00fcnstler zur\u00fcckgreifen, darunter Riccardo Dalisi, Emilio Tadini, Andrea Branzi, Luca Scacchetti, Emanuele Luzzati usw. Derzeit konzentriert sich das Unternehmen haupts\u00e4chlich auf die Herstellung von Tisch- und Wanduhren sowie Kuckucksuhren.<\/p>\n<div>\n<div>\n<p>Klicken <a href=\"https:\/\/tuttostore.com\/de\/vendor\/arti-e-mestieri-s-n-c\/\">Hier<\/a> um alle Produkte von ARTI E MESTIERI SNC zu entdecken<\/p>\n<\/div>\n<\/div>\n<div>Klicken <a href=\"http:\/\/www.artiemestieri.it\/\">Hier <\/a>um die Homepage von ARTI E MESTIERI SNC zu besuchen<\/div>\n<\/div>","protected":false},"excerpt":{"rendered":"<p><strong>BILOGIO WANDUHR<\/strong><\/p>\n<p>&nbsp;<\/p>","protected":false},"featured_media":15394,"comment_status":"open","ping_status":"closed","template":"","meta":{"_acf_changed":false},"product_brand":[],"product_cat":[3907],"product_tag":[3531],"class_list":{"0":"post-15334","1":"product","2":"type-product","3":"status-publish","4":"has-post-thumbnail","6":"product_cat-casa-e-ufficio","7":"product_tag-orologio-da-parete","8":"product_shipping_class-arti-e-mestieri-snc","9":"pa_colore-blu","10":"pa_colore-ciano","11":"pa_vendors-arti-e-mestieri-s-n-c","13":"first","14":"instock","15":"taxable","16":"shipping-taxable","17":"purchasable","18":"product-type-variable","swatches":"rey-swatches","show_selected":""},"acf":[],"_links":{"self":[{"href":"https:\/\/tuttostore.com\/de\/wp-json\/wp\/v2\/product\/15334","targetHints":{"allow":["GET"]}}],"collection":[{"href":"https:\/\/tuttostore.com\/de\/wp-json\/wp\/v2\/product"}],"about":[{"href":"https:\/\/tuttostore.com\/de\/wp-json\/wp\/v2\/types\/product"}],"replies":[{"embeddable":true,"href":"https:\/\/tuttostore.com\/de\/wp-json\/wp\/v2\/comments?post=15334"}],"wp:featuredmedia":[{"embeddable":true,"href":"https:\/\/tuttostore.com\/de\/wp-json\/wp\/v2\/media\/15394"}],"wp:attachment":[{"href":"https:\/\/tuttostore.com\/de\/wp-json\/wp\/v2\/media?parent=15334"}],"wp:term":[{"taxonomy":"product_brand","embeddable":true,"href":"https:\/\/tuttostore.com\/de\/wp-json\/wp\/v2\/product_brand?post=15334"},{"taxonomy":"product_cat","embeddable":true,"href":"https:\/\/tuttostore.com\/de\/wp-json\/wp\/v2\/product_cat?post=15334"},{"taxonomy":"product_tag","embeddable":true,"href":"https:\/\/tuttostore.com\/de\/wp-json\/wp\/v2\/product_tag?post=15334"}],"curies":[{"name":"wp","href":"https:\/\/api.w.org\/{rel}","templated":true}]}}